{"id":814,"date":"2023-11-24T08:22:39","date_gmt":"2023-11-24T08:22:39","guid":{"rendered":"https:\/\/chainsmanufacturer.com\/?post_type=product&#038;p=814"},"modified":"2025-01-07T04:30:35","modified_gmt":"2025-01-07T04:30:35","slug":"light-fixture-chain","status":"publish","type":"product","link":"https:\/\/chainsmanufacturer.com\/tr\/urun\/light-fixture-chain\/","title":{"rendered":"I\u015f\u0131k Fikst\u00fcr Zinciri"},"content":{"rendered":"<ul>\n<li data-sourcepos=\"18:1-18:247\"><em>\u00d6zelle\u015ftirilebilir ayd\u0131nlatma armat\u00fcr\u00fc zincirlerimizle ev dekorunuzu y\u00fckseltin. M\u00fckemmel ambiyans\u0131 yaratmak i\u00e7in sark\u0131t lambalar\u0131n\u0131z\u0131n ve avizelerinizin y\u00fcksekli\u011fini kolayca ayarlay\u0131n. Her dekora uyacak \u00e7ok \u00e7e\u015fitli stil ve kaplamalar mevcuttur.<\/em><\/li>\n<li data-sourcepos=\"19:1-19:109\">\u00a0<em>Ayd\u0131nlatma armat\u00fcr\u00fc zincirlerimiz dayan\u0131kl\u0131, y\u00fcksek kaliteli malzemelerden \u00fcretilmi\u015ftir ve kurulumu kolayd\u0131r.<\/em><\/li>\n<li>\u00a0<em>Ayd\u0131nlatma armat\u00fcr\u00fc zincirinin uzunlu\u011funu ayarlayabilir miyim? Evet, zincirlerimiz \u00e7e\u015fitli tavan y\u00fcksekliklerine ve ayd\u0131nlatma armat\u00fcrlerine uyum sa\u011flamak i\u00e7in tamamen ayarlanabilir.<\/em><\/li>\n<li><\/li>\n<li data-sourcepos=\"7:1-7:159\"><strong>\u00d6zelle\u015ftirme:<\/strong> Zincir uzunlu\u011funu ayarlayarak ve \u00e7e\u015fitli y\u00fczeyler aras\u0131ndan se\u00e7im yaparak ger\u00e7ekten ki\u015fiselle\u015ftirilmi\u015f bir ayd\u0131nlatma deneyimi yaratma becerisini vurgulay\u0131n.<\/li>\n<li data-sourcepos=\"8:1-8:117\"><strong>\u00c7ok y\u00f6nl\u00fcl\u00fck:<\/strong> Zincirlerin modernden rusti\u011fe kadar tamamlayabilece\u011fi \u00e7ok \u00e7e\u015fitli i\u00e7 mekan stillerini vurgulay\u0131n.<\/li>\n<li data-sourcepos=\"9:1-9:116\"><strong>Dayan\u0131kl\u0131l\u0131k:<\/strong> Y\u00fcksek kaliteli malzeme ve yap\u0131dan bahsederek m\u00fc\u015fterilere \u00fcr\u00fcn\u00fcn uzun \u00f6m\u00fcrl\u00fc olaca\u011f\u0131na dair g\u00fcvence verin.<\/li>\n<li data-sourcepos=\"10:1-10:95\"><strong>Kolay Kurulum:<\/strong> Zincirlerin tak\u0131lmas\u0131n\u0131n basit bir s\u00fcre\u00e7 oldu\u011funu a\u00e7\u0131k\u00e7a belirtin.<\/li>\n<li data-sourcepos=\"11:1-12:0\"><strong>G\u00fcvenlik:<\/strong> Zincirler g\u00fcvenlidir ve ilgili t\u00fcm g\u00fcvenlik standartlar\u0131n\u0131 kar\u015f\u0131lamaktad\u0131r.<\/li>\n<\/ul>","protected":false},"excerpt":{"rendered":"<p>Elevate your home decor with our customizable light fixture chains. Easily adjust the height of your pendant lights and chandeliers to create the perfect ambiance. Available in a wide range of styles and finishes to suit any decor. \u00a0Our light fixture chains are made from durable, high-quality materials and are easy to install. \u00a0Can I [&hellip;]<\/p>","protected":false},"featured_media":1853,"template":"","meta":{"site-sidebar-layout":"default","site-content-layout":"","ast-site-content-layout":"default","site-content-style":"default","site-sidebar-style":"default","ast-global-header-display":"","ast-banner-title-visibility":"","ast-main-header-display":"","ast-hfb-above-header-display":"","ast-hfb-below-header-display":"","ast-hfb-mobile-header-display":"","site-post-title":"","ast-breadcrumbs-content":"","ast-featured-img":"","footer-sml-layout":"","theme-transparent-header-meta":"default","adv-header-id-meta":"","stick-header-meta":"","header-above-stick-meta":"","header-main-stick-meta":"","header-below-stick-meta":"","astra-migrate-meta-layouts":"set","ast-page-background-enabled":"default","ast-page-background-meta":{"desktop":{"background-color":"","background-image":"","background-repeat":"repeat","background-position":"center center","background-size":"auto","background-attachment":"scroll","background-type":"","background-media":"","overlay-type":"","overlay-color":"","overlay-opacity":"","overlay-gradient":""},"tablet":{"background-color":"","background-image":"","background-repeat":"repeat","background-position":"center center","background-size":"auto","background-attachment":"scroll","background-type":"","background-media":"","overlay-type":"","overlay-color":"","overlay-opacity":"","overlay-gradient":""},"mobile":{"background-color":"","background-image":"","background-repeat":"repeat","background-position":"center center","background-size":"auto","background-attachment":"scroll","background-type":"","background-media":"","overlay-type":"","overlay-color":"","overlay-opacity":"","overlay-gradient":""}},"ast-content-background-meta":{"desktop":{"background-color":"var(--ast-global-color-5)","background-image":"","background-repeat":"repeat","background-position":"center center","background-size":"auto","background-attachment":"scroll","background-type":"","background-media":"","overlay-type":"","overlay-color":"","overlay-opacity":"","overlay-gradient":""},"tablet":{"background-color":"var(--ast-global-color-5)","background-image":"","background-repeat":"repeat","background-position":"center center","background-size":"auto","background-attachment":"scroll","background-type":"","background-media":"","overlay-type":"","overlay-color":"","overlay-opacity":"","overlay-gradient":""},"mobile":{"background-color":"var(--ast-global-color-5)","background-image":"","background-repeat":"repeat","background-position":"center center","background-size":"auto","background-attachment":"scroll","background-type":"","background-media":"","overlay-type":"","overlay-color":"","overlay-opacity":"","overlay-gradient":""}}},"product_brand":[],"product_cat":[44],"product_tag":[],"class_list":{"0":"post-814","1":"product","2":"type-product","3":"status-publish","4":"has-post-thumbnail","6":"product_cat-other-chain","7":"desktop-align-center","8":"tablet-align-left","9":"mobile-align-left","11":"first","12":"instock","13":"shipping-taxable","14":"product-type-simple"},"yoast_head":"<!-- This site is optimized with the Yoast SEO plugin v25.9 - https:\/\/yoast.com\/wordpress\/plugins\/seo\/ -->\n<title>Light Fixture Chain - chains manufacturer<\/title>\n<meta name=\"description\" content=\"Elevate your home decor with our stylish light fixture chains. Easily adjust your lighting to create the perfect ambiance.\" \/>\n<meta name=\"robots\" content=\"index, follow, max-snippet:-1, max-image-preview:large, max-video-preview:-1\" \/>\n<link rel=\"canonical\" href=\"https:\/\/chainsmanufacturer.com\/tr\/urun\/light-fixture-chain\/\" \/>\n<meta property=\"og:locale\" content=\"tr_TR\" \/>\n<meta property=\"og:type\" content=\"article\" \/>\n<meta property=\"og:title\" content=\"Light Fixture Chain - chains manufacturer\" \/>\n<meta property=\"og:description\" content=\"Elevate your home decor with our stylish light fixture chains. Easily adjust your lighting to create the perfect ambiance.\" \/>\n<meta property=\"og:url\" content=\"https:\/\/chainsmanufacturer.com\/tr\/urun\/light-fixture-chain\/\" \/>\n<meta property=\"og:site_name\" content=\"chains manufacturer\" \/>\n<meta property=\"article:modified_time\" content=\"2025-01-07T04:30:35+00:00\" \/>\n<meta property=\"og:image\" content=\"https:\/\/chainsmanufacturer.com\/wp-content\/uploads\/2023\/11\/Square-Wire-Oval-Link-2-1.jpg\" \/>\n\t<meta property=\"og:image:width\" content=\"800\" \/>\n\t<meta property=\"og:image:height\" content=\"600\" \/>\n\t<meta property=\"og:image:type\" content=\"image\/jpeg\" \/>\n<meta name=\"twitter:card\" content=\"summary_large_image\" \/>\n<meta name=\"twitter:label1\" content=\"Tahmini okuma s\u00fcresi\" \/>\n\t<meta name=\"twitter:data1\" content=\"1 dakika\" \/>\n<script type=\"application\/ld+json\" class=\"yoast-schema-graph\">{\"@context\":\"https:\/\/schema.org\",\"@graph\":[{\"@type\":\"WebPage\",\"@id\":\"https:\/\/chainsmanufacturer.com\/product\/light-fixture-chain\/\",\"url\":\"https:\/\/chainsmanufacturer.com\/product\/light-fixture-chain\/\",\"name\":\"Light Fixture Chain - chains manufacturer\",\"isPartOf\":{\"@id\":\"https:\/\/chainsmanufacturer.com\/#website\"},\"primaryImageOfPage\":{\"@id\":\"https:\/\/chainsmanufacturer.com\/product\/light-fixture-chain\/#primaryimage\"},\"image\":{\"@id\":\"https:\/\/chainsmanufacturer.com\/product\/light-fixture-chain\/#primaryimage\"},\"thumbnailUrl\":\"https:\/\/chainsmanufacturer.com\/wp-content\/uploads\/2023\/11\/Square-Wire-Oval-Link-2-1.jpg\",\"datePublished\":\"2023-11-24T08:22:39+00:00\",\"dateModified\":\"2025-01-07T04:30:35+00:00\",\"description\":\"Elevate your home decor with our stylish light fixture chains. Easily adjust your lighting to create the perfect ambiance.\",\"breadcrumb\":{\"@id\":\"https:\/\/chainsmanufacturer.com\/product\/light-fixture-chain\/#breadcrumb\"},\"inLanguage\":\"tr\",\"potentialAction\":[{\"@type\":\"ReadAction\",\"target\":[\"https:\/\/chainsmanufacturer.com\/product\/light-fixture-chain\/\"]}]},{\"@type\":\"ImageObject\",\"inLanguage\":\"tr\",\"@id\":\"https:\/\/chainsmanufacturer.com\/product\/light-fixture-chain\/#primaryimage\",\"url\":\"https:\/\/chainsmanufacturer.com\/wp-content\/uploads\/2023\/11\/Square-Wire-Oval-Link-2-1.jpg\",\"contentUrl\":\"https:\/\/chainsmanufacturer.com\/wp-content\/uploads\/2023\/11\/Square-Wire-Oval-Link-2-1.jpg\",\"width\":800,\"height\":600,\"caption\":\"Square Wire Oval Link (2)\"},{\"@type\":\"BreadcrumbList\",\"@id\":\"https:\/\/chainsmanufacturer.com\/product\/light-fixture-chain\/#breadcrumb\",\"itemListElement\":[{\"@type\":\"ListItem\",\"position\":1,\"name\":\"\u9996\u9875\",\"item\":\"https:\/\/chainsmanufacturer.com\/\"},{\"@type\":\"ListItem\",\"position\":2,\"name\":\"\u4ea7\u54c1\",\"item\":\"https:\/\/chainsmanufacturer.com\/shop\/\"},{\"@type\":\"ListItem\",\"position\":3,\"name\":\"Light Fixture Chain\"}]},{\"@type\":\"WebSite\",\"@id\":\"https:\/\/chainsmanufacturer.com\/#website\",\"url\":\"https:\/\/chainsmanufacturer.com\/\",\"name\":\"chains manufacturer\",\"description\":\"chains manufacturer\",\"publisher\":{\"@id\":\"https:\/\/chainsmanufacturer.com\/#organization\"},\"potentialAction\":[{\"@type\":\"SearchAction\",\"target\":{\"@type\":\"EntryPoint\",\"urlTemplate\":\"https:\/\/chainsmanufacturer.com\/?s={search_term_string}\"},\"query-input\":{\"@type\":\"PropertyValueSpecification\",\"valueRequired\":true,\"valueName\":\"search_term_string\"}}],\"inLanguage\":\"tr\"},{\"@type\":\"Organization\",\"@id\":\"https:\/\/chainsmanufacturer.com\/#organization\",\"name\":\"chains manufacturer\",\"url\":\"https:\/\/chainsmanufacturer.com\/\",\"logo\":{\"@type\":\"ImageObject\",\"inLanguage\":\"tr\",\"@id\":\"https:\/\/chainsmanufacturer.com\/#\/schema\/logo\/image\/\",\"url\":\"https:\/\/chainsmanufacturer.com\/wp-content\/uploads\/2023\/11\/logo.png\",\"contentUrl\":\"https:\/\/chainsmanufacturer.com\/wp-content\/uploads\/2023\/11\/logo.png\",\"width\":180,\"height\":60,\"caption\":\"chains manufacturer\"},\"image\":{\"@id\":\"https:\/\/chainsmanufacturer.com\/#\/schema\/logo\/image\/\"}}]}<\/script>\n<!-- \/ Yoast SEO plugin. -->","yoast_head_json":{"title":"Light Fixture Chain - chains manufacturer","description":"Elevate your home decor with our stylish light fixture chains. Easily adjust your lighting to create the perfect ambiance.","robots":{"index":"index","follow":"follow","max-snippet":"max-snippet:-1","max-image-preview":"max-image-preview:large","max-video-preview":"max-video-preview:-1"},"canonical":"https:\/\/chainsmanufacturer.com\/tr\/urun\/light-fixture-chain\/","og_locale":"tr_TR","og_type":"article","og_title":"Light Fixture Chain - chains manufacturer","og_description":"Elevate your home decor with our stylish light fixture chains. Easily adjust your lighting to create the perfect ambiance.","og_url":"https:\/\/chainsmanufacturer.com\/tr\/urun\/light-fixture-chain\/","og_site_name":"chains manufacturer","article_modified_time":"2025-01-07T04:30:35+00:00","og_image":[{"width":800,"height":600,"url":"https:\/\/chainsmanufacturer.com\/wp-content\/uploads\/2023\/11\/Square-Wire-Oval-Link-2-1.jpg","type":"image\/jpeg"}],"twitter_card":"summary_large_image","twitter_misc":{"Tahmini okuma s\u00fcresi":"1 dakika"},"schema":{"@context":"https:\/\/schema.org","@graph":[{"@type":"WebPage","@id":"https:\/\/chainsmanufacturer.com\/product\/light-fixture-chain\/","url":"https:\/\/chainsmanufacturer.com\/product\/light-fixture-chain\/","name":"Light Fixture Chain - chains manufacturer","isPartOf":{"@id":"https:\/\/chainsmanufacturer.com\/#website"},"primaryImageOfPage":{"@id":"https:\/\/chainsmanufacturer.com\/product\/light-fixture-chain\/#primaryimage"},"image":{"@id":"https:\/\/chainsmanufacturer.com\/product\/light-fixture-chain\/#primaryimage"},"thumbnailUrl":"https:\/\/chainsmanufacturer.com\/wp-content\/uploads\/2023\/11\/Square-Wire-Oval-Link-2-1.jpg","datePublished":"2023-11-24T08:22:39+00:00","dateModified":"2025-01-07T04:30:35+00:00","description":"Elevate your home decor with our stylish light fixture chains. Easily adjust your lighting to create the perfect ambiance.","breadcrumb":{"@id":"https:\/\/chainsmanufacturer.com\/product\/light-fixture-chain\/#breadcrumb"},"inLanguage":"tr","potentialAction":[{"@type":"ReadAction","target":["https:\/\/chainsmanufacturer.com\/product\/light-fixture-chain\/"]}]},{"@type":"ImageObject","inLanguage":"tr","@id":"https:\/\/chainsmanufacturer.com\/product\/light-fixture-chain\/#primaryimage","url":"https:\/\/chainsmanufacturer.com\/wp-content\/uploads\/2023\/11\/Square-Wire-Oval-Link-2-1.jpg","contentUrl":"https:\/\/chainsmanufacturer.com\/wp-content\/uploads\/2023\/11\/Square-Wire-Oval-Link-2-1.jpg","width":800,"height":600,"caption":"Square Wire Oval Link (2)"},{"@type":"BreadcrumbList","@id":"https:\/\/chainsmanufacturer.com\/product\/light-fixture-chain\/#breadcrumb","itemListElement":[{"@type":"ListItem","position":1,"name":"\u9996\u9875","item":"https:\/\/chainsmanufacturer.com\/"},{"@type":"ListItem","position":2,"name":"\u4ea7\u54c1","item":"https:\/\/chainsmanufacturer.com\/shop\/"},{"@type":"ListItem","position":3,"name":"Light Fixture Chain"}]},{"@type":"WebSite","@id":"https:\/\/chainsmanufacturer.com\/#website","url":"https:\/\/chainsmanufacturer.com\/","name":"Zincir \u00dcreticisi","description":"Zincir \u00dcreticisi","publisher":{"@id":"https:\/\/chainsmanufacturer.com\/#organization"},"potentialAction":[{"@type":"SearchAction","target":{"@type":"EntryPoint","urlTemplate":"https:\/\/chainsmanufacturer.com\/?s={search_term_string}"},"query-input":{"@type":"PropertyValueSpecification","valueRequired":true,"valueName":"search_term_string"}}],"inLanguage":"tr"},{"@type":"Organization","@id":"https:\/\/chainsmanufacturer.com\/#organization","name":"Zincir \u00dcreticisi","url":"https:\/\/chainsmanufacturer.com\/","logo":{"@type":"ImageObject","inLanguage":"tr","@id":"https:\/\/chainsmanufacturer.com\/#\/schema\/logo\/image\/","url":"https:\/\/chainsmanufacturer.com\/wp-content\/uploads\/2023\/11\/logo.png","contentUrl":"https:\/\/chainsmanufacturer.com\/wp-content\/uploads\/2023\/11\/logo.png","width":180,"height":60,"caption":"chains manufacturer"},"image":{"@id":"https:\/\/chainsmanufacturer.com\/#\/schema\/logo\/image\/"}}]}},"_links":{"self":[{"href":"https:\/\/chainsmanufacturer.com\/tr\/wp-json\/wp\/v2\/product\/814","targetHints":{"allow":["GET"]}}],"collection":[{"href":"https:\/\/chainsmanufacturer.com\/tr\/wp-json\/wp\/v2\/product"}],"about":[{"href":"https:\/\/chainsmanufacturer.com\/tr\/wp-json\/wp\/v2\/types\/product"}],"wp:featuredmedia":[{"embeddable":true,"href":"https:\/\/chainsmanufacturer.com\/tr\/wp-json\/wp\/v2\/media\/1853"}],"wp:attachment":[{"href":"https:\/\/chainsmanufacturer.com\/tr\/wp-json\/wp\/v2\/media?parent=814"}],"wp:term":[{"taxonomy":"product_brand","embeddable":true,"href":"https:\/\/chainsmanufacturer.com\/tr\/wp-json\/wp\/v2\/product_brand?post=814"},{"taxonomy":"product_cat","embeddable":true,"href":"https:\/\/chainsmanufacturer.com\/tr\/wp-json\/wp\/v2\/product_cat?post=814"},{"taxonomy":"product_tag","embeddable":true,"href":"https:\/\/chainsmanufacturer.com\/tr\/wp-json\/wp\/v2\/product_tag?post=814"}],"curies":[{"name":"wp","href":"https:\/\/api.w.org\/{rel}","templated":true}]}}