{"id":800,"date":"2023-11-24T08:13:14","date_gmt":"2023-11-24T08:13:14","guid":{"rendered":"https:\/\/chainsmanufacturer.com\/?post_type=product&#038;p=800"},"modified":"2025-01-07T07:30:05","modified_gmt":"2025-01-07T07:30:05","slug":"spanish-chain","status":"publish","type":"product","link":"https:\/\/chainsmanufacturer.com\/tr\/urun\/spanish-chain\/","title":{"rendered":"\u0130spanyol Zinciri"},"content":{"rendered":"<h3 class=\"wpdt-c\"\n        id=\"wdt-table-title-22\">\u0130spanyolca Ba\u011flant\u0131<\/h3>\n<div class=\"wpdt-c row wpDataTableContainerSimpleTable wpDataTables wpDataTablesWrapper\"\n    >\n        <table id=\"wpdtSimpleTable-22\"\n           style=\"border-collapse:collapse;                   border-spacing:0px;\"\n           class=\"wpdtSimpleTable wpDataTable\"\n           data-column=\"2\"\n           data-rows=\"5\"\n           data-wpid=\"22\"\n           data-responsive=\"0\"\n           data-has-header=\"0\">\n\n                    <tbody>        <tr class=\"wpdt-cell-row\" >\n                                <td class=\"wpdt-cell wpdt-bold wpdt-bc-F44336 wpdt-tc-FFFFFF wpdt-merged-cell\"\n                     colspan=\"2\"  rowspan=\"1\"                     data-cell-id=\"A1\"\n                    data-col-index=\"0\"\n                    data-row-index=\"0\"\n                    style=\" width:100%;                    padding:10px;                    \"\n                    >\n                                        \u0130spanyolca Ba\u011flant\u0131                    <\/td>\n                                                    <\/tr>\n                            <tr class=\"wpdt-cell-row\" >\n                                <td class=\"wpdt-cell  wpdt-merged-cell\"\n                     colspan=\"1\"  rowspan=\"2\"                     data-cell-id=\"A2\"\n                    data-col-index=\"0\"\n                    data-row-index=\"1\"\n                    style=\"                    padding:10px;                    \"\n                    >\n                                        Boyut                    <\/td>\n                                                <td class=\"wpdt-cell\"\n                                            data-cell-id=\"B2\"\n                    data-col-index=\"1\"\n                    data-row-index=\"1\"\n                    style=\"                    padding:10px;                    \"\n                    >\n                                        DIA                    <\/td>\n                                        <\/tr>\n                            <tr class=\"wpdt-cell-row\" >\n                                            <td class=\"wpdt-cell\"\n                                            data-cell-id=\"B3\"\n                    data-col-index=\"1\"\n                    data-row-index=\"2\"\n                    style=\"                    padding:10px;                    \"\n                    >\n                                        mm                    <\/td>\n                                        <\/tr>\n                            <tr class=\"wpdt-cell-row\" >\n                                <td class=\"wpdt-cell wpdt-bc-F44336 wpdt-tc-FFFFFF\"\n                                            data-cell-id=\"A4\"\n                    data-col-index=\"0\"\n                    data-row-index=\"3\"\n                    style=\"                    padding:10px;                    \"\n                    >\n                                        SQ-20                    <\/td>\n                                                <td class=\"wpdt-cell wpdt-bc-F44336 wpdt-tc-FFFFFF\"\n                                            data-cell-id=\"B4\"\n                    data-col-index=\"1\"\n                    data-row-index=\"3\"\n                    style=\"                    padding:10px;                    \"\n                    >\n                                        2.0                    <\/td>\n                                        <\/tr>\n                            <tr class=\"wpdt-cell-row\" >\n                                <td class=\"wpdt-cell\"\n                                            data-cell-id=\"A5\"\n                    data-col-index=\"0\"\n                    data-row-index=\"4\"\n                    style=\"                    padding:10px;                    \"\n                    >\n                                        SQ-40                    <\/td>\n                                                <td class=\"wpdt-cell\"\n                                            data-cell-id=\"B5\"\n                    data-col-index=\"1\"\n                    data-row-index=\"4\"\n                    style=\"                    padding:10px;                    \"\n                    >\n                                        4.0                    <\/td>\n                                        <\/tr>\n                    <\/table>\n<\/div><style id='wpdt-custom-style-22'>\n.wpdt-bc-F44336 { background-color: #F44336 !important;}\n.wpdt-tc-FFFFFF { color: #FFFFFF !important;}\n<\/style>\n\n<h2 data-sourcepos=\"3:1-3:76\">\u0130spanyol Zinciri: Klasik ve Modernin M\u00fckemmel Bir Kar\u0131\u015f\u0131m\u0131<\/h2>\n<p data-sourcepos=\"7:1-7:373\">Ad\u0131n\u0131 \u0130spanya'daki k\u00f6keninden alan \u0130spanyol zinciri, benzersiz bir dokuma desenine sahip bir zincir t\u00fcr\u00fcd\u00fcr. Tasar\u0131m\u0131, geleneksel \u0130spanyol i\u015f\u00e7ili\u011fi ve k\u00fclt\u00fcr\u00fcnden esinlenerek klasik esteti\u011fi modern moda unsurlar\u0131yla harmanlamaktad\u0131r.<\/p>\n<h3 data-sourcepos=\"5:1-5:28\">\u0130spanyol Zinciri nedir?<\/h3>\n<h3 data-sourcepos=\"9:1-9:37\">\u0130spanyol Zincirlerinin \u00d6zellikleri<\/h3>\n<ul data-sourcepos=\"11:1-15:0\">\n<li data-sourcepos=\"11:1-11:146\"><strong>Benzersiz Dokuma Desenleri:<\/strong> \u0130spanyol zincirleri, her biri kendi tarihi ve k\u00fclt\u00fcrel \u00f6nemine sahip karma\u015f\u0131k ve \u00e7e\u015fitli dokuma desenlerine sahiptir.<\/li>\n<li data-sourcepos=\"12:1-12:111\"><strong>De\u011ferli Malzemeler:<\/strong> Genellikle g\u00fcm\u00fc\u015f ve alt\u0131n gibi de\u011ferli metallerden yap\u0131l\u0131rlar ve y\u00fcksek kaliteyi ifade ederler.<\/li>\n<li data-sourcepos=\"13:1-13:100\"><strong>Klasik Tasar\u0131m:<\/strong> Klasik esteti\u011fi modern moda unsurlar\u0131yla harmanlayan bu \u00fcr\u00fcnler zamans\u0131zd\u0131r.<\/li>\n<\/ul>\n<h3 data-sourcepos=\"16:1-16:27\">\u0130spanyol Zincir \u00c7e\u015fitleri<\/h3>\n<p data-sourcepos=\"18:1-18:77\">\u0130spanyol zincirleri, dokuma desenlerine g\u00f6re kategorize edilen geni\u015f bir \u00e7e\u015fitlili\u011fe sahiptir:<\/p>\n<ul data-sourcepos=\"20:1-24:0\">\n<li data-sourcepos=\"20:1-20:96\"><strong>Bal\u0131k kuyru\u011fu zincir:<\/strong> \u00d6l\u00e7ek benzeri dokuma deseniyle, \u00e7evikli\u011fiyle bir bal\u0131k kuyru\u011funu and\u0131r\u0131r.<\/li>\n<li data-sourcepos=\"21:1-21:88\"><strong>Y\u0131lan Zinciri:<\/strong> Y\u0131lan benzeri bir dokuma desenine sahip olan bu \u00fcr\u00fcn esnek ve dayan\u0131kl\u0131d\u0131r.<\/li>\n<li data-sourcepos=\"22:1-22:78\"><strong>Kutu Zinciri:<\/strong> Birbirine s\u0131k\u0131ca ba\u011flanm\u0131\u015f kare baklalarla sa\u011flam bir zincir olu\u015fturur.<\/li>\n<li data-sourcepos=\"23:1-24:0\"><strong>Bu\u011fday zinciri:<\/strong> K\u00fc\u00e7\u00fck, tane benzeri ba\u011flant\u0131lardan olu\u015fan bu \u00fcr\u00fcn narin ve karma\u015f\u0131kt\u0131r.<\/li>\n<\/ul>\n<h3 data-sourcepos=\"25:1-25:29\">\u0130spanyol Zincirlerinin Bak\u0131m\u0131<\/h3>\n<ul data-sourcepos=\"27:1-30:0\">\n<li data-sourcepos=\"27:1-27:119\"><strong>Kimyasallardan Ka\u00e7\u0131n\u0131n:<\/strong> Korozyonu \u00f6nlemek i\u00e7in \u0130spanyol zincirinizi parf\u00fcm, kozmetik ve di\u011fer kimyasallardan uzak tutun.<\/li>\n<li data-sourcepos=\"28:1-28:111\"><strong>D\u00fczenli Temizlik:<\/strong> Parlakl\u0131\u011f\u0131n\u0131 korumak i\u00e7in zincirinizi d\u00fczenli olarak yumu\u015fak bir bez ve hafif bir deterjanla temizleyin.<\/li>\n<\/ul>\n<h3 data-sourcepos=\"31:1-31:26\">\u0130spanyol Zincirlerini \u015eekillendirme<\/h3>\n<ul data-sourcepos=\"35:1-38:0\">\n<li data-sourcepos=\"35:1-35:80\"><strong>G\u00fcnl\u00fck Giyim:<\/strong> Rahat ve \u015f\u0131k bir g\u00f6r\u00fcn\u00fcm i\u00e7in sade bir kolye ucuyla e\u015fle\u015ftirin.<\/li>\n<li data-sourcepos=\"36:1-36:84\"><strong>Resmi Davetler:<\/strong> Sofistike bir g\u00f6r\u00fcn\u00fcm i\u00e7in zarif bir kolye ile e\u015fle\u015ftirin.<\/li>\n<li data-sourcepos=\"37:1-38:0\"><strong>Kat kat:<\/strong> Daha fazla boyut i\u00e7in di\u011fer kolyelerle katmanlay\u0131n.<\/li>\n<\/ul>\n<h3 data-sourcepos=\"39:1-39:43\">\u0130spanyol Zincirlerinin K\u00fclt\u00fcrel \u00d6nemi<\/h3>\n<p data-sourcepos=\"41:1-41:197\">\u0130spanyol zincirleri bir aksesuardan \u00e7ok daha fazlas\u0131d\u0131r; \u0130spanya'n\u0131n k\u00fclt\u00fcrel miras\u0131n\u0131 ta\u015f\u0131rlar. E\u015fsiz dokuma desenleri ve tasar\u0131m stilleri \u0130spanyol halk\u0131n\u0131n esteti\u011fini ve ya\u015fam tarz\u0131n\u0131 yans\u0131t\u0131r.<\/p>\n<h3 data-sourcepos=\"43:1-43:14\">Sonu\u00e7<\/h3>\n<p data-sourcepos=\"45:1-45:187\">E\u015fsiz cazibesi ve zengin k\u00fclt\u00fcrel miras\u0131yla \u0130spanyol zincirleri giderek artan bir pop\u00fclerlik kazanm\u0131\u015ft\u0131r. \u0130ster ki\u015fisel koleksiyon i\u00e7in ister hediye olarak olsun, \u0130spanyol zincirleri m\u00fckemmel bir se\u00e7imdir.<\/p>","protected":false},"excerpt":{"rendered":"<table class=\"aligncenter\" style=\"border-collapse: collapse; width: 700px; height: 194px;\" border=\"0\" width=\"810\" cellspacing=\"0\" cellpadding=\"0\">\n<tbody>\n<tr style=\"height: 36.25pt;\">\n<td class=\"et2\" style=\"height: 73.35pt; width: 303.75pt;\" rowspan=\"2\" width=\"405\" height=\"97\"><span class=\"font3\">Boyut<\/span><\/td>\n<td class=\"et3\" style=\"width: 303.75pt;\" width=\"405\"><span class=\"font3\">DIA<\/span><\/td>\n<\/tr>\n<tr style=\"height: 37.10pt;\">\n<td class=\"et3\" style=\"width: 303.75pt;\" width=\"405\"><span class=\"font4\">mm<\/span><\/td>\n<\/tr>\n<tr style=\"height: 36.00pt;\">\n<td class=\"et4\" style=\"height: 36.00pt; width: 303.75pt;\" width=\"405\" height=\"48\"><span class=\"font3\">SQ-20<\/span><\/td>\n<td class=\"et5\" style=\"width: 303.75pt;\" width=\"405\">2.0<\/td>\n<\/tr>\n<tr style=\"height: 36.75pt;\">\n<td class=\"et2\" style=\"height: 36.75pt; width: 303.75pt;\" width=\"405\" height=\"49\"><span class=\"font3\">SQ-40<\/span><\/td>\n<td class=\"et6\" style=\"width: 303.75pt;\" width=\"405\">4.0<\/td>\n<\/tr>\n<\/tbody>\n<\/table>","protected":false},"featured_media":1845,"template":"","meta":{"site-sidebar-layout":"default","site-content-layout":"","ast-site-content-layout":"default","site-content-style":"default","site-sidebar-style":"default","ast-global-header-display":"","ast-banner-title-visibility":"","ast-main-header-display":"","ast-hfb-above-header-display":"","ast-hfb-below-header-display":"","ast-hfb-mobile-header-display":"","site-post-title":"","ast-breadcrumbs-content":"","ast-featured-img":"","footer-sml-layout":"","theme-transparent-header-meta":"default","adv-header-id-meta":"","stick-header-meta":"","header-above-stick-meta":"","header-main-stick-meta":"","header-below-stick-meta":"","astra-migrate-meta-layouts":"set","ast-page-background-enabled":"default","ast-page-background-meta":{"desktop":{"background-color":"","background-image":"","background-repeat":"repeat","background-position":"center center","background-size":"auto","background-attachment":"scroll","background-type":"","background-media":"","overlay-type":"","overlay-color":"","overlay-opacity":"","overlay-gradient":""},"tablet":{"background-color":"","background-image":"","background-repeat":"repeat","background-position":"center center","background-size":"auto","background-attachment":"scroll","background-type":"","background-media":"","overlay-type":"","overlay-color":"","overlay-opacity":"","overlay-gradient":""},"mobile":{"background-color":"","background-image":"","background-repeat":"repeat","background-position":"center center","background-size":"auto","background-attachment":"scroll","background-type":"","background-media":"","overlay-type":"","overlay-color":"","overlay-opacity":"","overlay-gradient":""}},"ast-content-background-meta":{"desktop":{"background-color":"var(--ast-global-color-5)","background-image":"","background-repeat":"repeat","background-position":"center center","background-size":"auto","background-attachment":"scroll","background-type":"","background-media":"","overlay-type":"","overlay-color":"","overlay-opacity":"","overlay-gradient":""},"tablet":{"background-color":"var(--ast-global-color-5)","background-image":"","background-repeat":"repeat","background-position":"center center","background-size":"auto","background-attachment":"scroll","background-type":"","background-media":"","overlay-type":"","overlay-color":"","overlay-opacity":"","overlay-gradient":""},"mobile":{"background-color":"var(--ast-global-color-5)","background-image":"","background-repeat":"repeat","background-position":"center center","background-size":"auto","background-attachment":"scroll","background-type":"","background-media":"","overlay-type":"","overlay-color":"","overlay-opacity":"","overlay-gradient":""}}},"product_brand":[],"product_cat":[44],"product_tag":[],"class_list":{"0":"post-800","1":"product","2":"type-product","3":"status-publish","4":"has-post-thumbnail","6":"product_cat-other-chain","7":"desktop-align-center","8":"tablet-align-left","9":"mobile-align-left","11":"first","12":"instock","13":"shipping-taxable","14":"product-type-simple"},"yoast_head":"<!-- This site is optimized with the Yoast SEO plugin v25.9 - https:\/\/yoast.com\/wordpress\/plugins\/seo\/ -->\n<title>Spanish Chain - chains manufacturer<\/title>\n<meta name=\"description\" content=\"Spanish Chain: Unique weaving craftsmanship creates personalized fashion accessories, highlighting your unique taste.\" \/>\n<meta name=\"robots\" content=\"index, follow, max-snippet:-1, max-image-preview:large, max-video-preview:-1\" \/>\n<link rel=\"canonical\" href=\"https:\/\/chainsmanufacturer.com\/tr\/urun\/spanish-chain\/\" \/>\n<meta property=\"og:locale\" content=\"tr_TR\" \/>\n<meta property=\"og:type\" content=\"article\" \/>\n<meta property=\"og:title\" content=\"Spanish Chain - chains manufacturer\" \/>\n<meta property=\"og:description\" content=\"Spanish Chain: Unique weaving craftsmanship creates personalized fashion accessories, highlighting your unique taste.\" \/>\n<meta property=\"og:url\" content=\"https:\/\/chainsmanufacturer.com\/tr\/urun\/spanish-chain\/\" \/>\n<meta property=\"og:site_name\" content=\"chains manufacturer\" \/>\n<meta property=\"article:modified_time\" content=\"2025-01-07T07:30:05+00:00\" \/>\n<meta property=\"og:image\" content=\"https:\/\/chainsmanufacturer.com\/wp-content\/uploads\/2023\/11\/Spanish-Chain-1-2.jpg\" \/>\n\t<meta property=\"og:image:width\" content=\"800\" \/>\n\t<meta property=\"og:image:height\" content=\"599\" \/>\n\t<meta property=\"og:image:type\" content=\"image\/jpeg\" \/>\n<meta name=\"twitter:card\" content=\"summary_large_image\" \/>\n<meta name=\"twitter:label1\" content=\"Tahmini okuma s\u00fcresi\" \/>\n\t<meta name=\"twitter:data1\" content=\"2 dakika\" \/>\n<script type=\"application\/ld+json\" class=\"yoast-schema-graph\">{\"@context\":\"https:\/\/schema.org\",\"@graph\":[{\"@type\":\"WebPage\",\"@id\":\"https:\/\/chainsmanufacturer.com\/product\/spanish-chain\/\",\"url\":\"https:\/\/chainsmanufacturer.com\/product\/spanish-chain\/\",\"name\":\"Spanish Chain - chains manufacturer\",\"isPartOf\":{\"@id\":\"https:\/\/chainsmanufacturer.com\/#website\"},\"primaryImageOfPage\":{\"@id\":\"https:\/\/chainsmanufacturer.com\/product\/spanish-chain\/#primaryimage\"},\"image\":{\"@id\":\"https:\/\/chainsmanufacturer.com\/product\/spanish-chain\/#primaryimage\"},\"thumbnailUrl\":\"https:\/\/chainsmanufacturer.com\/wp-content\/uploads\/2023\/11\/Spanish-Chain-1-2.jpg\",\"datePublished\":\"2023-11-24T08:13:14+00:00\",\"dateModified\":\"2025-01-07T07:30:05+00:00\",\"description\":\"Spanish Chain: Unique weaving craftsmanship creates personalized fashion accessories, highlighting your unique taste.\",\"breadcrumb\":{\"@id\":\"https:\/\/chainsmanufacturer.com\/product\/spanish-chain\/#breadcrumb\"},\"inLanguage\":\"tr\",\"potentialAction\":[{\"@type\":\"ReadAction\",\"target\":[\"https:\/\/chainsmanufacturer.com\/product\/spanish-chain\/\"]}]},{\"@type\":\"ImageObject\",\"inLanguage\":\"tr\",\"@id\":\"https:\/\/chainsmanufacturer.com\/product\/spanish-chain\/#primaryimage\",\"url\":\"https:\/\/chainsmanufacturer.com\/wp-content\/uploads\/2023\/11\/Spanish-Chain-1-2.jpg\",\"contentUrl\":\"https:\/\/chainsmanufacturer.com\/wp-content\/uploads\/2023\/11\/Spanish-Chain-1-2.jpg\",\"width\":800,\"height\":599,\"caption\":\"Spanish Link (1)\"},{\"@type\":\"BreadcrumbList\",\"@id\":\"https:\/\/chainsmanufacturer.com\/product\/spanish-chain\/#breadcrumb\",\"itemListElement\":[{\"@type\":\"ListItem\",\"position\":1,\"name\":\"\u9996\u9875\",\"item\":\"https:\/\/chainsmanufacturer.com\/\"},{\"@type\":\"ListItem\",\"position\":2,\"name\":\"\u4ea7\u54c1\",\"item\":\"https:\/\/chainsmanufacturer.com\/shop\/\"},{\"@type\":\"ListItem\",\"position\":3,\"name\":\"Spanish Chain\"}]},{\"@type\":\"WebSite\",\"@id\":\"https:\/\/chainsmanufacturer.com\/#website\",\"url\":\"https:\/\/chainsmanufacturer.com\/\",\"name\":\"chains manufacturer\",\"description\":\"chains manufacturer\",\"publisher\":{\"@id\":\"https:\/\/chainsmanufacturer.com\/#organization\"},\"potentialAction\":[{\"@type\":\"SearchAction\",\"target\":{\"@type\":\"EntryPoint\",\"urlTemplate\":\"https:\/\/chainsmanufacturer.com\/?s={search_term_string}\"},\"query-input\":{\"@type\":\"PropertyValueSpecification\",\"valueRequired\":true,\"valueName\":\"search_term_string\"}}],\"inLanguage\":\"tr\"},{\"@type\":\"Organization\",\"@id\":\"https:\/\/chainsmanufacturer.com\/#organization\",\"name\":\"chains manufacturer\",\"url\":\"https:\/\/chainsmanufacturer.com\/\",\"logo\":{\"@type\":\"ImageObject\",\"inLanguage\":\"tr\",\"@id\":\"https:\/\/chainsmanufacturer.com\/#\/schema\/logo\/image\/\",\"url\":\"https:\/\/chainsmanufacturer.com\/wp-content\/uploads\/2023\/11\/logo.png\",\"contentUrl\":\"https:\/\/chainsmanufacturer.com\/wp-content\/uploads\/2023\/11\/logo.png\",\"width\":180,\"height\":60,\"caption\":\"chains manufacturer\"},\"image\":{\"@id\":\"https:\/\/chainsmanufacturer.com\/#\/schema\/logo\/image\/\"}}]}<\/script>\n<!-- \/ Yoast SEO plugin. -->","yoast_head_json":{"title":"Spanish Chain - chains manufacturer","description":"Spanish Chain: Unique weaving craftsmanship creates personalized fashion accessories, highlighting your unique taste.","robots":{"index":"index","follow":"follow","max-snippet":"max-snippet:-1","max-image-preview":"max-image-preview:large","max-video-preview":"max-video-preview:-1"},"canonical":"https:\/\/chainsmanufacturer.com\/tr\/urun\/spanish-chain\/","og_locale":"tr_TR","og_type":"article","og_title":"Spanish Chain - chains manufacturer","og_description":"Spanish Chain: Unique weaving craftsmanship creates personalized fashion accessories, highlighting your unique taste.","og_url":"https:\/\/chainsmanufacturer.com\/tr\/urun\/spanish-chain\/","og_site_name":"chains manufacturer","article_modified_time":"2025-01-07T07:30:05+00:00","og_image":[{"width":800,"height":599,"url":"https:\/\/chainsmanufacturer.com\/wp-content\/uploads\/2023\/11\/Spanish-Chain-1-2.jpg","type":"image\/jpeg"}],"twitter_card":"summary_large_image","twitter_misc":{"Tahmini okuma s\u00fcresi":"2 dakika"},"schema":{"@context":"https:\/\/schema.org","@graph":[{"@type":"WebPage","@id":"https:\/\/chainsmanufacturer.com\/product\/spanish-chain\/","url":"https:\/\/chainsmanufacturer.com\/product\/spanish-chain\/","name":"Spanish Chain - chains manufacturer","isPartOf":{"@id":"https:\/\/chainsmanufacturer.com\/#website"},"primaryImageOfPage":{"@id":"https:\/\/chainsmanufacturer.com\/product\/spanish-chain\/#primaryimage"},"image":{"@id":"https:\/\/chainsmanufacturer.com\/product\/spanish-chain\/#primaryimage"},"thumbnailUrl":"https:\/\/chainsmanufacturer.com\/wp-content\/uploads\/2023\/11\/Spanish-Chain-1-2.jpg","datePublished":"2023-11-24T08:13:14+00:00","dateModified":"2025-01-07T07:30:05+00:00","description":"Spanish Chain: Unique weaving craftsmanship creates personalized fashion accessories, highlighting your unique taste.","breadcrumb":{"@id":"https:\/\/chainsmanufacturer.com\/product\/spanish-chain\/#breadcrumb"},"inLanguage":"tr","potentialAction":[{"@type":"ReadAction","target":["https:\/\/chainsmanufacturer.com\/product\/spanish-chain\/"]}]},{"@type":"ImageObject","inLanguage":"tr","@id":"https:\/\/chainsmanufacturer.com\/product\/spanish-chain\/#primaryimage","url":"https:\/\/chainsmanufacturer.com\/wp-content\/uploads\/2023\/11\/Spanish-Chain-1-2.jpg","contentUrl":"https:\/\/chainsmanufacturer.com\/wp-content\/uploads\/2023\/11\/Spanish-Chain-1-2.jpg","width":800,"height":599,"caption":"Spanish Link (1)"},{"@type":"BreadcrumbList","@id":"https:\/\/chainsmanufacturer.com\/product\/spanish-chain\/#breadcrumb","itemListElement":[{"@type":"ListItem","position":1,"name":"\u9996\u9875","item":"https:\/\/chainsmanufacturer.com\/"},{"@type":"ListItem","position":2,"name":"\u4ea7\u54c1","item":"https:\/\/chainsmanufacturer.com\/shop\/"},{"@type":"ListItem","position":3,"name":"Spanish Chain"}]},{"@type":"WebSite","@id":"https:\/\/chainsmanufacturer.com\/#website","url":"https:\/\/chainsmanufacturer.com\/","name":"Zincir \u00dcreticisi","description":"Zincir \u00dcreticisi","publisher":{"@id":"https:\/\/chainsmanufacturer.com\/#organization"},"potentialAction":[{"@type":"SearchAction","target":{"@type":"EntryPoint","urlTemplate":"https:\/\/chainsmanufacturer.com\/?s={search_term_string}"},"query-input":{"@type":"PropertyValueSpecification","valueRequired":true,"valueName":"search_term_string"}}],"inLanguage":"tr"},{"@type":"Organization","@id":"https:\/\/chainsmanufacturer.com\/#organization","name":"Zincir \u00dcreticisi","url":"https:\/\/chainsmanufacturer.com\/","logo":{"@type":"ImageObject","inLanguage":"tr","@id":"https:\/\/chainsmanufacturer.com\/#\/schema\/logo\/image\/","url":"https:\/\/chainsmanufacturer.com\/wp-content\/uploads\/2023\/11\/logo.png","contentUrl":"https:\/\/chainsmanufacturer.com\/wp-content\/uploads\/2023\/11\/logo.png","width":180,"height":60,"caption":"chains manufacturer"},"image":{"@id":"https:\/\/chainsmanufacturer.com\/#\/schema\/logo\/image\/"}}]}},"_links":{"self":[{"href":"https:\/\/chainsmanufacturer.com\/tr\/wp-json\/wp\/v2\/product\/800","targetHints":{"allow":["GET"]}}],"collection":[{"href":"https:\/\/chainsmanufacturer.com\/tr\/wp-json\/wp\/v2\/product"}],"about":[{"href":"https:\/\/chainsmanufacturer.com\/tr\/wp-json\/wp\/v2\/types\/product"}],"wp:featuredmedia":[{"embeddable":true,"href":"https:\/\/chainsmanufacturer.com\/tr\/wp-json\/wp\/v2\/media\/1845"}],"wp:attachment":[{"href":"https:\/\/chainsmanufacturer.com\/tr\/wp-json\/wp\/v2\/media?parent=800"}],"wp:term":[{"taxonomy":"product_brand","embeddable":true,"href":"https:\/\/chainsmanufacturer.com\/tr\/wp-json\/wp\/v2\/product_brand?post=800"},{"taxonomy":"product_cat","embeddable":true,"href":"https:\/\/chainsmanufacturer.com\/tr\/wp-json\/wp\/v2\/product_cat?post=800"},{"taxonomy":"product_tag","embeddable":true,"href":"https:\/\/chainsmanufacturer.com\/tr\/wp-json\/wp\/v2\/product_tag?post=800"}],"curies":[{"name":"wp","href":"https:\/\/api.w.org\/{rel}","templated":true}]}}