{"id":796,"date":"2023-11-24T07:58:35","date_gmt":"2023-11-24T07:58:35","guid":{"rendered":"https:\/\/chainsmanufacturer.com\/?post_type=product&#038;p=796"},"modified":"2025-01-07T08:05:37","modified_gmt":"2025-01-07T08:05:37","slug":"diamond-chain","status":"publish","type":"product","link":"https:\/\/chainsmanufacturer.com\/tr\/urun\/diamond-chain\/","title":{"rendered":"Elmas Zincir"},"content":{"rendered":"<h2 data-sourcepos=\"3:1-3:38\">Elmas Zincirler: Zamans\u0131z Bir Hazine<\/h2>\n<h3 data-sourcepos=\"5:1-5:28\">Elmas Zincir Nedir?<\/h3>\n<p data-sourcepos=\"7:1-7:309\">Elmas zincir, elmaslarla s\u00fcslenmi\u015f bir kolyedir. Bu par\u00e7alar y\u00fczy\u0131llard\u0131r m\u00fccevher d\u00fcnyas\u0131n\u0131n temel ta\u015flar\u0131ndan biri olmu\u015f, parlakl\u0131klar\u0131, dayan\u0131kl\u0131l\u0131klar\u0131 ve zamans\u0131z \u00e7ekicilikleriyle \u00f6d\u00fcllendirilmi\u015flerdir. Basit tekta\u015f kolyelerden karma\u015f\u0131k, p\u0131rlanta kapl\u0131 tasar\u0131mlara kadar her zevke ve tarza uygun bir p\u0131rlanta zincir vard\u0131r.<\/p>\n<h3 data-sourcepos=\"9:1-9:31\">Neden P\u0131rlanta Zincir Se\u00e7melisiniz?<\/h3>\n<ul data-sourcepos=\"11:1-15:0\">\n<li data-sourcepos=\"11:1-11:131\"><strong>Zamans\u0131z Sembolizm:<\/strong> Sonsuz sevgi ve ba\u011fl\u0131l\u0131\u011f\u0131 temsil eden p\u0131rlantalar, d\u00f6n\u00fcm noktalar\u0131 ve \u00f6zel g\u00fcnler i\u00e7in m\u00fckemmeldir.<\/li>\n<li data-sourcepos=\"12:1-12:107\"><strong>E\u015fsiz Parlakl\u0131k:<\/strong> Bir elmas\u0131n \u0131\u015f\u0131lt\u0131s\u0131 e\u015fsizdir ve her k\u0131yafete an\u0131nda cazibe katar.<\/li>\n<li data-sourcepos=\"13:1-13:84\"><strong>Yat\u0131r\u0131m De\u011feri:<\/strong> Elmaslar zaman i\u00e7inde de\u011fer kazanabilen de\u011ferli bir varl\u0131kt\u0131r.<\/li>\n<\/ul>\n<h3 data-sourcepos=\"16:1-16:34\">P\u0131rlanta Zincir Nas\u0131l Se\u00e7ilir?<\/h3>\n<p data-sourcepos=\"18:1-18:63\">Zinciri se\u00e7erken a\u015fa\u011f\u0131daki fakt\u00f6rleri g\u00f6z \u00f6n\u00fcnde bulundurun:<\/p>\n<ul data-sourcepos=\"20:1-24:0\">\n<li data-sourcepos=\"20:1-20:124\"><strong>4C:<\/strong> Karat, renk, berrakl\u0131k ve kesim, bir p\u0131rlantan\u0131n kalitesini ve de\u011ferini belirleyen d\u00f6rt temel \u00f6zelliktir.<\/li>\n<li data-sourcepos=\"21:1-21:128\"><strong>Metal:<\/strong> Zincirler genellikle platin, alt\u0131n veya beyaz alt\u0131n olarak ayarlan\u0131r. Her metalin kendine \u00f6zg\u00fc \u00f6zellikleri ve g\u00f6r\u00fcn\u00fcm\u00fc vard\u0131r.<\/li>\n<li data-sourcepos=\"22:1-22:151\"><strong>Zincir Stili:<\/strong> Narin kablo zincirlerden cesur halat zincirlere kadar, zincir stili se\u00e7imi kolyenin genel g\u00f6r\u00fcn\u00fcm\u00fcn\u00fc \u00f6nemli \u00f6l\u00e7\u00fcde etkileyebilir.<\/li>\n<li data-sourcepos=\"23:1-24:0\"><strong>Kolye Tasar\u0131m\u0131:<\/strong> Kolye ucu basit bir tekta\u015ftan karma\u015f\u0131k bir k\u00fcme veya hale ayar\u0131na kadar de\u011fi\u015febilir.<\/li>\n<\/ul>\n<h3 data-sourcepos=\"25:1-25:33\">P\u0131rlanta Zincirinizin Bak\u0131m\u0131<\/h3>\n<p data-sourcepos=\"27:1-27:68\">P\u0131rlanta zincirinizin en iyi \u015fekilde g\u00f6r\u00fcnmesini sa\u011flamak i\u00e7in bu bak\u0131m ipu\u00e7lar\u0131n\u0131 izleyin:<\/p>\n<ul data-sourcepos=\"29:1-32:0\">\n<li data-sourcepos=\"29:1-29:113\"><strong>Kimyasallardan Ka\u00e7\u0131n\u0131n:<\/strong> Zincirinizi parf\u00fcm ve temizlik \u00fcr\u00fcnleri gibi sert kimyasallardan uzak tutun.<\/li>\n<li data-sourcepos=\"30:1-30:79\"><strong>D\u00fczenli Temizleyin:<\/strong> Zincirinizi yumu\u015fak, nemli bir bezle nazik\u00e7e temizleyin.<\/li>\n<li data-sourcepos=\"31:1-32:0\"><strong>G\u00fcvenle Saklay\u0131n:<\/strong> \u00c7izilmeleri \u00f6nlemek i\u00e7in zincirinizi ayr\u0131 bir b\u00f6lmede saklay\u0131n.<\/li>\n<\/ul>\n<h3 data-sourcepos=\"33:1-33:30\">P\u0131rlanta Zincirinizi \u015eekillendirme<\/h3>\n<ul data-sourcepos=\"35:1-38:0\">\n<li data-sourcepos=\"35:1-35:97\"><strong>G\u00fcnl\u00fck Giyim:<\/strong> Sade bir tekta\u015f kolye ucu veya narin bir zincir g\u00fcnl\u00fck kullan\u0131m i\u00e7in m\u00fckemmeldir.<\/li>\n<li data-sourcepos=\"36:1-36:109\"><strong>Resmi Davetler:<\/strong> \u00d6zel etkinlikler i\u00e7in daha b\u00fcy\u00fck bir merkez ta\u015f\u0131 ile daha ayr\u0131nt\u0131l\u0131 bir zincir tercih edin.<\/li>\n<li data-sourcepos=\"37:1-38:0\"><strong>Kat kat:<\/strong> Zincirinizi di\u011fer kolyelerle katmanlayarak benzersiz bir g\u00f6r\u00fcn\u00fcm yarat\u0131n.<\/li>\n<\/ul>\n<h3 data-sourcepos=\"39:1-39:32\">Elmas Zincir Nereden Al\u0131n\u0131r<\/h3>\n<ul data-sourcepos=\"41:1-44:0\">\n<li data-sourcepos=\"41:1-41:106\"><strong>Kuyumcular:<\/strong> Geleneksel m\u00fccevher ma\u011fazalar\u0131 geni\u015f bir zincir yelpazesi ve uzman rehberli\u011fi sunar.<\/li>\n<li data-sourcepos=\"42:1-42:122\"><strong>\u00c7evrimi\u00e7i Perakendeciler:<\/strong> \u00c7evrimi\u00e7i perakendeciler, genellikle rekabet\u00e7i fiyatlarla zincirler i\u00e7in al\u0131\u015fveri\u015f yapmak i\u00e7in uygun bir yol sa\u011flar.<\/li>\n<li data-sourcepos=\"43:1-44:0\"><strong>M\u00fczayede Evleri:<\/strong> E\u015fsiz ve vintage par\u00e7alar i\u00e7in bir m\u00fccevher m\u00fczayedesine kat\u0131lmay\u0131 d\u00fc\u015f\u00fcn\u00fcn.<\/li>\n<\/ul>\n<h3 data-sourcepos=\"45:1-45:14\">Sonu\u00e7<\/h3>\n<p data-sourcepos=\"47:1-47:270\">Bir p\u0131rlantan\u0131n kalitesini ve de\u011ferini etkileyen fakt\u00f6rleri anlayarak bilin\u00e7li bir sat\u0131n alma yapabilirsiniz. Do\u011fru bak\u0131m ile\u00a0 <a href=\"https:\/\/chainsmanufacturer.com\/tr\/\">zincir<\/a> y\u0131llarca \u0131\u015f\u0131ldamaya devam edecek.<\/p>","protected":false},"excerpt":{"rendered":"<p>ing=&rdquo;0&Prime; cellpadding=&rdquo;0&Prime;&gt;le=&rdquo;height: 36.25pt;&rdquo;&gt;&lt;td class=&quot;&rdquo;et3&Prime;&quot; style=&quot;&rdquo;width:&quot; 303.75pt;&rdquo; width=&quot;&rdquo;405&Prime;&quot;&gt;mm&lt;\/span&gt;&lt;tr style=&quot;&rdquo;height:&quot; 36.00pt;&rdquo;&amp;gt;s=&quot;&rdquo;font3&Prime;&quot;&gt;SQ-202.0<\/p>\n<table class=\"aligncenter\" style=\"border-collapse: collapse; width: 700px; height: 196px;\" border=\"0\" width=\"810\">\n<tbody>\n<tr class=\"yoast-text-mark\">\n<td class=\"et2\" style=\"height: 73.35pt; width: 303.75pt;\" rowspan=\"2\">idth=&#8221;405&#8243; height=&#8221;97&#8243;&gt;<span class=\"font3\">Boyut<\/span><\/td>\n<td class=\"et3\" style=\"width: 303.75pt;\">h=&#8221;405&#8243;&gt;<span class=\"font3\">DIA&lt;\/span&gt;<\/span><\/td>\n<\/tr>\n<tr style=\"height: 36.75pt;\">\n<td class=\"et2\" style=\"height: 36.75pt; width: 303.75pt;\" width=\"405\" height=\"49\"><span class=\"font3\">SQ-40<\/span><\/td>\n<td class=\"et6\" style=\"width: 303.75pt;\" width=\"405\">4.0<\/td>\n<\/tr>\n<\/tbody>\n<\/table>","protected":false},"featured_media":1842,"template":"","meta":{"site-sidebar-layout":"default","site-content-layout":"","ast-site-content-layout":"default","site-content-style":"default","site-sidebar-style":"default","ast-global-header-display":"","ast-banner-title-visibility":"","ast-main-header-display":"","ast-hfb-above-header-display":"","ast-hfb-below-header-display":"","ast-hfb-mobile-header-display":"","site-post-title":"","ast-breadcrumbs-content":"","ast-featured-img":"","footer-sml-layout":"","theme-transparent-header-meta":"default","adv-header-id-meta":"","stick-header-meta":"","header-above-stick-meta":"","header-main-stick-meta":"","header-below-stick-meta":"","astra-migrate-meta-layouts":"set","ast-page-background-enabled":"default","ast-page-background-meta":{"desktop":{"background-color":"","background-image":"","background-repeat":"repeat","background-position":"center center","background-size":"auto","background-attachment":"scroll","background-type":"","background-media":"","overlay-type":"","overlay-color":"","overlay-opacity":"","overlay-gradient":""},"tablet":{"background-color":"","background-image":"","background-repeat":"repeat","background-position":"center center","background-size":"auto","background-attachment":"scroll","background-type":"","background-media":"","overlay-type":"","overlay-color":"","overlay-opacity":"","overlay-gradient":""},"mobile":{"background-color":"","background-image":"","background-repeat":"repeat","background-position":"center center","background-size":"auto","background-attachment":"scroll","background-type":"","background-media":"","overlay-type":"","overlay-color":"","overlay-opacity":"","overlay-gradient":""}},"ast-content-background-meta":{"desktop":{"background-color":"var(--ast-global-color-5)","background-image":"","background-repeat":"repeat","background-position":"center center","background-size":"auto","background-attachment":"scroll","background-type":"","background-media":"","overlay-type":"","overlay-color":"","overlay-opacity":"","overlay-gradient":""},"tablet":{"background-color":"var(--ast-global-color-5)","background-image":"","background-repeat":"repeat","background-position":"center center","background-size":"auto","background-attachment":"scroll","background-type":"","background-media":"","overlay-type":"","overlay-color":"","overlay-opacity":"","overlay-gradient":""},"mobile":{"background-color":"var(--ast-global-color-5)","background-image":"","background-repeat":"repeat","background-position":"center center","background-size":"auto","background-attachment":"scroll","background-type":"","background-media":"","overlay-type":"","overlay-color":"","overlay-opacity":"","overlay-gradient":""}}},"product_brand":[],"product_cat":[44],"product_tag":[],"class_list":{"0":"post-796","1":"product","2":"type-product","3":"status-publish","4":"has-post-thumbnail","6":"product_cat-other-chain","7":"desktop-align-center","8":"tablet-align-left","9":"mobile-align-left","11":"first","12":"instock","13":"shipping-taxable","14":"product-type-simple"},"yoast_head":"<!-- This site is optimized with the Yoast SEO plugin v25.9 - https:\/\/yoast.com\/wordpress\/plugins\/seo\/ -->\n<title>Diamond Chain - chains manufacturer<\/title>\n<meta name=\"description\" content=\"Be at the forefront of fashion with the diamond chain. With a variety of styles to choose from, you&#039;ll find the perfect piece to express your individuality.\" \/>\n<meta name=\"robots\" content=\"index, follow, max-snippet:-1, max-image-preview:large, max-video-preview:-1\" \/>\n<link rel=\"canonical\" href=\"https:\/\/chainsmanufacturer.com\/tr\/urun\/diamond-chain\/\" \/>\n<meta property=\"og:locale\" content=\"tr_TR\" \/>\n<meta property=\"og:type\" content=\"article\" \/>\n<meta property=\"og:title\" content=\"Diamond Chain - chains manufacturer\" \/>\n<meta property=\"og:description\" content=\"Be at the forefront of fashion with the diamond chain. With a variety of styles to choose from, you&#039;ll find the perfect piece to express your individuality.\" \/>\n<meta property=\"og:url\" content=\"https:\/\/chainsmanufacturer.com\/tr\/urun\/diamond-chain\/\" \/>\n<meta property=\"og:site_name\" content=\"chains manufacturer\" \/>\n<meta property=\"article:modified_time\" content=\"2025-01-07T08:05:37+00:00\" \/>\n<meta property=\"og:image\" content=\"https:\/\/chainsmanufacturer.com\/wp-content\/uploads\/2023\/11\/Diamond-Chain-1-1.jpg\" \/>\n\t<meta property=\"og:image:width\" content=\"800\" \/>\n\t<meta property=\"og:image:height\" content=\"600\" \/>\n\t<meta property=\"og:image:type\" content=\"image\/jpeg\" \/>\n<meta name=\"twitter:card\" content=\"summary_large_image\" \/>\n<meta name=\"twitter:label1\" content=\"Tahmini okuma s\u00fcresi\" \/>\n\t<meta name=\"twitter:data1\" content=\"2 dakika\" \/>\n<script type=\"application\/ld+json\" class=\"yoast-schema-graph\">{\"@context\":\"https:\/\/schema.org\",\"@graph\":[{\"@type\":\"WebPage\",\"@id\":\"https:\/\/chainsmanufacturer.com\/product\/diamond-chain\/\",\"url\":\"https:\/\/chainsmanufacturer.com\/product\/diamond-chain\/\",\"name\":\"Diamond Chain - chains manufacturer\",\"isPartOf\":{\"@id\":\"https:\/\/chainsmanufacturer.com\/#website\"},\"primaryImageOfPage\":{\"@id\":\"https:\/\/chainsmanufacturer.com\/product\/diamond-chain\/#primaryimage\"},\"image\":{\"@id\":\"https:\/\/chainsmanufacturer.com\/product\/diamond-chain\/#primaryimage\"},\"thumbnailUrl\":\"https:\/\/chainsmanufacturer.com\/wp-content\/uploads\/2023\/11\/Diamond-Chain-1-1.jpg\",\"datePublished\":\"2023-11-24T07:58:35+00:00\",\"dateModified\":\"2025-01-07T08:05:37+00:00\",\"description\":\"Be at the forefront of fashion with the diamond chain. With a variety of styles to choose from, you'll find the perfect piece to express your individuality.\",\"breadcrumb\":{\"@id\":\"https:\/\/chainsmanufacturer.com\/product\/diamond-chain\/#breadcrumb\"},\"inLanguage\":\"tr\",\"potentialAction\":[{\"@type\":\"ReadAction\",\"target\":[\"https:\/\/chainsmanufacturer.com\/product\/diamond-chain\/\"]}]},{\"@type\":\"ImageObject\",\"inLanguage\":\"tr\",\"@id\":\"https:\/\/chainsmanufacturer.com\/product\/diamond-chain\/#primaryimage\",\"url\":\"https:\/\/chainsmanufacturer.com\/wp-content\/uploads\/2023\/11\/Diamond-Chain-1-1.jpg\",\"contentUrl\":\"https:\/\/chainsmanufacturer.com\/wp-content\/uploads\/2023\/11\/Diamond-Chain-1-1.jpg\",\"width\":800,\"height\":600,\"caption\":\"Diamond Chain (1)\"},{\"@type\":\"BreadcrumbList\",\"@id\":\"https:\/\/chainsmanufacturer.com\/product\/diamond-chain\/#breadcrumb\",\"itemListElement\":[{\"@type\":\"ListItem\",\"position\":1,\"name\":\"\u9996\u9875\",\"item\":\"https:\/\/chainsmanufacturer.com\/\"},{\"@type\":\"ListItem\",\"position\":2,\"name\":\"\u4ea7\u54c1\",\"item\":\"https:\/\/chainsmanufacturer.com\/shop\/\"},{\"@type\":\"ListItem\",\"position\":3,\"name\":\"Diamond Chain\"}]},{\"@type\":\"WebSite\",\"@id\":\"https:\/\/chainsmanufacturer.com\/#website\",\"url\":\"https:\/\/chainsmanufacturer.com\/\",\"name\":\"chains manufacturer\",\"description\":\"chains manufacturer\",\"publisher\":{\"@id\":\"https:\/\/chainsmanufacturer.com\/#organization\"},\"potentialAction\":[{\"@type\":\"SearchAction\",\"target\":{\"@type\":\"EntryPoint\",\"urlTemplate\":\"https:\/\/chainsmanufacturer.com\/?s={search_term_string}\"},\"query-input\":{\"@type\":\"PropertyValueSpecification\",\"valueRequired\":true,\"valueName\":\"search_term_string\"}}],\"inLanguage\":\"tr\"},{\"@type\":\"Organization\",\"@id\":\"https:\/\/chainsmanufacturer.com\/#organization\",\"name\":\"chains manufacturer\",\"url\":\"https:\/\/chainsmanufacturer.com\/\",\"logo\":{\"@type\":\"ImageObject\",\"inLanguage\":\"tr\",\"@id\":\"https:\/\/chainsmanufacturer.com\/#\/schema\/logo\/image\/\",\"url\":\"https:\/\/chainsmanufacturer.com\/wp-content\/uploads\/2023\/11\/logo.png\",\"contentUrl\":\"https:\/\/chainsmanufacturer.com\/wp-content\/uploads\/2023\/11\/logo.png\",\"width\":180,\"height\":60,\"caption\":\"chains manufacturer\"},\"image\":{\"@id\":\"https:\/\/chainsmanufacturer.com\/#\/schema\/logo\/image\/\"}}]}<\/script>\n<!-- \/ Yoast SEO plugin. -->","yoast_head_json":{"title":"Diamond Chain - chains manufacturer","description":"Be at the forefront of fashion with the diamond chain. With a variety of styles to choose from, you'll find the perfect piece to express your individuality.","robots":{"index":"index","follow":"follow","max-snippet":"max-snippet:-1","max-image-preview":"max-image-preview:large","max-video-preview":"max-video-preview:-1"},"canonical":"https:\/\/chainsmanufacturer.com\/tr\/urun\/diamond-chain\/","og_locale":"tr_TR","og_type":"article","og_title":"Diamond Chain - chains manufacturer","og_description":"Be at the forefront of fashion with the diamond chain. With a variety of styles to choose from, you'll find the perfect piece to express your individuality.","og_url":"https:\/\/chainsmanufacturer.com\/tr\/urun\/diamond-chain\/","og_site_name":"chains manufacturer","article_modified_time":"2025-01-07T08:05:37+00:00","og_image":[{"width":800,"height":600,"url":"https:\/\/chainsmanufacturer.com\/wp-content\/uploads\/2023\/11\/Diamond-Chain-1-1.jpg","type":"image\/jpeg"}],"twitter_card":"summary_large_image","twitter_misc":{"Tahmini okuma s\u00fcresi":"2 dakika"},"schema":{"@context":"https:\/\/schema.org","@graph":[{"@type":"WebPage","@id":"https:\/\/chainsmanufacturer.com\/product\/diamond-chain\/","url":"https:\/\/chainsmanufacturer.com\/product\/diamond-chain\/","name":"Diamond Chain - chains manufacturer","isPartOf":{"@id":"https:\/\/chainsmanufacturer.com\/#website"},"primaryImageOfPage":{"@id":"https:\/\/chainsmanufacturer.com\/product\/diamond-chain\/#primaryimage"},"image":{"@id":"https:\/\/chainsmanufacturer.com\/product\/diamond-chain\/#primaryimage"},"thumbnailUrl":"https:\/\/chainsmanufacturer.com\/wp-content\/uploads\/2023\/11\/Diamond-Chain-1-1.jpg","datePublished":"2023-11-24T07:58:35+00:00","dateModified":"2025-01-07T08:05:37+00:00","description":"Be at the forefront of fashion with the diamond chain. With a variety of styles to choose from, you'll find the perfect piece to express your individuality.","breadcrumb":{"@id":"https:\/\/chainsmanufacturer.com\/product\/diamond-chain\/#breadcrumb"},"inLanguage":"tr","potentialAction":[{"@type":"ReadAction","target":["https:\/\/chainsmanufacturer.com\/product\/diamond-chain\/"]}]},{"@type":"ImageObject","inLanguage":"tr","@id":"https:\/\/chainsmanufacturer.com\/product\/diamond-chain\/#primaryimage","url":"https:\/\/chainsmanufacturer.com\/wp-content\/uploads\/2023\/11\/Diamond-Chain-1-1.jpg","contentUrl":"https:\/\/chainsmanufacturer.com\/wp-content\/uploads\/2023\/11\/Diamond-Chain-1-1.jpg","width":800,"height":600,"caption":"Diamond Chain (1)"},{"@type":"BreadcrumbList","@id":"https:\/\/chainsmanufacturer.com\/product\/diamond-chain\/#breadcrumb","itemListElement":[{"@type":"ListItem","position":1,"name":"\u9996\u9875","item":"https:\/\/chainsmanufacturer.com\/"},{"@type":"ListItem","position":2,"name":"\u4ea7\u54c1","item":"https:\/\/chainsmanufacturer.com\/shop\/"},{"@type":"ListItem","position":3,"name":"Diamond Chain"}]},{"@type":"WebSite","@id":"https:\/\/chainsmanufacturer.com\/#website","url":"https:\/\/chainsmanufacturer.com\/","name":"Zincir \u00dcreticisi","description":"Zincir \u00dcreticisi","publisher":{"@id":"https:\/\/chainsmanufacturer.com\/#organization"},"potentialAction":[{"@type":"SearchAction","target":{"@type":"EntryPoint","urlTemplate":"https:\/\/chainsmanufacturer.com\/?s={search_term_string}"},"query-input":{"@type":"PropertyValueSpecification","valueRequired":true,"valueName":"search_term_string"}}],"inLanguage":"tr"},{"@type":"Organization","@id":"https:\/\/chainsmanufacturer.com\/#organization","name":"Zincir \u00dcreticisi","url":"https:\/\/chainsmanufacturer.com\/","logo":{"@type":"ImageObject","inLanguage":"tr","@id":"https:\/\/chainsmanufacturer.com\/#\/schema\/logo\/image\/","url":"https:\/\/chainsmanufacturer.com\/wp-content\/uploads\/2023\/11\/logo.png","contentUrl":"https:\/\/chainsmanufacturer.com\/wp-content\/uploads\/2023\/11\/logo.png","width":180,"height":60,"caption":"chains manufacturer"},"image":{"@id":"https:\/\/chainsmanufacturer.com\/#\/schema\/logo\/image\/"}}]}},"_links":{"self":[{"href":"https:\/\/chainsmanufacturer.com\/tr\/wp-json\/wp\/v2\/product\/796","targetHints":{"allow":["GET"]}}],"collection":[{"href":"https:\/\/chainsmanufacturer.com\/tr\/wp-json\/wp\/v2\/product"}],"about":[{"href":"https:\/\/chainsmanufacturer.com\/tr\/wp-json\/wp\/v2\/types\/product"}],"wp:featuredmedia":[{"embeddable":true,"href":"https:\/\/chainsmanufacturer.com\/tr\/wp-json\/wp\/v2\/media\/1842"}],"wp:attachment":[{"href":"https:\/\/chainsmanufacturer.com\/tr\/wp-json\/wp\/v2\/media?parent=796"}],"wp:term":[{"taxonomy":"product_brand","embeddable":true,"href":"https:\/\/chainsmanufacturer.com\/tr\/wp-json\/wp\/v2\/product_brand?post=796"},{"taxonomy":"product_cat","embeddable":true,"href":"https:\/\/chainsmanufacturer.com\/tr\/wp-json\/wp\/v2\/product_cat?post=796"},{"taxonomy":"product_tag","embeddable":true,"href":"https:\/\/chainsmanufacturer.com\/tr\/wp-json\/wp\/v2\/product_tag?post=796"}],"curies":[{"name":"wp","href":"https:\/\/api.w.org\/{rel}","templated":true}]}}