{"id":776,"date":"2023-11-24T07:29:37","date_gmt":"2023-11-24T07:29:37","guid":{"rendered":"https:\/\/chainsmanufacturer.com\/?post_type=product&#038;p=776"},"modified":"2025-01-07T05:39:45","modified_gmt":"2025-01-07T05:39:45","slug":"din-5685-c-chain","status":"publish","type":"product","link":"https:\/\/chainsmanufacturer.com\/tr\/urun\/din-5685-c-chain\/","title":{"rendered":"DIN 5685-C zincir"},"content":{"rendered":"<h3 class=\"wpdt-c\"\n        id=\"wdt-table-title-17\">DIN 5685-C<\/h3>\n<div class=\"wpdt-c row wpDataTableContainerSimpleTable wpDataTables wpDataTablesWrapper\"\n    >\n        <table id=\"wpdtSimpleTable-17\"\n           style=\"border-collapse:collapse;                   border-spacing:0px;\"\n           class=\"wpdtSimpleTable wpDataTable\"\n           data-column=\"15\"\n           data-rows=\"3\"\n           data-wpid=\"17\"\n           data-responsive=\"0\"\n           data-has-header=\"0\">\n\n                    <tbody>        <tr class=\"wpdt-cell-row\" >\n                                <td class=\"wpdt-cell wpdt-bold wpdt-bc-F44336 wpdt-tc-FFFFFF wpdt-merged-cell\"\n                     colspan=\"15\"  rowspan=\"1\"                     data-cell-id=\"A1\"\n                    data-col-index=\"0\"\n                    data-row-index=\"0\"\n                    style=\" width:100%;                    padding:10px;                    \"\n                    >\n                                        DIN 5685-C                    <\/td>\n                                                                                                                                                                                                                <\/tr>\n                            <tr class=\"wpdt-cell-row\" >\n                                <td class=\"wpdt-cell\"\n                                            data-cell-id=\"A2\"\n                    data-col-index=\"0\"\n                    data-row-index=\"1\"\n                    style=\"                    padding:10px;                    \"\n                    >\n                                        DIA                    <\/td>\n                                                <td class=\"wpdt-cell wpdt-bc-F44336 wpdt-tc-FFFFFF wpdt-merged-cell\"\n                     colspan=\"1\"  rowspan=\"2\"                     data-cell-id=\"B2\"\n                    data-col-index=\"1\"\n                    data-row-index=\"1\"\n                    style=\"                    padding:10px;                    \"\n                    >\n                                        2.0                    <\/td>\n                                                <td class=\"wpdt-cell  wpdt-merged-cell\"\n                     colspan=\"1\"  rowspan=\"2\"                     data-cell-id=\"C2\"\n                    data-col-index=\"2\"\n                    data-row-index=\"1\"\n                    style=\"                    padding:10px;                    \"\n                    >\n                                        2.5                    <\/td>\n                                                <td class=\"wpdt-cell wpdt-bc-F44336 wpdt-tc-FFFFFF wpdt-merged-cell\"\n                     colspan=\"1\"  rowspan=\"2\"                     data-cell-id=\"D2\"\n                    data-col-index=\"3\"\n                    data-row-index=\"1\"\n                    style=\"                    padding:10px;                    \"\n                    >\n                                        3.0                    <\/td>\n                                                <td class=\"wpdt-cell  wpdt-merged-cell\"\n                     colspan=\"1\"  rowspan=\"2\"                     data-cell-id=\"E2\"\n                    data-col-index=\"4\"\n                    data-row-index=\"1\"\n                    style=\"                    padding:10px;                    \"\n                    >\n                                        3.5                    <\/td>\n                                                <td class=\"wpdt-cell wpdt-bc-F44336 wpdt-tc-FFFFFF wpdt-merged-cell\"\n                     colspan=\"1\"  rowspan=\"2\"                     data-cell-id=\"F2\"\n                    data-col-index=\"5\"\n                    data-row-index=\"1\"\n                    style=\"                    padding:10px;                    \"\n                    >\n                                        4.0                    <\/td>\n                                                <td class=\"wpdt-cell  wpdt-merged-cell\"\n                     colspan=\"1\"  rowspan=\"2\"                     data-cell-id=\"G2\"\n                    data-col-index=\"6\"\n                    data-row-index=\"1\"\n                    style=\"                    padding:10px;                    \"\n                    >\n                                        4.5                    <\/td>\n                                                <td class=\"wpdt-cell wpdt-bc-F44336 wpdt-tc-FFFFFF wpdt-merged-cell\"\n                     colspan=\"1\"  rowspan=\"2\"                     data-cell-id=\"H2\"\n                    data-col-index=\"7\"\n                    data-row-index=\"1\"\n                    style=\"                    padding:10px;                    \"\n                    >\n                                        5.0                    <\/td>\n                                                <td class=\"wpdt-cell  wpdt-merged-cell\"\n                     colspan=\"1\"  rowspan=\"2\"                     data-cell-id=\"I2\"\n                    data-col-index=\"8\"\n                    data-row-index=\"1\"\n                    style=\"                    padding:10px;                    \"\n                    >\n                                        5.5                    <\/td>\n                                                <td class=\"wpdt-cell wpdt-bc-F44336 wpdt-tc-FFFFFF wpdt-merged-cell\"\n                     colspan=\"1\"  rowspan=\"2\"                     data-cell-id=\"J2\"\n                    data-col-index=\"9\"\n                    data-row-index=\"1\"\n                    style=\"                    padding:10px;                    \"\n                    >\n                                        6.0                    <\/td>\n                                                <td class=\"wpdt-cell  wpdt-merged-cell\"\n                     colspan=\"1\"  rowspan=\"2\"                     data-cell-id=\"K2\"\n                    data-col-index=\"10\"\n                    data-row-index=\"1\"\n                    style=\"                    padding:10px;                    \"\n                    >\n                                        6.5                    <\/td>\n                                                <td class=\"wpdt-cell wpdt-bc-F44336 wpdt-tc-FFFFFF wpdt-merged-cell\"\n                     colspan=\"1\"  rowspan=\"2\"                     data-cell-id=\"L2\"\n                    data-col-index=\"11\"\n                    data-row-index=\"1\"\n                    style=\"                    padding:10px;                    \"\n                    >\n                                        7.0                    <\/td>\n                                                <td class=\"wpdt-cell  wpdt-merged-cell\"\n                     colspan=\"1\"  rowspan=\"2\"                     data-cell-id=\"M2\"\n                    data-col-index=\"12\"\n                    data-row-index=\"1\"\n                    style=\"                    padding:10px;                    \"\n                    >\n                                        8.0                    <\/td>\n                                                <td class=\"wpdt-cell wpdt-bc-F44336 wpdt-tc-FFFFFF wpdt-merged-cell\"\n                     colspan=\"1\"  rowspan=\"2\"                     data-cell-id=\"N2\"\n                    data-col-index=\"13\"\n                    data-row-index=\"1\"\n                    style=\"                    padding:10px;                    \"\n                    >\n                                        9.0                    <\/td>\n                                                <td class=\"wpdt-cell  wpdt-merged-cell\"\n                     colspan=\"1\"  rowspan=\"2\"                     data-cell-id=\"O2\"\n                    data-col-index=\"14\"\n                    data-row-index=\"1\"\n                    style=\"                    padding:10px;                    \"\n                    >\n                                        10.0                    <\/td>\n                                        <\/tr>\n                            <tr class=\"wpdt-cell-row\" >\n                                <td class=\"wpdt-cell\"\n                                            data-cell-id=\"A3\"\n                    data-col-index=\"0\"\n                    data-row-index=\"2\"\n                    style=\"                    padding:10px;                    \"\n                    >\n                                        mm                    <\/td>\n                                                                                                                                                                                                                <\/tr>\n                    <\/table>\n<\/div><style id='wpdt-custom-style-17'>\n.wpdt-bc-F44336 { background-color: #F44336 !important;}\n.wpdt-tc-FFFFFF { color: #FFFFFF !important;}\n<\/style>\n\n<p data-sourcepos=\"3:1-3:29\"><strong>1. \u00d6zl\u00fc ve Teknik:<\/strong><\/p>\n<blockquote data-sourcepos=\"5:1-5:448\">\n<p data-sourcepos=\"5:3-5:448\">\"DIN standart ba\u011flant\u0131 zincirleri yelpazemiz DIN 5687, DIN 5685, DIN 5684, DIN 763, DIN 764 ve DIN 766 gibi pop\u00fcler standartlar\u0131 kapsamaktad\u0131r. Kendinden renkli, siyah boyal\u0131, parlak \u00e7inko kaplama, s\u0131cak dald\u0131rma galvaniz ve elektro galvaniz dahil olmak \u00fczere \u00e7e\u015fitli y\u00fczeyler sunuyoruz. Hem k\u0131sa hem de uzun baklal\u0131 \u00e7elik zincirler mevcuttur. T\u00fcm zincirlerimiz, ilgili DIN standartlar\u0131nda belirtilen spesifikasyonlara ve malzeme gereksinimlerine s\u0131k\u0131 s\u0131k\u0131ya ba\u011fl\u0131d\u0131r.\"<\/p>\n<\/blockquote>\n<p data-sourcepos=\"7:1-7:42\"><strong>2. Kalite ve Uyumlulu\u011fun Vurgulanmas\u0131:<\/strong><\/p>\n<blockquote data-sourcepos=\"9:1-9:438\">\n<p data-sourcepos=\"9:3-9:438\">\"DIN 5687, DIN 5685 ve di\u011fer ilgili standartlara uygun olanlar da dahil olmak \u00fczere kapsaml\u0131 bir DIN standart ba\u011flant\u0131 zincirleri yelpazesi sunuyoruz. Zincirlerimiz, kendinden renkli ve s\u0131cak dald\u0131rma galvaniz aras\u0131nda de\u011fi\u015fen y\u00fczeylerle en y\u00fcksek kalite standartlar\u0131na g\u00f6re \u00fcretilmektedir. \u00c7elikte hem k\u0131sa hem de uzun baklal\u0131 konfig\u00fcrasyonlar sunuyoruz ve bunlar\u0131n t\u00fcm\u00fc boyutlar ve malzeme \u00f6zellikleri a\u00e7\u0131s\u0131ndan belirtilen DIN standartlar\u0131na tam olarak uygundur.\"<\/p>\n<\/blockquote>\n<p data-sourcepos=\"11:1-11:42\"><strong>3. Daha A\u00e7\u0131klay\u0131c\u0131 ve Kullan\u0131c\u0131 Dostu:<\/strong><\/p>\n<blockquote data-sourcepos=\"13:1-13:398\">\n<p data-sourcepos=\"13:3-13:398\">\"DIN 5687 ve DIN 5685 gibi pop\u00fcler t\u00fcrler de dahil olmak \u00fczere \u00e7ok \u00e7e\u015fitli DIN standart baklal\u0131 zincirler sunuyoruz. \u00d6zel ihtiya\u00e7lar\u0131n\u0131za uygun siyah boya, \u00e7inko kaplama ve s\u0131cak dald\u0131rma galvaniz gibi \u00e7e\u015fitli y\u00fczeyler aras\u0131ndan se\u00e7im yap\u0131n. \u00c7elikte hem k\u0131sa hem de uzun baklal\u0131 se\u00e7enekler sunuyoruz ve hepsi ilgili DIN standartlar\u0131nda belirtilen tam spesifikasyonlara ve malzeme gereksinimlerine g\u00f6re \u00fcretiliyor.\"<\/p>\n<\/blockquote>\n<p data-sourcepos=\"15:1-15:32\"><strong>4. \u00c7ok Y\u00f6nl\u00fcl\u00fc\u011f\u00fcn Vurgulanmas\u0131:<\/strong><\/p>\n<blockquote data-sourcepos=\"17:1-17:430\">\n<p data-sourcepos=\"17:3-17:430\">\"DIN 5687, DIN 5685 ve di\u011fer ilgili standartlar\u0131 kapsayan DIN standart baklal\u0131 zincir se\u00e7eneklerimiz tasar\u0131m ve uygulamada \u00e7ok y\u00f6nl\u00fcl\u00fck sunmaktad\u0131r. Hem k\u0131sa hem de uzun baklal\u0131 konfig\u00fcrasyonlarda ve kendinden renkli, siyah boyal\u0131 ve galvanizli se\u00e7enekler de dahil olmak \u00fczere \u00e7e\u015fitli y\u00fczeylerde mevcut olan \u00e7elik zincirlerimiz, boyutlar ve malzeme \u00f6zellikleri a\u00e7\u0131s\u0131ndan ilgili DIN standartlar\u0131n\u0131n kat\u0131 gereksinimlerini kar\u015f\u0131lamaktad\u0131r.\"<\/p>\n<\/blockquote>","protected":false},"excerpt":{"rendered":"<p>Chains according to DIN 5685-C\uff0cGalvanized and chromated, hot-dip galvanized, red\/white powder coated or stainless steel\uff0cGB, DIN, EN, ISO, ASTM<\/p>","protected":false},"featured_media":1828,"template":"","meta":{"site-sidebar-layout":"default","site-content-layout":"","ast-site-content-layout":"default","site-content-style":"default","site-sidebar-style":"default","ast-global-header-display":"","ast-banner-title-visibility":"","ast-main-header-display":"","ast-hfb-above-header-display":"","ast-hfb-below-header-display":"","ast-hfb-mobile-header-display":"","site-post-title":"","ast-breadcrumbs-content":"","ast-featured-img":"","footer-sml-layout":"","ast-disable-related-posts":"","theme-transparent-header-meta":"default","adv-header-id-meta":"","stick-header-meta":"","header-above-stick-meta":"","header-main-stick-meta":"","header-below-stick-meta":"","astra-migrate-meta-layouts":"set","ast-page-background-enabled":"default","ast-page-background-meta":{"desktop":{"background-color":"","background-image":"","background-repeat":"repeat","background-position":"center center","background-size":"auto","background-attachment":"scroll","background-type":"","background-media":"","overlay-type":"","overlay-color":"","overlay-opacity":"","overlay-gradient":""},"tablet":{"background-color":"","background-image":"","background-repeat":"repeat","background-position":"center center","background-size":"auto","background-attachment":"scroll","background-type":"","background-media":"","overlay-type":"","overlay-color":"","overlay-opacity":"","overlay-gradient":""},"mobile":{"background-color":"","background-image":"","background-repeat":"repeat","background-position":"center center","background-size":"auto","background-attachment":"scroll","background-type":"","background-media":"","overlay-type":"","overlay-color":"","overlay-opacity":"","overlay-gradient":""}},"ast-content-background-meta":{"desktop":{"background-color":"var(--ast-global-color-5)","background-image":"","background-repeat":"repeat","background-position":"center center","background-size":"auto","background-attachment":"scroll","background-type":"","background-media":"","overlay-type":"","overlay-color":"","overlay-opacity":"","overlay-gradient":""},"tablet":{"background-color":"var(--ast-global-color-5)","background-image":"","background-repeat":"repeat","background-position":"center center","background-size":"auto","background-attachment":"scroll","background-type":"","background-media":"","overlay-type":"","overlay-color":"","overlay-opacity":"","overlay-gradient":""},"mobile":{"background-color":"var(--ast-global-color-5)","background-image":"","background-repeat":"repeat","background-position":"center center","background-size":"auto","background-attachment":"scroll","background-type":"","background-media":"","overlay-type":"","overlay-color":"","overlay-opacity":"","overlay-gradient":""}}},"product_brand":[],"product_cat":[37],"product_tag":[],"class_list":{"0":"post-776","1":"product","2":"type-product","3":"status-publish","4":"has-post-thumbnail","6":"product_cat-welded-chain","7":"desktop-align-center","8":"tablet-align-left","9":"mobile-align-left","11":"first","12":"instock","13":"shipping-taxable","14":"product-type-simple"},"yoast_head":"<!-- This site is optimized with the Yoast SEO plugin v27.4 - https:\/\/yoast.com\/product\/yoast-seo-wordpress\/ -->\n<title>DIN 5685-C chain - chains manufacturer<\/title>\n<meta name=\"description\" content=\"DIN 5685-C chain is a high-quality, long link chain manufactured to German standards, made from premium steel and designed for industrial applications.\" \/>\n<meta name=\"robots\" content=\"index, follow, max-snippet:-1, max-image-preview:large, max-video-preview:-1\" \/>\n<link rel=\"canonical\" href=\"https:\/\/chainsmanufacturer.com\/tr\/urun\/din-5685-c-chain\/\" \/>\n<meta property=\"og:locale\" content=\"tr_TR\" \/>\n<meta property=\"og:type\" content=\"article\" \/>\n<meta property=\"og:title\" content=\"DIN 5685-C chain - chains manufacturer\" \/>\n<meta property=\"og:description\" content=\"DIN 5685-C chain is a high-quality, long link chain manufactured to German standards, made from premium steel and designed for industrial applications.\" \/>\n<meta property=\"og:url\" content=\"https:\/\/chainsmanufacturer.com\/tr\/urun\/din-5685-c-chain\/\" \/>\n<meta property=\"og:site_name\" content=\"chains manufacturer\" \/>\n<meta property=\"article:modified_time\" content=\"2025-01-07T05:39:45+00:00\" \/>\n<meta property=\"og:image\" content=\"https:\/\/chainsmanufacturer.com\/wp-content\/uploads\/2023\/11\/Din-5685-C-1-1.jpg\" \/>\n\t<meta property=\"og:image:width\" content=\"800\" \/>\n\t<meta property=\"og:image:height\" content=\"600\" \/>\n\t<meta property=\"og:image:type\" content=\"image\/jpeg\" \/>\n<meta name=\"twitter:card\" content=\"summary_large_image\" \/>\n<meta name=\"twitter:label1\" content=\"Tahmini okuma s\u00fcresi\" \/>\n\t<meta name=\"twitter:data1\" content=\"1 dakika\" \/>\n<script type=\"application\/ld+json\" class=\"yoast-schema-graph\">{\"@context\":\"https:\\\/\\\/schema.org\",\"@graph\":[{\"@type\":\"WebPage\",\"@id\":\"https:\\\/\\\/chainsmanufacturer.com\\\/product\\\/din-5685-c-chain\\\/\",\"url\":\"https:\\\/\\\/chainsmanufacturer.com\\\/product\\\/din-5685-c-chain\\\/\",\"name\":\"DIN 5685-C chain - chains manufacturer\",\"isPartOf\":{\"@id\":\"https:\\\/\\\/chainsmanufacturer.com\\\/#website\"},\"primaryImageOfPage\":{\"@id\":\"https:\\\/\\\/chainsmanufacturer.com\\\/product\\\/din-5685-c-chain\\\/#primaryimage\"},\"image\":{\"@id\":\"https:\\\/\\\/chainsmanufacturer.com\\\/product\\\/din-5685-c-chain\\\/#primaryimage\"},\"thumbnailUrl\":\"https:\\\/\\\/chainsmanufacturer.com\\\/wp-content\\\/uploads\\\/2023\\\/11\\\/Din-5685-C-1-1.jpg\",\"datePublished\":\"2023-11-24T07:29:37+00:00\",\"dateModified\":\"2025-01-07T05:39:45+00:00\",\"description\":\"DIN 5685-C chain is a high-quality, long link chain manufactured to German standards, made from premium steel and designed for industrial applications.\",\"breadcrumb\":{\"@id\":\"https:\\\/\\\/chainsmanufacturer.com\\\/product\\\/din-5685-c-chain\\\/#breadcrumb\"},\"inLanguage\":\"tr\",\"potentialAction\":[{\"@type\":\"ReadAction\",\"target\":[\"https:\\\/\\\/chainsmanufacturer.com\\\/product\\\/din-5685-c-chain\\\/\"]}]},{\"@type\":\"ImageObject\",\"inLanguage\":\"tr\",\"@id\":\"https:\\\/\\\/chainsmanufacturer.com\\\/product\\\/din-5685-c-chain\\\/#primaryimage\",\"url\":\"https:\\\/\\\/chainsmanufacturer.com\\\/wp-content\\\/uploads\\\/2023\\\/11\\\/Din-5685-C-1-1.jpg\",\"contentUrl\":\"https:\\\/\\\/chainsmanufacturer.com\\\/wp-content\\\/uploads\\\/2023\\\/11\\\/Din-5685-C-1-1.jpg\",\"width\":800,\"height\":600,\"caption\":\"Din 5685 C (1)\"},{\"@type\":\"BreadcrumbList\",\"@id\":\"https:\\\/\\\/chainsmanufacturer.com\\\/product\\\/din-5685-c-chain\\\/#breadcrumb\",\"itemListElement\":[{\"@type\":\"ListItem\",\"position\":1,\"name\":\"\u9996\u9875\",\"item\":\"https:\\\/\\\/chainsmanufacturer.com\\\/\"},{\"@type\":\"ListItem\",\"position\":2,\"name\":\"\u4ea7\u54c1\",\"item\":\"https:\\\/\\\/chainsmanufacturer.com\\\/shop\\\/\"},{\"@type\":\"ListItem\",\"position\":3,\"name\":\"DIN 5685-C chain\"}]},{\"@type\":\"WebSite\",\"@id\":\"https:\\\/\\\/chainsmanufacturer.com\\\/#website\",\"url\":\"https:\\\/\\\/chainsmanufacturer.com\\\/\",\"name\":\"chains manufacturer\",\"description\":\"chains manufacturer\",\"publisher\":{\"@id\":\"https:\\\/\\\/chainsmanufacturer.com\\\/#organization\"},\"potentialAction\":[{\"@type\":\"SearchAction\",\"target\":{\"@type\":\"EntryPoint\",\"urlTemplate\":\"https:\\\/\\\/chainsmanufacturer.com\\\/?s={search_term_string}\"},\"query-input\":{\"@type\":\"PropertyValueSpecification\",\"valueRequired\":true,\"valueName\":\"search_term_string\"}}],\"inLanguage\":\"tr\"},{\"@type\":\"Organization\",\"@id\":\"https:\\\/\\\/chainsmanufacturer.com\\\/#organization\",\"name\":\"chains manufacturer\",\"url\":\"https:\\\/\\\/chainsmanufacturer.com\\\/\",\"logo\":{\"@type\":\"ImageObject\",\"inLanguage\":\"tr\",\"@id\":\"https:\\\/\\\/chainsmanufacturer.com\\\/#\\\/schema\\\/logo\\\/image\\\/\",\"url\":\"https:\\\/\\\/chainsmanufacturer.com\\\/wp-content\\\/uploads\\\/2023\\\/11\\\/logo.png\",\"contentUrl\":\"https:\\\/\\\/chainsmanufacturer.com\\\/wp-content\\\/uploads\\\/2023\\\/11\\\/logo.png\",\"width\":180,\"height\":60,\"caption\":\"chains manufacturer\"},\"image\":{\"@id\":\"https:\\\/\\\/chainsmanufacturer.com\\\/#\\\/schema\\\/logo\\\/image\\\/\"}}]}<\/script>\n<!-- \/ Yoast SEO plugin. -->","yoast_head_json":{"title":"DIN 5685-C chain - chains manufacturer","description":"DIN 5685-C chain is a high-quality, long link chain manufactured to German standards, made from premium steel and designed for industrial applications.","robots":{"index":"index","follow":"follow","max-snippet":"max-snippet:-1","max-image-preview":"max-image-preview:large","max-video-preview":"max-video-preview:-1"},"canonical":"https:\/\/chainsmanufacturer.com\/tr\/urun\/din-5685-c-chain\/","og_locale":"tr_TR","og_type":"article","og_title":"DIN 5685-C chain - chains manufacturer","og_description":"DIN 5685-C chain is a high-quality, long link chain manufactured to German standards, made from premium steel and designed for industrial applications.","og_url":"https:\/\/chainsmanufacturer.com\/tr\/urun\/din-5685-c-chain\/","og_site_name":"chains manufacturer","article_modified_time":"2025-01-07T05:39:45+00:00","og_image":[{"width":800,"height":600,"url":"https:\/\/chainsmanufacturer.com\/wp-content\/uploads\/2023\/11\/Din-5685-C-1-1.jpg","type":"image\/jpeg"}],"twitter_card":"summary_large_image","twitter_misc":{"Tahmini okuma s\u00fcresi":"1 dakika"},"schema":{"@context":"https:\/\/schema.org","@graph":[{"@type":"WebPage","@id":"https:\/\/chainsmanufacturer.com\/product\/din-5685-c-chain\/","url":"https:\/\/chainsmanufacturer.com\/product\/din-5685-c-chain\/","name":"DIN 5685-C chain - chains manufacturer","isPartOf":{"@id":"https:\/\/chainsmanufacturer.com\/#website"},"primaryImageOfPage":{"@id":"https:\/\/chainsmanufacturer.com\/product\/din-5685-c-chain\/#primaryimage"},"image":{"@id":"https:\/\/chainsmanufacturer.com\/product\/din-5685-c-chain\/#primaryimage"},"thumbnailUrl":"https:\/\/chainsmanufacturer.com\/wp-content\/uploads\/2023\/11\/Din-5685-C-1-1.jpg","datePublished":"2023-11-24T07:29:37+00:00","dateModified":"2025-01-07T05:39:45+00:00","description":"DIN 5685-C chain is a high-quality, long link chain manufactured to German standards, made from premium steel and designed for industrial applications.","breadcrumb":{"@id":"https:\/\/chainsmanufacturer.com\/product\/din-5685-c-chain\/#breadcrumb"},"inLanguage":"tr","potentialAction":[{"@type":"ReadAction","target":["https:\/\/chainsmanufacturer.com\/product\/din-5685-c-chain\/"]}]},{"@type":"ImageObject","inLanguage":"tr","@id":"https:\/\/chainsmanufacturer.com\/product\/din-5685-c-chain\/#primaryimage","url":"https:\/\/chainsmanufacturer.com\/wp-content\/uploads\/2023\/11\/Din-5685-C-1-1.jpg","contentUrl":"https:\/\/chainsmanufacturer.com\/wp-content\/uploads\/2023\/11\/Din-5685-C-1-1.jpg","width":800,"height":600,"caption":"Din 5685 C (1)"},{"@type":"BreadcrumbList","@id":"https:\/\/chainsmanufacturer.com\/product\/din-5685-c-chain\/#breadcrumb","itemListElement":[{"@type":"ListItem","position":1,"name":"\u9996\u9875","item":"https:\/\/chainsmanufacturer.com\/"},{"@type":"ListItem","position":2,"name":"\u4ea7\u54c1","item":"https:\/\/chainsmanufacturer.com\/shop\/"},{"@type":"ListItem","position":3,"name":"DIN 5685-C chain"}]},{"@type":"WebSite","@id":"https:\/\/chainsmanufacturer.com\/#website","url":"https:\/\/chainsmanufacturer.com\/","name":"Zincir \u00dcreticisi","description":"Zincir \u00dcreticisi","publisher":{"@id":"https:\/\/chainsmanufacturer.com\/#organization"},"potentialAction":[{"@type":"SearchAction","target":{"@type":"EntryPoint","urlTemplate":"https:\/\/chainsmanufacturer.com\/?s={search_term_string}"},"query-input":{"@type":"PropertyValueSpecification","valueRequired":true,"valueName":"search_term_string"}}],"inLanguage":"tr"},{"@type":"Organization","@id":"https:\/\/chainsmanufacturer.com\/#organization","name":"Zincir \u00dcreticisi","url":"https:\/\/chainsmanufacturer.com\/","logo":{"@type":"ImageObject","inLanguage":"tr","@id":"https:\/\/chainsmanufacturer.com\/#\/schema\/logo\/image\/","url":"https:\/\/chainsmanufacturer.com\/wp-content\/uploads\/2023\/11\/logo.png","contentUrl":"https:\/\/chainsmanufacturer.com\/wp-content\/uploads\/2023\/11\/logo.png","width":180,"height":60,"caption":"chains manufacturer"},"image":{"@id":"https:\/\/chainsmanufacturer.com\/#\/schema\/logo\/image\/"}}]}},"_links":{"self":[{"href":"https:\/\/chainsmanufacturer.com\/tr\/wp-json\/wp\/v2\/product\/776","targetHints":{"allow":["GET"]}}],"collection":[{"href":"https:\/\/chainsmanufacturer.com\/tr\/wp-json\/wp\/v2\/product"}],"about":[{"href":"https:\/\/chainsmanufacturer.com\/tr\/wp-json\/wp\/v2\/types\/product"}],"wp:featuredmedia":[{"embeddable":true,"href":"https:\/\/chainsmanufacturer.com\/tr\/wp-json\/wp\/v2\/media\/1828"}],"wp:attachment":[{"href":"https:\/\/chainsmanufacturer.com\/tr\/wp-json\/wp\/v2\/media?parent=776"}],"wp:term":[{"taxonomy":"product_brand","embeddable":true,"href":"https:\/\/chainsmanufacturer.com\/tr\/wp-json\/wp\/v2\/product_brand?post=776"},{"taxonomy":"product_cat","embeddable":true,"href":"https:\/\/chainsmanufacturer.com\/tr\/wp-json\/wp\/v2\/product_cat?post=776"},{"taxonomy":"product_tag","embeddable":true,"href":"https:\/\/chainsmanufacturer.com\/tr\/wp-json\/wp\/v2\/product_tag?post=776"}],"curies":[{"name":"wp","href":"https:\/\/api.w.org\/{rel}","templated":true}]}}