{"id":761,"date":"2023-11-24T07:06:10","date_gmt":"2023-11-24T07:06:10","guid":{"rendered":"https:\/\/chainsmanufacturer.com\/?post_type=product&#038;p=761"},"modified":"2025-01-07T08:39:19","modified_gmt":"2025-01-07T08:39:19","slug":"dimpled-chain","status":"publish","type":"product","link":"https:\/\/chainsmanufacturer.com\/tr\/urun\/dimpled-chain\/","title":{"rendered":"\u00c7ukurlu Zincir"},"content":{"rendered":"<h3 class=\"wpdt-c\"\n        id=\"wdt-table-title-13\">\u00c7ukurlu Zincir<\/h3>\n<div class=\"wpdt-c row wpDataTableContainerSimpleTable wpDataTables wpDataTablesWrapper\"\n    >\n        <table id=\"wpdtSimpleTable-13\"\n           style=\"border-collapse:collapse;                   border-spacing:0px;\"\n           class=\"wpdtSimpleTable wpDataTable\"\n           data-column=\"2\"\n           data-rows=\"6\"\n           data-wpid=\"13\"\n           data-responsive=\"0\"\n           data-has-header=\"0\">\n\n                    <tbody>        <tr class=\"wpdt-cell-row\" >\n                                <td class=\"wpdt-cell wpdt-bc-F44336 wpdt-tc-FFFFFF wpdt-merged-cell\"\n                     colspan=\"2\"  rowspan=\"1\"                     data-cell-id=\"A1\"\n                    data-col-index=\"0\"\n                    data-row-index=\"0\"\n                    style=\" width:100%;                    padding:10px;                    \"\n                    >\n                                        \u00c7ukurlu Zincir                    <\/td>\n                                                    <\/tr>\n                            <tr class=\"wpdt-cell-row\" >\n                                <td class=\"wpdt-cell  wpdt-merged-cell\"\n                     colspan=\"1\"  rowspan=\"2\"                     data-cell-id=\"A2\"\n                    data-col-index=\"0\"\n                    data-row-index=\"1\"\n                    style=\"                    padding:10px;                    \"\n                    >\n                                        Boyut                    <\/td>\n                                                <td class=\"wpdt-cell\"\n                                            data-cell-id=\"B2\"\n                    data-col-index=\"1\"\n                    data-row-index=\"1\"\n                    style=\"                    padding:10px;                    \"\n                    >\n                                        Dia.                    <\/td>\n                                        <\/tr>\n                            <tr class=\"wpdt-cell-row\" >\n                                            <td class=\"wpdt-cell\"\n                                            data-cell-id=\"B3\"\n                    data-col-index=\"1\"\n                    data-row-index=\"2\"\n                    style=\"                    padding:10px;                    \"\n                    >\n                                        mm                    <\/td>\n                                        <\/tr>\n                            <tr class=\"wpdt-cell-row\" >\n                                <td class=\"wpdt-cell wpdt-bc-F44336 wpdt-tc-EEEDED\"\n                                            data-cell-id=\"A4\"\n                    data-col-index=\"0\"\n                    data-row-index=\"3\"\n                    style=\"                    padding:10px;                    \"\n                    >\n                                        #40                    <\/td>\n                                                <td class=\"wpdt-cell wpdt-bc-F44336 wpdt-tc-EEEDED\"\n                                            data-cell-id=\"B4\"\n                    data-col-index=\"1\"\n                    data-row-index=\"3\"\n                    style=\"                    padding:10px;                    \"\n                    >\n                                        2.0*2.0                    <\/td>\n                                        <\/tr>\n                            <tr class=\"wpdt-cell-row\" >\n                                <td class=\"wpdt-cell\"\n                                            data-cell-id=\"A5\"\n                    data-col-index=\"0\"\n                    data-row-index=\"4\"\n                    style=\"                    padding:10px;                    \"\n                    >\n                                        #50                    <\/td>\n                                                <td class=\"wpdt-cell\"\n                                            data-cell-id=\"B5\"\n                    data-col-index=\"1\"\n                    data-row-index=\"4\"\n                    style=\"                    padding:10px;                    \"\n                    >\n                                        3.0*3.0                    <\/td>\n                                        <\/tr>\n                            <tr class=\"wpdt-cell-row\" >\n                                <td class=\"wpdt-cell wpdt-bc-F44336 wpdt-tc-FCFCFC\"\n                                            data-cell-id=\"A6\"\n                    data-col-index=\"0\"\n                    data-row-index=\"5\"\n                    style=\"                    padding:10px;                    \"\n                    >\n                                        #60                    <\/td>\n                                                <td class=\"wpdt-cell wpdt-bc-F44336 wpdt-tc-FCFCFC\"\n                                            data-cell-id=\"B6\"\n                    data-col-index=\"1\"\n                    data-row-index=\"5\"\n                    style=\"                    padding:10px;                    \"\n                    >\n                                        4.0*4.0                    <\/td>\n                                        <\/tr>\n                    <\/table>\n<\/div><style id='wpdt-custom-style-13'>\n.wpdt-bc-F44336 { background-color: #F44336 !important;}\n.wpdt-tc-FFFFFF { color: #FFFFFF !important;}\n.wpdt-tc-EEEDED { color: #EEEDED !important;}\n.wpdt-tc-FCFCFC { color: #FCFCFC !important;}\n<\/style>\n\n<p data-sourcepos=\"3:1-3:35\"><strong>\u00c7ukurlu Zincir: Zamans\u0131z Bir Trend<\/strong><\/p>\n<p data-sourcepos=\"7:1-7:242\">\u00c7ukurlu zincir, uzunlu\u011fu boyunca k\u00fc\u00e7\u00fck girintileri veya \u00e7ukurlar\u0131 olan bir zincir t\u00fcr\u00fcd\u00fcr. Bu benzersiz tasar\u0131m, dokulu ve g\u00f6rsel olarak \u00e7ekici bir g\u00f6r\u00fcn\u00fcm yaratarak hem tak\u0131 tasar\u0131mc\u0131lar\u0131 hem de moda merakl\u0131lar\u0131 i\u00e7in pop\u00fcler bir se\u00e7im haline gelmi\u015ftir. Girintili zincirler alt\u0131n, g\u00fcm\u00fc\u015f ve paslanmaz \u00e7elik dahil olmak \u00fczere \u00e7e\u015fitli malzemelerde mevcuttur. Kolyeler, bilezikler, k\u00fcpeler ve di\u011fer aksesuarlar\u0131 olu\u015fturmak i\u00e7in kullan\u0131labilirler. Daha ki\u015fiselle\u015ftirilmi\u015f bir g\u00f6r\u00fcn\u00fcm yaratmak i\u00e7in genellikle boncuklar, tak\u0131lar ve kolyeler gibi di\u011fer unsurlarla e\u015fle\u015ftirilirler.<\/p>\n<p data-sourcepos=\"11:1-11:28\"><strong>\u00c7ukurlu Zincirin Tarih\u00e7esi<\/strong><\/p>\n<p data-sourcepos=\"13:1-13:280\">Zincir, eski M\u0131s\u0131r'a kadar uzanan uzun bir ge\u00e7mi\u015fe sahiptir. Son y\u0131llarda pop\u00fclaritesinde bir canlanma ya\u015fanm\u0131\u015ft\u0131r. Bu k\u0131smen vintage modas\u0131n\u0131n artan trendinden kaynaklanmaktad\u0131r. Zincir, k\u0131yafetlerini s\u00fcslemek i\u00e7in benzersiz ve \u015f\u0131k bir yol arayanlar i\u00e7in de pop\u00fcler bir se\u00e7imdir.<\/p>\n<p data-sourcepos=\"17:1-17:29\"><strong>Zincirin Faydalar\u0131<\/strong><\/p>\n<p data-sourcepos=\"19:1-19:162\">\u00c7ukurlu zincir, m\u00fccevher tasar\u0131mc\u0131lar\u0131 ve moda merakl\u0131lar\u0131 i\u00e7in pop\u00fcler bir se\u00e7im olmas\u0131n\u0131 sa\u011flayan bir dizi avantaja sahiptir. Zincirin faydalar\u0131ndan baz\u0131lar\u0131 \u015funlard\u0131r:<\/p>\n<ul data-sourcepos=\"21:1-25:0\">\n<li data-sourcepos=\"21:1-21:94\"><strong>E\u015fsiz ve \u015f\u0131k:<\/strong> \u00c7ukurlu zincir, her k\u0131yafeti s\u00fcslemenin benzersiz ve \u015f\u0131k bir yoludur.<\/li>\n<li data-sourcepos=\"21:1-21:94\"><strong>Giymek i\u00e7in rahat:<\/strong> Zincir, hassas cilde sahip olanlar i\u00e7in bile rahatt\u0131r.<\/li>\n<\/ul>\n<p data-sourcepos=\"35:1-35:30\"><strong>\u00c7ukurlu Zincir Nereden Al\u0131n\u0131r<\/strong><\/p>\n<p data-sourcepos=\"37:1-37:169\">Zincir, hem \u00e7evrimi\u00e7i hem de \u015fahsen \u00e7e\u015fitli perakendecilerden temin edilebilir. \u00c7ukurlu zinciri kuyumcularda, b\u00fcy\u00fck ma\u011fazalarda ve \u00e7evrimi\u00e7i perakendecilerde bulabilirsiniz.<\/p>\n<p data-sourcepos=\"39:1-39:14\"><a href=\"https:\/\/chainsmanufacturer.com\/tr\/contact\/\"><strong>Sonu\u00e7<\/strong><\/a><\/p>\n<p data-sourcepos=\"39:1-39:14\">Zincir, gelecek y\u0131llarda da pop\u00fcler olmaya devam edece\u011fi kesin olan zamans\u0131z bir trenddir. E\u015fsiz tasar\u0131m\u0131 ve \u00e7ok y\u00f6nl\u00fcl\u00fc\u011f\u00fc, gard\u0131robuna stil katmak isteyen herkes i\u00e7in m\u00fckemmel bir se\u00e7imdir.<\/p>","protected":false},"excerpt":{"rendered":"<p>Dimpled Chain: A Timeless Trend Dimpled chain is a type of chain that has small indentations or dimples along its length. This unique design creates a textured and visually appealing look that has made it a popular choice for jewelry designers and fashion enthusiasts alike.\u00a0Indented chains are available in a variety of materials, including gold, [&hellip;]<\/p>","protected":false},"featured_media":1814,"template":"","meta":{"site-sidebar-layout":"default","site-content-layout":"","ast-site-content-layout":"default","site-content-style":"default","site-sidebar-style":"default","ast-global-header-display":"","ast-banner-title-visibility":"","ast-main-header-display":"","ast-hfb-above-header-display":"","ast-hfb-below-header-display":"","ast-hfb-mobile-header-display":"","site-post-title":"","ast-breadcrumbs-content":"","ast-featured-img":"","footer-sml-layout":"","theme-transparent-header-meta":"default","adv-header-id-meta":"","stick-header-meta":"","header-above-stick-meta":"","header-main-stick-meta":"","header-below-stick-meta":"","astra-migrate-meta-layouts":"set","ast-page-background-enabled":"default","ast-page-background-meta":{"desktop":{"background-color":"","background-image":"","background-repeat":"repeat","background-position":"center center","background-size":"auto","background-attachment":"scroll","background-type":"","background-media":"","overlay-type":"","overlay-color":"","overlay-opacity":"","overlay-gradient":""},"tablet":{"background-color":"","background-image":"","background-repeat":"repeat","background-position":"center center","background-size":"auto","background-attachment":"scroll","background-type":"","background-media":"","overlay-type":"","overlay-color":"","overlay-opacity":"","overlay-gradient":""},"mobile":{"background-color":"","background-image":"","background-repeat":"repeat","background-position":"center center","background-size":"auto","background-attachment":"scroll","background-type":"","background-media":"","overlay-type":"","overlay-color":"","overlay-opacity":"","overlay-gradient":""}},"ast-content-background-meta":{"desktop":{"background-color":"var(--ast-global-color-5)","background-image":"","background-repeat":"repeat","background-position":"center center","background-size":"auto","background-attachment":"scroll","background-type":"","background-media":"","overlay-type":"","overlay-color":"","overlay-opacity":"","overlay-gradient":""},"tablet":{"background-color":"var(--ast-global-color-5)","background-image":"","background-repeat":"repeat","background-position":"center center","background-size":"auto","background-attachment":"scroll","background-type":"","background-media":"","overlay-type":"","overlay-color":"","overlay-opacity":"","overlay-gradient":""},"mobile":{"background-color":"var(--ast-global-color-5)","background-image":"","background-repeat":"repeat","background-position":"center center","background-size":"auto","background-attachment":"scroll","background-type":"","background-media":"","overlay-type":"","overlay-color":"","overlay-opacity":"","overlay-gradient":""}}},"product_brand":[],"product_cat":[24],"product_tag":[],"class_list":{"0":"post-761","1":"product","2":"type-product","3":"status-publish","4":"has-post-thumbnail","6":"product_cat-weldless-chain","7":"desktop-align-center","8":"tablet-align-left","9":"mobile-align-left","11":"first","12":"instock","13":"shipping-taxable","14":"product-type-simple"},"yoast_head":"<!-- This site is optimized with the Yoast SEO plugin v25.9 - https:\/\/yoast.com\/wordpress\/plugins\/seo\/ -->\n<title>Dimpled Chain - chains manufacturer<\/title>\n<meta name=\"description\" content=\"Heavy-duty dimpled chain designed for maximum strength and durability. Ideal for construction, lifting, and towing applications.\" \/>\n<meta name=\"robots\" content=\"index, follow, max-snippet:-1, max-image-preview:large, max-video-preview:-1\" \/>\n<link rel=\"canonical\" href=\"https:\/\/chainsmanufacturer.com\/tr\/urun\/dimpled-chain\/\" \/>\n<meta property=\"og:locale\" content=\"tr_TR\" \/>\n<meta property=\"og:type\" content=\"article\" \/>\n<meta property=\"og:title\" content=\"Dimpled Chain - chains manufacturer\" \/>\n<meta property=\"og:description\" content=\"Heavy-duty dimpled chain designed for maximum strength and durability. Ideal for construction, lifting, and towing applications.\" \/>\n<meta property=\"og:url\" content=\"https:\/\/chainsmanufacturer.com\/tr\/urun\/dimpled-chain\/\" \/>\n<meta property=\"og:site_name\" content=\"chains manufacturer\" \/>\n<meta property=\"article:modified_time\" content=\"2025-01-07T08:39:19+00:00\" \/>\n<meta property=\"og:image\" content=\"https:\/\/chainsmanufacturer.com\/wp-content\/uploads\/2023\/11\/Dimpled-Chain-1-1.jpg\" \/>\n\t<meta property=\"og:image:width\" content=\"800\" \/>\n\t<meta property=\"og:image:height\" content=\"600\" \/>\n\t<meta property=\"og:image:type\" content=\"image\/jpeg\" \/>\n<meta name=\"twitter:card\" content=\"summary_large_image\" \/>\n<meta name=\"twitter:label1\" content=\"Tahmini okuma s\u00fcresi\" \/>\n\t<meta name=\"twitter:data1\" content=\"2 dakika\" \/>\n<script type=\"application\/ld+json\" class=\"yoast-schema-graph\">{\"@context\":\"https:\/\/schema.org\",\"@graph\":[{\"@type\":\"WebPage\",\"@id\":\"https:\/\/chainsmanufacturer.com\/product\/dimpled-chain\/\",\"url\":\"https:\/\/chainsmanufacturer.com\/product\/dimpled-chain\/\",\"name\":\"Dimpled Chain - chains manufacturer\",\"isPartOf\":{\"@id\":\"https:\/\/chainsmanufacturer.com\/#website\"},\"primaryImageOfPage\":{\"@id\":\"https:\/\/chainsmanufacturer.com\/product\/dimpled-chain\/#primaryimage\"},\"image\":{\"@id\":\"https:\/\/chainsmanufacturer.com\/product\/dimpled-chain\/#primaryimage\"},\"thumbnailUrl\":\"https:\/\/chainsmanufacturer.com\/wp-content\/uploads\/2023\/11\/Dimpled-Chain-1-1.jpg\",\"datePublished\":\"2023-11-24T07:06:10+00:00\",\"dateModified\":\"2025-01-07T08:39:19+00:00\",\"description\":\"Heavy-duty dimpled chain designed for maximum strength and durability. Ideal for construction, lifting, and towing applications.\",\"breadcrumb\":{\"@id\":\"https:\/\/chainsmanufacturer.com\/product\/dimpled-chain\/#breadcrumb\"},\"inLanguage\":\"tr\",\"potentialAction\":[{\"@type\":\"ReadAction\",\"target\":[\"https:\/\/chainsmanufacturer.com\/product\/dimpled-chain\/\"]}]},{\"@type\":\"ImageObject\",\"inLanguage\":\"tr\",\"@id\":\"https:\/\/chainsmanufacturer.com\/product\/dimpled-chain\/#primaryimage\",\"url\":\"https:\/\/chainsmanufacturer.com\/wp-content\/uploads\/2023\/11\/Dimpled-Chain-1-1.jpg\",\"contentUrl\":\"https:\/\/chainsmanufacturer.com\/wp-content\/uploads\/2023\/11\/Dimpled-Chain-1-1.jpg\",\"width\":800,\"height\":600,\"caption\":\"Dimpled Chain (1)\"},{\"@type\":\"BreadcrumbList\",\"@id\":\"https:\/\/chainsmanufacturer.com\/product\/dimpled-chain\/#breadcrumb\",\"itemListElement\":[{\"@type\":\"ListItem\",\"position\":1,\"name\":\"\u9996\u9875\",\"item\":\"https:\/\/chainsmanufacturer.com\/\"},{\"@type\":\"ListItem\",\"position\":2,\"name\":\"\u4ea7\u54c1\",\"item\":\"https:\/\/chainsmanufacturer.com\/shop\/\"},{\"@type\":\"ListItem\",\"position\":3,\"name\":\"Dimpled Chain\"}]},{\"@type\":\"WebSite\",\"@id\":\"https:\/\/chainsmanufacturer.com\/#website\",\"url\":\"https:\/\/chainsmanufacturer.com\/\",\"name\":\"chains manufacturer\",\"description\":\"chains manufacturer\",\"publisher\":{\"@id\":\"https:\/\/chainsmanufacturer.com\/#organization\"},\"potentialAction\":[{\"@type\":\"SearchAction\",\"target\":{\"@type\":\"EntryPoint\",\"urlTemplate\":\"https:\/\/chainsmanufacturer.com\/?s={search_term_string}\"},\"query-input\":{\"@type\":\"PropertyValueSpecification\",\"valueRequired\":true,\"valueName\":\"search_term_string\"}}],\"inLanguage\":\"tr\"},{\"@type\":\"Organization\",\"@id\":\"https:\/\/chainsmanufacturer.com\/#organization\",\"name\":\"chains manufacturer\",\"url\":\"https:\/\/chainsmanufacturer.com\/\",\"logo\":{\"@type\":\"ImageObject\",\"inLanguage\":\"tr\",\"@id\":\"https:\/\/chainsmanufacturer.com\/#\/schema\/logo\/image\/\",\"url\":\"https:\/\/chainsmanufacturer.com\/wp-content\/uploads\/2023\/11\/logo.png\",\"contentUrl\":\"https:\/\/chainsmanufacturer.com\/wp-content\/uploads\/2023\/11\/logo.png\",\"width\":180,\"height\":60,\"caption\":\"chains manufacturer\"},\"image\":{\"@id\":\"https:\/\/chainsmanufacturer.com\/#\/schema\/logo\/image\/\"}}]}<\/script>\n<!-- \/ Yoast SEO plugin. -->","yoast_head_json":{"title":"Dimpled Chain - chains manufacturer","description":"Heavy-duty dimpled chain designed for maximum strength and durability. Ideal for construction, lifting, and towing applications.","robots":{"index":"index","follow":"follow","max-snippet":"max-snippet:-1","max-image-preview":"max-image-preview:large","max-video-preview":"max-video-preview:-1"},"canonical":"https:\/\/chainsmanufacturer.com\/tr\/urun\/dimpled-chain\/","og_locale":"tr_TR","og_type":"article","og_title":"Dimpled Chain - chains manufacturer","og_description":"Heavy-duty dimpled chain designed for maximum strength and durability. Ideal for construction, lifting, and towing applications.","og_url":"https:\/\/chainsmanufacturer.com\/tr\/urun\/dimpled-chain\/","og_site_name":"chains manufacturer","article_modified_time":"2025-01-07T08:39:19+00:00","og_image":[{"width":800,"height":600,"url":"https:\/\/chainsmanufacturer.com\/wp-content\/uploads\/2023\/11\/Dimpled-Chain-1-1.jpg","type":"image\/jpeg"}],"twitter_card":"summary_large_image","twitter_misc":{"Tahmini okuma s\u00fcresi":"2 dakika"},"schema":{"@context":"https:\/\/schema.org","@graph":[{"@type":"WebPage","@id":"https:\/\/chainsmanufacturer.com\/product\/dimpled-chain\/","url":"https:\/\/chainsmanufacturer.com\/product\/dimpled-chain\/","name":"Dimpled Chain - chains manufacturer","isPartOf":{"@id":"https:\/\/chainsmanufacturer.com\/#website"},"primaryImageOfPage":{"@id":"https:\/\/chainsmanufacturer.com\/product\/dimpled-chain\/#primaryimage"},"image":{"@id":"https:\/\/chainsmanufacturer.com\/product\/dimpled-chain\/#primaryimage"},"thumbnailUrl":"https:\/\/chainsmanufacturer.com\/wp-content\/uploads\/2023\/11\/Dimpled-Chain-1-1.jpg","datePublished":"2023-11-24T07:06:10+00:00","dateModified":"2025-01-07T08:39:19+00:00","description":"Heavy-duty dimpled chain designed for maximum strength and durability. Ideal for construction, lifting, and towing applications.","breadcrumb":{"@id":"https:\/\/chainsmanufacturer.com\/product\/dimpled-chain\/#breadcrumb"},"inLanguage":"tr","potentialAction":[{"@type":"ReadAction","target":["https:\/\/chainsmanufacturer.com\/product\/dimpled-chain\/"]}]},{"@type":"ImageObject","inLanguage":"tr","@id":"https:\/\/chainsmanufacturer.com\/product\/dimpled-chain\/#primaryimage","url":"https:\/\/chainsmanufacturer.com\/wp-content\/uploads\/2023\/11\/Dimpled-Chain-1-1.jpg","contentUrl":"https:\/\/chainsmanufacturer.com\/wp-content\/uploads\/2023\/11\/Dimpled-Chain-1-1.jpg","width":800,"height":600,"caption":"Dimpled Chain (1)"},{"@type":"BreadcrumbList","@id":"https:\/\/chainsmanufacturer.com\/product\/dimpled-chain\/#breadcrumb","itemListElement":[{"@type":"ListItem","position":1,"name":"\u9996\u9875","item":"https:\/\/chainsmanufacturer.com\/"},{"@type":"ListItem","position":2,"name":"\u4ea7\u54c1","item":"https:\/\/chainsmanufacturer.com\/shop\/"},{"@type":"ListItem","position":3,"name":"Dimpled Chain"}]},{"@type":"WebSite","@id":"https:\/\/chainsmanufacturer.com\/#website","url":"https:\/\/chainsmanufacturer.com\/","name":"Zincir \u00dcreticisi","description":"Zincir \u00dcreticisi","publisher":{"@id":"https:\/\/chainsmanufacturer.com\/#organization"},"potentialAction":[{"@type":"SearchAction","target":{"@type":"EntryPoint","urlTemplate":"https:\/\/chainsmanufacturer.com\/?s={search_term_string}"},"query-input":{"@type":"PropertyValueSpecification","valueRequired":true,"valueName":"search_term_string"}}],"inLanguage":"tr"},{"@type":"Organization","@id":"https:\/\/chainsmanufacturer.com\/#organization","name":"Zincir \u00dcreticisi","url":"https:\/\/chainsmanufacturer.com\/","logo":{"@type":"ImageObject","inLanguage":"tr","@id":"https:\/\/chainsmanufacturer.com\/#\/schema\/logo\/image\/","url":"https:\/\/chainsmanufacturer.com\/wp-content\/uploads\/2023\/11\/logo.png","contentUrl":"https:\/\/chainsmanufacturer.com\/wp-content\/uploads\/2023\/11\/logo.png","width":180,"height":60,"caption":"chains manufacturer"},"image":{"@id":"https:\/\/chainsmanufacturer.com\/#\/schema\/logo\/image\/"}}]}},"_links":{"self":[{"href":"https:\/\/chainsmanufacturer.com\/tr\/wp-json\/wp\/v2\/product\/761","targetHints":{"allow":["GET"]}}],"collection":[{"href":"https:\/\/chainsmanufacturer.com\/tr\/wp-json\/wp\/v2\/product"}],"about":[{"href":"https:\/\/chainsmanufacturer.com\/tr\/wp-json\/wp\/v2\/types\/product"}],"wp:featuredmedia":[{"embeddable":true,"href":"https:\/\/chainsmanufacturer.com\/tr\/wp-json\/wp\/v2\/media\/1814"}],"wp:attachment":[{"href":"https:\/\/chainsmanufacturer.com\/tr\/wp-json\/wp\/v2\/media?parent=761"}],"wp:term":[{"taxonomy":"product_brand","embeddable":true,"href":"https:\/\/chainsmanufacturer.com\/tr\/wp-json\/wp\/v2\/product_brand?post=761"},{"taxonomy":"product_cat","embeddable":true,"href":"https:\/\/chainsmanufacturer.com\/tr\/wp-json\/wp\/v2\/product_cat?post=761"},{"taxonomy":"product_tag","embeddable":true,"href":"https:\/\/chainsmanufacturer.com\/tr\/wp-json\/wp\/v2\/product_tag?post=761"}],"curies":[{"name":"wp","href":"https:\/\/api.w.org\/{rel}","templated":true}]}}