{"id":748,"date":"2023-11-24T06:50:19","date_gmt":"2023-11-24T06:50:19","guid":{"rendered":"https:\/\/chainsmanufacturer.com\/?post_type=product&#038;p=748"},"modified":"2025-01-07T07:16:22","modified_gmt":"2025-01-07T07:16:22","slug":"flat-twist-link","status":"publish","type":"product","link":"https:\/\/chainsmanufacturer.com\/tr\/urun\/flat-twist-link\/","title":{"rendered":"D\u00fcz B\u00fck\u00fcml\u00fc Ba\u011flant\u0131"},"content":{"rendered":"<h3 class=\"wpdt-c\"\n        id=\"wdt-table-title-10\">D\u00fcz b\u00fck\u00fcml\u00fc ba\u011flant\u0131<\/h3>\n<div class=\"wpdt-c row wpDataTableContainerSimpleTable wpDataTables wpDataTablesWrapper\"\n    >\n        <table id=\"wpdtSimpleTable-10\"\n           style=\"border-collapse:collapse;                   border-spacing:0px;\"\n           class=\"wpdtSimpleTable wpDataTable\"\n           data-column=\"2\"\n           data-rows=\"9\"\n           data-wpid=\"10\"\n           data-responsive=\"0\"\n           data-has-header=\"0\">\n\n                    <tbody>        <tr class=\"wpdt-cell-row\" >\n                                <td class=\"wpdt-cell wpdt-bold wpdt-bc-F44336 wpdt-tc-FFFFFF wpdt-merged-cell\"\n                     colspan=\"2\"  rowspan=\"1\"                     data-cell-id=\"A1\"\n                    data-col-index=\"0\"\n                    data-row-index=\"0\"\n                    style=\" width:100%;                    padding:10px;                    \"\n                    >\n                                        D\u00fcz B\u00fck\u00fcml\u00fc Ba\u011flant\u0131                    <\/td>\n                                                    <\/tr>\n                            <tr class=\"wpdt-cell-row\" >\n                                <td class=\"wpdt-cell  wpdt-merged-cell\"\n                     colspan=\"1\"  rowspan=\"2\"                     data-cell-id=\"A2\"\n                    data-col-index=\"0\"\n                    data-row-index=\"1\"\n                    style=\"                    padding:10px;                    \"\n                    >\n                                        Boyut                    <\/td>\n                                                <td class=\"wpdt-cell\"\n                                            data-cell-id=\"B2\"\n                    data-col-index=\"1\"\n                    data-row-index=\"1\"\n                    style=\"                    padding:10px;                    \"\n                    >\n                                        Dia.                    <\/td>\n                                        <\/tr>\n                            <tr class=\"wpdt-cell-row\" >\n                                            <td class=\"wpdt-cell\"\n                                            data-cell-id=\"B3\"\n                    data-col-index=\"1\"\n                    data-row-index=\"2\"\n                    style=\"                    padding:10px;                    \"\n                    >\n                                        mm                    <\/td>\n                                        <\/tr>\n                            <tr class=\"wpdt-cell-row\" >\n                                <td class=\"wpdt-cell wpdt-bc-F44336 wpdt-tc-FFFFFF\"\n                                            data-cell-id=\"A4\"\n                    data-col-index=\"0\"\n                    data-row-index=\"3\"\n                    style=\"                    padding:10px;                    \"\n                    >\n                                        #16                    <\/td>\n                                                <td class=\"wpdt-cell wpdt-bc-F44336 wpdt-tc-FFFFFF\"\n                                            data-cell-id=\"B4\"\n                    data-col-index=\"1\"\n                    data-row-index=\"3\"\n                    style=\"                    padding:10px;                    \"\n                    >\n                                        1.6                    <\/td>\n                                        <\/tr>\n                            <tr class=\"wpdt-cell-row\" >\n                                <td class=\"wpdt-cell\"\n                                            data-cell-id=\"A5\"\n                    data-col-index=\"0\"\n                    data-row-index=\"4\"\n                    style=\"                    padding:10px;                    \"\n                    >\n                                        #14                    <\/td>\n                                                <td class=\"wpdt-cell\"\n                                            data-cell-id=\"B5\"\n                    data-col-index=\"1\"\n                    data-row-index=\"4\"\n                    style=\"                    padding:10px;                    \"\n                    >\n                                        2.0                    <\/td>\n                                        <\/tr>\n                            <tr class=\"wpdt-cell-row\" >\n                                <td class=\"wpdt-cell wpdt-bc-F44336 wpdt-tc-FFFFFF\"\n                                            data-cell-id=\"A6\"\n                    data-col-index=\"0\"\n                    data-row-index=\"5\"\n                    style=\"                    padding:10px;                    \"\n                    >\n                                        #12                    <\/td>\n                                                <td class=\"wpdt-cell wpdt-bc-F44336 wpdt-tc-FFFFFF\"\n                                            data-cell-id=\"B6\"\n                    data-col-index=\"1\"\n                    data-row-index=\"5\"\n                    style=\"                    padding:10px;                    \"\n                    >\n                                        2.5                    <\/td>\n                                        <\/tr>\n                            <tr class=\"wpdt-cell-row\" >\n                                <td class=\"wpdt-cell\"\n                                            data-cell-id=\"A7\"\n                    data-col-index=\"0\"\n                    data-row-index=\"6\"\n                    style=\"                    padding:10px;                    \"\n                    >\n                                        #11                    <\/td>\n                                                <td class=\"wpdt-cell\"\n                                            data-cell-id=\"B7\"\n                    data-col-index=\"1\"\n                    data-row-index=\"6\"\n                    style=\"                    padding:10px;                    \"\n                    >\n                                        3.0                    <\/td>\n                                        <\/tr>\n                            <tr class=\"wpdt-cell-row\" >\n                                <td class=\"wpdt-cell wpdt-bc-F44336 wpdt-tc-FFFFFF\"\n                                            data-cell-id=\"A8\"\n                    data-col-index=\"0\"\n                    data-row-index=\"7\"\n                    style=\"                    padding:10px;                    \"\n                    >\n                                        #10                    <\/td>\n                                                <td class=\"wpdt-cell wpdt-bc-F44336 wpdt-tc-FFFFFF\"\n                                            data-cell-id=\"B8\"\n                    data-col-index=\"1\"\n                    data-row-index=\"7\"\n                    style=\"                    padding:10px;                    \"\n                    >\n                                        3.3                    <\/td>\n                                        <\/tr>\n                            <tr class=\"wpdt-cell-row\" >\n                                <td class=\"wpdt-cell\"\n                                            data-cell-id=\"A9\"\n                    data-col-index=\"0\"\n                    data-row-index=\"8\"\n                    style=\"                    padding:10px;                    \"\n                    >\n                                        #QHO                    <\/td>\n                                                <td class=\"wpdt-cell\"\n                                            data-cell-id=\"B9\"\n                    data-col-index=\"1\"\n                    data-row-index=\"8\"\n                    style=\"                    padding:10px;                    \"\n                    >\n                                        3.8                    <\/td>\n                                        <\/tr>\n                    <\/table>\n<\/div><style id='wpdt-custom-style-10'>\n.wpdt-bc-F44336 { background-color: #F44336 !important;}\n.wpdt-tc-FFFFFF { color: #FFFFFF !important;}\n<\/style>\n\n<p data-sourcepos=\"11:1-11:31\"><strong>D\u00fcz B\u00fck\u00fcm Zincir nedir?<\/strong><\/p>\n<p data-sourcepos=\"13:1-13:284\">D\u00fcz b\u00fck\u00fcml\u00fc zincir, a\u015fa\u011f\u0131daki \u00f6zellikleriyle karakterize edilen benzersiz bir zincir t\u00fcr\u00fcd\u00fcr <strong>d\u00fcz<\/strong> profil ve ay\u0131rt edici <strong>B\u00fck\u00fcm<\/strong> in\u015faat. Bu zincir a\u015fa\u011f\u0131dakilerin ola\u011fan\u00fcst\u00fc bir kombinasyonunu sunar <strong>esneklik<\/strong> ve <strong>g\u00fc\u00e7<\/strong>Bu da onu hem kuyumculuk hem de end\u00fcstriyel uygulamalar i\u00e7in pop\u00fcler bir se\u00e7im haline getirir.<\/p>\n<p data-sourcepos=\"15:1-15:33\"><strong>D\u00fcz B\u00fck\u00fcml\u00fc Zincirlerin \u00d6zellikleri<\/strong><\/p>\n<ul data-sourcepos=\"17:1-20:0\">\n<li data-sourcepos=\"18:1-18:156\"><strong>G\u00fc\u00e7l\u00fc:<\/strong> Esnekliklerine ra\u011fmen d\u00fcz b\u00fck\u00fcml\u00fc zincirler olduk\u00e7a g\u00fc\u00e7l\u00fcd\u00fcr. \u00d6zel b\u00fck\u00fcm i\u015flemi onlara m\u00fckemmel y\u00fck ta\u015f\u0131ma kapasitesi sa\u011flar.<\/li>\n<li data-sourcepos=\"19:1-20:0\"><strong>Estetik:<\/strong> D\u00fcz b\u00fck\u00fcml\u00fc zincirlerin kendine \u00f6zg\u00fc g\u00f6r\u00fcn\u00fcm\u00fc, tak\u0131lara modern ve \u015f\u0131k bir dokunu\u015f katar.<\/li>\n<\/ul>\n<p data-sourcepos=\"26:1-26:36\"><strong>D\u00fcz B\u00fck\u00fcml\u00fc Zincir Nas\u0131l Se\u00e7ilir<\/strong><\/p>\n<p data-sourcepos=\"28:1-28:65\">D\u00fcz burgu zincir se\u00e7erken a\u015fa\u011f\u0131daki fakt\u00f6rleri g\u00f6z \u00f6n\u00fcnde bulundurun:<\/p>\n<ul data-sourcepos=\"30:1-33:0\">\n<li data-sourcepos=\"30:1-30:194\"><strong>Malzeme:<\/strong> D\u00fcz b\u00fck\u00fcml\u00fc zincirler paslanmaz \u00e7elik, bak\u0131r ve titanyum dahil olmak \u00fczere \u00e7e\u015fitli malzemelerde mevcuttur. Farkl\u0131 malzemeler sertlik, renk ve korozyon direnci a\u00e7\u0131s\u0131ndan farkl\u0131l\u0131k g\u00f6sterir.<\/li>\n<li data-sourcepos=\"31:1-31:178\"><strong>\u00d6zellikler:<\/strong> D\u00fcz b\u00fck\u00fcml\u00fc bir zincirin \u00f6zellikleri temel olarak geni\u015flik, kal\u0131nl\u0131k ve uzunlu\u011fu i\u00e7erir. Farkl\u0131 uygulamalara g\u00f6re uygun \u00f6zellikleri se\u00e7in.<\/li>\n<li data-sourcepos=\"32:1-33:0\"><strong>Y\u00fczey \u0130\u015flemi:<\/strong> D\u00fcz b\u00fck\u00fcml\u00fc bir zincirin y\u00fczey i\u015flemi de g\u00f6r\u00fcn\u00fcm\u00fcn\u00fc ve performans\u0131n\u0131 etkileyebilir. Yayg\u0131n y\u00fczey i\u015flemleri aras\u0131nda parlatma, f\u0131r\u00e7alama ve elektrokaplama yer al\u0131r.<\/li>\n<\/ul>\n<p data-sourcepos=\"34:1-34:36\"><strong>D\u00fcz B\u00fck\u00fcm Zincirinizin Bak\u0131m\u0131<\/strong><\/p>\n<ul data-sourcepos=\"36:1-39:0\">\n<li data-sourcepos=\"36:1-36:120\"><strong>Kimyasallardan Ka\u00e7\u0131n\u0131n:<\/strong> Korozyonu \u00f6nlemek i\u00e7in d\u00fcz b\u00fck\u00fcm zincirinizi asitlere, alkalilere ve di\u011fer kimyasallara maruz b\u0131rakmaktan ka\u00e7\u0131n\u0131n.<\/li>\n<li data-sourcepos=\"37:1-37:91\"><strong>D\u00fczenli Temizlik:<\/strong> Zincirinizi d\u00fczenli olarak yumu\u015fak bir bez ve n\u00f6tr deterjanla temizleyin.<\/li>\n<li data-sourcepos=\"38:1-39:0\"><strong>\u00c7arp\u0131\u015fmalardan Ka\u00e7\u0131n\u0131n:<\/strong> Deformasyonu \u00f6nlemek i\u00e7in d\u00fcz b\u00fck\u00fcm zincirinizi \u015fiddetli \u00e7arp\u0131\u015fmalara maruz b\u0131rakmaktan ka\u00e7\u0131n\u0131n.<\/li>\n<\/ul>","protected":false},"excerpt":{"rendered":"<p>What is a Flat Twist Chain? A flat twist chain is a unique type of chain characterized by its flat profile and distinctive twist construction. This chain offers an exceptional combination of flexibility and strength, making it a popular choice for both jewelry making and industrial applications. Features of Flat Twist Chains Strength: Despite their [&hellip;]<\/p>","protected":false},"featured_media":1802,"template":"","meta":{"site-sidebar-layout":"default","site-content-layout":"","ast-site-content-layout":"default","site-content-style":"default","site-sidebar-style":"default","ast-global-header-display":"","ast-banner-title-visibility":"","ast-main-header-display":"","ast-hfb-above-header-display":"","ast-hfb-below-header-display":"","ast-hfb-mobile-header-display":"","site-post-title":"","ast-breadcrumbs-content":"","ast-featured-img":"","footer-sml-layout":"","theme-transparent-header-meta":"default","adv-header-id-meta":"","stick-header-meta":"","header-above-stick-meta":"","header-main-stick-meta":"","header-below-stick-meta":"","astra-migrate-meta-layouts":"set","ast-page-background-enabled":"default","ast-page-background-meta":{"desktop":{"background-color":"","background-image":"","background-repeat":"repeat","background-position":"center center","background-size":"auto","background-attachment":"scroll","background-type":"","background-media":"","overlay-type":"","overlay-color":"","overlay-opacity":"","overlay-gradient":""},"tablet":{"background-color":"","background-image":"","background-repeat":"repeat","background-position":"center center","background-size":"auto","background-attachment":"scroll","background-type":"","background-media":"","overlay-type":"","overlay-color":"","overlay-opacity":"","overlay-gradient":""},"mobile":{"background-color":"","background-image":"","background-repeat":"repeat","background-position":"center center","background-size":"auto","background-attachment":"scroll","background-type":"","background-media":"","overlay-type":"","overlay-color":"","overlay-opacity":"","overlay-gradient":""}},"ast-content-background-meta":{"desktop":{"background-color":"var(--ast-global-color-5)","background-image":"","background-repeat":"repeat","background-position":"center center","background-size":"auto","background-attachment":"scroll","background-type":"","background-media":"","overlay-type":"","overlay-color":"","overlay-opacity":"","overlay-gradient":""},"tablet":{"background-color":"var(--ast-global-color-5)","background-image":"","background-repeat":"repeat","background-position":"center center","background-size":"auto","background-attachment":"scroll","background-type":"","background-media":"","overlay-type":"","overlay-color":"","overlay-opacity":"","overlay-gradient":""},"mobile":{"background-color":"var(--ast-global-color-5)","background-image":"","background-repeat":"repeat","background-position":"center center","background-size":"auto","background-attachment":"scroll","background-type":"","background-media":"","overlay-type":"","overlay-color":"","overlay-opacity":"","overlay-gradient":""}}},"product_brand":[],"product_cat":[24],"product_tag":[],"class_list":{"0":"post-748","1":"product","2":"type-product","3":"status-publish","4":"has-post-thumbnail","6":"product_cat-weldless-chain","7":"desktop-align-center","8":"tablet-align-left","9":"mobile-align-left","11":"first","12":"instock","13":"shipping-taxable","14":"product-type-simple"},"yoast_head":"<!-- This site is optimized with the Yoast SEO plugin v25.9 - https:\/\/yoast.com\/wordpress\/plugins\/seo\/ -->\n<title>Flat Twist Link - chains manufacturer<\/title>\n<meta name=\"description\" content=\"Flat twist chain is a unique chain type, renowned for its flexibility, strength, and aesthetic appeal, widely used in jewelry making and industrial applications.\" \/>\n<meta name=\"robots\" content=\"index, follow, max-snippet:-1, max-image-preview:large, max-video-preview:-1\" \/>\n<link rel=\"canonical\" href=\"https:\/\/chainsmanufacturer.com\/tr\/urun\/flat-twist-link\/\" \/>\n<meta property=\"og:locale\" content=\"tr_TR\" \/>\n<meta property=\"og:type\" content=\"article\" \/>\n<meta property=\"og:title\" content=\"Flat Twist Link - chains manufacturer\" \/>\n<meta property=\"og:description\" content=\"Flat twist chain is a unique chain type, renowned for its flexibility, strength, and aesthetic appeal, widely used in jewelry making and industrial applications.\" \/>\n<meta property=\"og:url\" content=\"https:\/\/chainsmanufacturer.com\/tr\/urun\/flat-twist-link\/\" \/>\n<meta property=\"og:site_name\" content=\"chains manufacturer\" \/>\n<meta property=\"article:modified_time\" content=\"2025-01-07T07:16:22+00:00\" \/>\n<meta property=\"og:image\" content=\"https:\/\/chainsmanufacturer.com\/wp-content\/uploads\/2023\/11\/Flat-Twist-Link-1-1.jpg\" \/>\n\t<meta property=\"og:image:width\" content=\"800\" \/>\n\t<meta property=\"og:image:height\" content=\"600\" \/>\n\t<meta property=\"og:image:type\" content=\"image\/jpeg\" \/>\n<meta name=\"twitter:card\" content=\"summary_large_image\" \/>\n<meta name=\"twitter:label1\" content=\"Tahmini okuma s\u00fcresi\" \/>\n\t<meta name=\"twitter:data1\" content=\"2 dakika\" \/>\n<script type=\"application\/ld+json\" class=\"yoast-schema-graph\">{\"@context\":\"https:\/\/schema.org\",\"@graph\":[{\"@type\":\"WebPage\",\"@id\":\"https:\/\/chainsmanufacturer.com\/product\/flat-twist-link\/\",\"url\":\"https:\/\/chainsmanufacturer.com\/product\/flat-twist-link\/\",\"name\":\"Flat Twist Link - chains manufacturer\",\"isPartOf\":{\"@id\":\"https:\/\/chainsmanufacturer.com\/#website\"},\"primaryImageOfPage\":{\"@id\":\"https:\/\/chainsmanufacturer.com\/product\/flat-twist-link\/#primaryimage\"},\"image\":{\"@id\":\"https:\/\/chainsmanufacturer.com\/product\/flat-twist-link\/#primaryimage\"},\"thumbnailUrl\":\"https:\/\/chainsmanufacturer.com\/wp-content\/uploads\/2023\/11\/Flat-Twist-Link-1-1.jpg\",\"datePublished\":\"2023-11-24T06:50:19+00:00\",\"dateModified\":\"2025-01-07T07:16:22+00:00\",\"description\":\"Flat twist chain is a unique chain type, renowned for its flexibility, strength, and aesthetic appeal, widely used in jewelry making and industrial applications.\",\"breadcrumb\":{\"@id\":\"https:\/\/chainsmanufacturer.com\/product\/flat-twist-link\/#breadcrumb\"},\"inLanguage\":\"tr\",\"potentialAction\":[{\"@type\":\"ReadAction\",\"target\":[\"https:\/\/chainsmanufacturer.com\/product\/flat-twist-link\/\"]}]},{\"@type\":\"ImageObject\",\"inLanguage\":\"tr\",\"@id\":\"https:\/\/chainsmanufacturer.com\/product\/flat-twist-link\/#primaryimage\",\"url\":\"https:\/\/chainsmanufacturer.com\/wp-content\/uploads\/2023\/11\/Flat-Twist-Link-1-1.jpg\",\"contentUrl\":\"https:\/\/chainsmanufacturer.com\/wp-content\/uploads\/2023\/11\/Flat-Twist-Link-1-1.jpg\",\"width\":800,\"height\":600,\"caption\":\"Flat Twist Link (1)\"},{\"@type\":\"BreadcrumbList\",\"@id\":\"https:\/\/chainsmanufacturer.com\/product\/flat-twist-link\/#breadcrumb\",\"itemListElement\":[{\"@type\":\"ListItem\",\"position\":1,\"name\":\"\u9996\u9875\",\"item\":\"https:\/\/chainsmanufacturer.com\/\"},{\"@type\":\"ListItem\",\"position\":2,\"name\":\"\u4ea7\u54c1\",\"item\":\"https:\/\/chainsmanufacturer.com\/shop\/\"},{\"@type\":\"ListItem\",\"position\":3,\"name\":\"Flat Twist Link\"}]},{\"@type\":\"WebSite\",\"@id\":\"https:\/\/chainsmanufacturer.com\/#website\",\"url\":\"https:\/\/chainsmanufacturer.com\/\",\"name\":\"chains manufacturer\",\"description\":\"chains manufacturer\",\"publisher\":{\"@id\":\"https:\/\/chainsmanufacturer.com\/#organization\"},\"potentialAction\":[{\"@type\":\"SearchAction\",\"target\":{\"@type\":\"EntryPoint\",\"urlTemplate\":\"https:\/\/chainsmanufacturer.com\/?s={search_term_string}\"},\"query-input\":{\"@type\":\"PropertyValueSpecification\",\"valueRequired\":true,\"valueName\":\"search_term_string\"}}],\"inLanguage\":\"tr\"},{\"@type\":\"Organization\",\"@id\":\"https:\/\/chainsmanufacturer.com\/#organization\",\"name\":\"chains manufacturer\",\"url\":\"https:\/\/chainsmanufacturer.com\/\",\"logo\":{\"@type\":\"ImageObject\",\"inLanguage\":\"tr\",\"@id\":\"https:\/\/chainsmanufacturer.com\/#\/schema\/logo\/image\/\",\"url\":\"https:\/\/chainsmanufacturer.com\/wp-content\/uploads\/2023\/11\/logo.png\",\"contentUrl\":\"https:\/\/chainsmanufacturer.com\/wp-content\/uploads\/2023\/11\/logo.png\",\"width\":180,\"height\":60,\"caption\":\"chains manufacturer\"},\"image\":{\"@id\":\"https:\/\/chainsmanufacturer.com\/#\/schema\/logo\/image\/\"}}]}<\/script>\n<!-- \/ Yoast SEO plugin. -->","yoast_head_json":{"title":"Flat Twist Link - chains manufacturer","description":"Flat twist chain is a unique chain type, renowned for its flexibility, strength, and aesthetic appeal, widely used in jewelry making and industrial applications.","robots":{"index":"index","follow":"follow","max-snippet":"max-snippet:-1","max-image-preview":"max-image-preview:large","max-video-preview":"max-video-preview:-1"},"canonical":"https:\/\/chainsmanufacturer.com\/tr\/urun\/flat-twist-link\/","og_locale":"tr_TR","og_type":"article","og_title":"Flat Twist Link - chains manufacturer","og_description":"Flat twist chain is a unique chain type, renowned for its flexibility, strength, and aesthetic appeal, widely used in jewelry making and industrial applications.","og_url":"https:\/\/chainsmanufacturer.com\/tr\/urun\/flat-twist-link\/","og_site_name":"chains manufacturer","article_modified_time":"2025-01-07T07:16:22+00:00","og_image":[{"width":800,"height":600,"url":"https:\/\/chainsmanufacturer.com\/wp-content\/uploads\/2023\/11\/Flat-Twist-Link-1-1.jpg","type":"image\/jpeg"}],"twitter_card":"summary_large_image","twitter_misc":{"Tahmini okuma s\u00fcresi":"2 dakika"},"schema":{"@context":"https:\/\/schema.org","@graph":[{"@type":"WebPage","@id":"https:\/\/chainsmanufacturer.com\/product\/flat-twist-link\/","url":"https:\/\/chainsmanufacturer.com\/product\/flat-twist-link\/","name":"Flat Twist Link - chains manufacturer","isPartOf":{"@id":"https:\/\/chainsmanufacturer.com\/#website"},"primaryImageOfPage":{"@id":"https:\/\/chainsmanufacturer.com\/product\/flat-twist-link\/#primaryimage"},"image":{"@id":"https:\/\/chainsmanufacturer.com\/product\/flat-twist-link\/#primaryimage"},"thumbnailUrl":"https:\/\/chainsmanufacturer.com\/wp-content\/uploads\/2023\/11\/Flat-Twist-Link-1-1.jpg","datePublished":"2023-11-24T06:50:19+00:00","dateModified":"2025-01-07T07:16:22+00:00","description":"Flat twist chain is a unique chain type, renowned for its flexibility, strength, and aesthetic appeal, widely used in jewelry making and industrial applications.","breadcrumb":{"@id":"https:\/\/chainsmanufacturer.com\/product\/flat-twist-link\/#breadcrumb"},"inLanguage":"tr","potentialAction":[{"@type":"ReadAction","target":["https:\/\/chainsmanufacturer.com\/product\/flat-twist-link\/"]}]},{"@type":"ImageObject","inLanguage":"tr","@id":"https:\/\/chainsmanufacturer.com\/product\/flat-twist-link\/#primaryimage","url":"https:\/\/chainsmanufacturer.com\/wp-content\/uploads\/2023\/11\/Flat-Twist-Link-1-1.jpg","contentUrl":"https:\/\/chainsmanufacturer.com\/wp-content\/uploads\/2023\/11\/Flat-Twist-Link-1-1.jpg","width":800,"height":600,"caption":"Flat Twist Link (1)"},{"@type":"BreadcrumbList","@id":"https:\/\/chainsmanufacturer.com\/product\/flat-twist-link\/#breadcrumb","itemListElement":[{"@type":"ListItem","position":1,"name":"\u9996\u9875","item":"https:\/\/chainsmanufacturer.com\/"},{"@type":"ListItem","position":2,"name":"\u4ea7\u54c1","item":"https:\/\/chainsmanufacturer.com\/shop\/"},{"@type":"ListItem","position":3,"name":"Flat Twist Link"}]},{"@type":"WebSite","@id":"https:\/\/chainsmanufacturer.com\/#website","url":"https:\/\/chainsmanufacturer.com\/","name":"Zincir \u00dcreticisi","description":"Zincir \u00dcreticisi","publisher":{"@id":"https:\/\/chainsmanufacturer.com\/#organization"},"potentialAction":[{"@type":"SearchAction","target":{"@type":"EntryPoint","urlTemplate":"https:\/\/chainsmanufacturer.com\/?s={search_term_string}"},"query-input":{"@type":"PropertyValueSpecification","valueRequired":true,"valueName":"search_term_string"}}],"inLanguage":"tr"},{"@type":"Organization","@id":"https:\/\/chainsmanufacturer.com\/#organization","name":"Zincir \u00dcreticisi","url":"https:\/\/chainsmanufacturer.com\/","logo":{"@type":"ImageObject","inLanguage":"tr","@id":"https:\/\/chainsmanufacturer.com\/#\/schema\/logo\/image\/","url":"https:\/\/chainsmanufacturer.com\/wp-content\/uploads\/2023\/11\/logo.png","contentUrl":"https:\/\/chainsmanufacturer.com\/wp-content\/uploads\/2023\/11\/logo.png","width":180,"height":60,"caption":"chains manufacturer"},"image":{"@id":"https:\/\/chainsmanufacturer.com\/#\/schema\/logo\/image\/"}}]}},"_links":{"self":[{"href":"https:\/\/chainsmanufacturer.com\/tr\/wp-json\/wp\/v2\/product\/748","targetHints":{"allow":["GET"]}}],"collection":[{"href":"https:\/\/chainsmanufacturer.com\/tr\/wp-json\/wp\/v2\/product"}],"about":[{"href":"https:\/\/chainsmanufacturer.com\/tr\/wp-json\/wp\/v2\/types\/product"}],"wp:featuredmedia":[{"embeddable":true,"href":"https:\/\/chainsmanufacturer.com\/tr\/wp-json\/wp\/v2\/media\/1802"}],"wp:attachment":[{"href":"https:\/\/chainsmanufacturer.com\/tr\/wp-json\/wp\/v2\/media?parent=748"}],"wp:term":[{"taxonomy":"product_brand","embeddable":true,"href":"https:\/\/chainsmanufacturer.com\/tr\/wp-json\/wp\/v2\/product_brand?post=748"},{"taxonomy":"product_cat","embeddable":true,"href":"https:\/\/chainsmanufacturer.com\/tr\/wp-json\/wp\/v2\/product_cat?post=748"},{"taxonomy":"product_tag","embeddable":true,"href":"https:\/\/chainsmanufacturer.com\/tr\/wp-json\/wp\/v2\/product_tag?post=748"}],"curies":[{"name":"wp","href":"https:\/\/api.w.org\/{rel}","templated":true}]}}