{"id":738,"date":"2023-11-24T06:30:25","date_gmt":"2023-11-24T06:30:25","guid":{"rendered":"https:\/\/chainsmanufacturer.com\/?post_type=product&#038;p=738"},"modified":"2025-01-07T10:53:06","modified_gmt":"2025-01-07T10:53:06","slug":"square-rolled-chain","status":"publish","type":"product","link":"https:\/\/chainsmanufacturer.com\/tr\/urun\/square-rolled-chain\/","title":{"rendered":"Kare Haddelenmi\u015f Zincir"},"content":{"rendered":"<h3 class=\"wpdt-c\"\n        id=\"wdt-table-title-7\">Kare Haddelenmi\u015f Zincir<\/h3>\n<div class=\"wpdt-c row wpDataTableContainerSimpleTable wpDataTables wpDataTablesWrapper\"\n    >\n        <table id=\"wpdtSimpleTable-7\"\n           style=\"border-collapse:collapse;                   border-spacing:0px;\"\n           class=\"wpdtSimpleTable wpDataTable\"\n           data-column=\"2\"\n           data-rows=\"8\"\n           data-wpid=\"7\"\n           data-responsive=\"0\"\n           data-has-header=\"0\">\n\n                    <tbody>        <tr class=\"wpdt-cell-row\" >\n                                <td class=\"wpdt-cell wpdt-bold wpdt-bc-F44336 wpdt-tc-FFFFFF wpdt-merged-cell\"\n                     colspan=\"2\"  rowspan=\"1\"                     data-cell-id=\"A1\"\n                    data-col-index=\"0\"\n                    data-row-index=\"0\"\n                    style=\" width:100%;                    padding:10px;                    \"\n                    >\n                                        Kare Haddelenmi\u015f Zincir                    <\/td>\n                                                    <\/tr>\n                            <tr class=\"wpdt-cell-row\" >\n                                <td class=\"wpdt-cell  wpdt-merged-cell\"\n                     colspan=\"1\"  rowspan=\"2\"                     data-cell-id=\"A2\"\n                    data-col-index=\"0\"\n                    data-row-index=\"1\"\n                    style=\"                    padding:10px;                    \"\n                    >\n                                        Boyut                    <\/td>\n                                                <td class=\"wpdt-cell\"\n                                            data-cell-id=\"B2\"\n                    data-col-index=\"1\"\n                    data-row-index=\"1\"\n                    style=\"                    padding:10px;                    \"\n                    >\n                                        DIA                    <\/td>\n                                        <\/tr>\n                            <tr class=\"wpdt-cell-row\" >\n                                            <td class=\"wpdt-cell\"\n                                            data-cell-id=\"B3\"\n                    data-col-index=\"1\"\n                    data-row-index=\"2\"\n                    style=\"                    padding:10px;                    \"\n                    >\n                                        mm                    <\/td>\n                                        <\/tr>\n                            <tr class=\"wpdt-cell-row\" >\n                                <td class=\"wpdt-cell wpdt-bc-F44336 wpdt-tc-FFFFFF\"\n                                            data-cell-id=\"A4\"\n                    data-col-index=\"0\"\n                    data-row-index=\"3\"\n                    style=\"                    padding:10px;                    \"\n                    >\n                                        ST-2.0                    <\/td>\n                                                <td class=\"wpdt-cell wpdt-bc-F44336 wpdt-tc-FFFFFF\"\n                                            data-cell-id=\"B4\"\n                    data-col-index=\"1\"\n                    data-row-index=\"3\"\n                    style=\"                    padding:10px;                    \"\n                    >\n                                        1.6                    <\/td>\n                                        <\/tr>\n                            <tr class=\"wpdt-cell-row\" >\n                                <td class=\"wpdt-cell\"\n                                            data-cell-id=\"A5\"\n                    data-col-index=\"0\"\n                    data-row-index=\"4\"\n                    style=\"                    padding:10px;                    \"\n                    >\n                                        ST-3.0                    <\/td>\n                                                <td class=\"wpdt-cell\"\n                                            data-cell-id=\"B5\"\n                    data-col-index=\"1\"\n                    data-row-index=\"4\"\n                    style=\"                    padding:10px;                    \"\n                    >\n                                        2.5                    <\/td>\n                                        <\/tr>\n                            <tr class=\"wpdt-cell-row\" >\n                                <td class=\"wpdt-cell wpdt-bc-F44336 wpdt-tc-FFFFFF\"\n                                            data-cell-id=\"A6\"\n                    data-col-index=\"0\"\n                    data-row-index=\"5\"\n                    style=\"                    padding:10px;                    \"\n                    >\n                                        ST-3.4                    <\/td>\n                                                <td class=\"wpdt-cell wpdt-bc-F44336 wpdt-tc-FFFFFF\"\n                                            data-cell-id=\"B6\"\n                    data-col-index=\"1\"\n                    data-row-index=\"5\"\n                    style=\"                    padding:10px;                    \"\n                    >\n                                        3.0                    <\/td>\n                                        <\/tr>\n                            <tr class=\"wpdt-cell-row\" >\n                                <td class=\"wpdt-cell\"\n                                            data-cell-id=\"A7\"\n                    data-col-index=\"0\"\n                    data-row-index=\"6\"\n                    style=\"                    padding:10px;                    \"\n                    >\n                                        ST-3.8                    <\/td>\n                                                <td class=\"wpdt-cell\"\n                                            data-cell-id=\"B7\"\n                    data-col-index=\"1\"\n                    data-row-index=\"6\"\n                    style=\"                    padding:10px;                    \"\n                    >\n                                        3.2                    <\/td>\n                                        <\/tr>\n                            <tr class=\"wpdt-cell-row\" >\n                                <td class=\"wpdt-cell wpdt-bc-F44336 wpdt-tc-FFFFFF\"\n                                            data-cell-id=\"A8\"\n                    data-col-index=\"0\"\n                    data-row-index=\"7\"\n                    style=\"                    padding:10px;                    \"\n                    >\n                                        ST-4.5                    <\/td>\n                                                <td class=\"wpdt-cell wpdt-bc-F44336 wpdt-tc-FFFFFF\"\n                                            data-cell-id=\"B8\"\n                    data-col-index=\"1\"\n                    data-row-index=\"7\"\n                    style=\"                    padding:10px;                    \"\n                    >\n                                        4.0                    <\/td>\n                                        <\/tr>\n                    <\/table>\n<\/div><style id='wpdt-custom-style-7'>\n.wpdt-bc-F44336 { background-color: #F44336 !important;}\n.wpdt-tc-FFFFFF { color: #FFFFFF !important;}\n<\/style>\n\n<h2>Kare Rulo Zincirlerin Zamans\u0131z \u015e\u0131kl\u0131\u011f\u0131 ile Tarz\u0131n\u0131z\u0131 Y\u00fckseltin<\/h2>\n<p data-sourcepos=\"7:1-7:47\"><strong>Kare rulo zincirlerin cazibesini ke\u015ffedin<\/strong><\/p>\n<p data-sourcepos=\"9:1-9:229\">Modern minimalizm ve klasik zarafetin m\u00fckemmel kar\u0131\u015f\u0131m\u0131n\u0131 zarif kare rulo zincirlerimizle deneyimleyin. En iyi malzemelerden hassasiyetle \u00fcretilen bu zincirler, sofistike ve dayan\u0131kl\u0131l\u0131\u011f\u0131n e\u015fsiz bir kar\u0131\u015f\u0131m\u0131n\u0131 sunar.<\/p>\n<p data-sourcepos=\"11:1-11:36\"><strong>Neden Kare Haddelenmi\u015f Zincirleri Se\u00e7melisiniz?<\/strong><\/p>\n<ul data-sourcepos=\"13:1-17:0\">\n<li data-sourcepos=\"13:1-13:158\"><strong>Benzersiz \u00c7ok Y\u00f6nl\u00fcl\u00fck:<\/strong> Kare rulo zincirlerimiz g\u00fcndelik k\u0131yafetlerden resmi k\u0131yafetlere sorunsuz bir \u015fekilde ge\u00e7i\u015f yaparak her durum i\u00e7in m\u00fckemmel bir aksesuar haline gelir.<\/li>\n<li data-sourcepos=\"14:1-14:126\"><strong>\u00dcst\u00fcn Kalite:<\/strong> Paslanmaz \u00e7elik ve som g\u00fcm\u00fc\u015f gibi birinci s\u0131n\u0131f malzemelerden \u00fcretilen zincirlerimiz uzun \u00f6m\u00fcrl\u00fcd\u00fcr.<\/li>\n<li data-sourcepos=\"15:1-15:116\"><strong>\u00d6zelle\u015ftirme Se\u00e7enekleri:<\/strong> \u00c7e\u015fitli uzunluk, y\u00fczey ve toka se\u00e7enekleriyle zincirinizi benzersiz tarz\u0131n\u0131za g\u00f6re uyarlay\u0131n.<\/li>\n<li data-sourcepos=\"16:1-17:0\"><strong>Zamans\u0131z Cazibe:<\/strong> Kare rulo zincirlerin temiz hatlar\u0131 ve geometrik tasar\u0131m\u0131, zamans\u0131z bir moda elyaf\u0131 olarak kalmalar\u0131n\u0131 sa\u011flar.<\/li>\n<\/ul>\n<p data-sourcepos=\"18:1-18:40\"><strong>Kare Haddelenmi\u015f Zincirlerin Faydalar\u0131<\/strong><\/p>\n<ul data-sourcepos=\"20:1-23:0\">\n<li data-sourcepos=\"20:1-20:102\"><strong>Geli\u015ftirilmi\u015f Konfor:<\/strong> Kare rulo zincirlerimizin p\u00fcr\u00fczs\u00fcz, yuvarlat\u0131lm\u0131\u015f kenarlar\u0131 g\u00fcn boyu konfor sa\u011flar.<\/li>\n<li data-sourcepos=\"21:1-21:123\"><strong>Dayan\u0131kl\u0131l\u0131k:<\/strong> Zincirlerimiz kararmaya ve korozyona kar\u015f\u0131 dayan\u0131kl\u0131d\u0131r ve parlakl\u0131\u011f\u0131n\u0131 y\u0131llarca korumas\u0131n\u0131 sa\u011flar.<\/li>\n<li data-sourcepos=\"22:1-23:0\"><strong>E\u015fsiz Estetik:<\/strong> Kendine \u00f6zg\u00fc kare \u015fekli her k\u0131yafete sofistike bir dokunu\u015f katar.<\/li>\n<\/ul>\n<p data-sourcepos=\"24:1-24:33\"><strong>Sonsuz \u015eekillendirme Olanaklar\u0131<\/strong><\/p>\n<ul data-sourcepos=\"26:1-29:0\">\n<li data-sourcepos=\"26:1-26:127\"><strong>G\u00fcvenle Katmanlay\u0131n:<\/strong> Kare rulo zincirinizi di\u011fer kolyeler veya bileziklerle katmanlayarak ki\u015fiselle\u015ftirilmi\u015f bir g\u00f6r\u00fcn\u00fcm yarat\u0131n.<\/li>\n<li data-sourcepos=\"27:1-27:97\"><strong>Bir kolye ucu ekleyin:<\/strong> Ger\u00e7ekten e\u015fsiz bir par\u00e7a yaratmak i\u00e7in zincirinizi anlaml\u0131 bir kolye ucuyla zenginle\u015ftirin.<\/li>\n<li data-sourcepos=\"28:1-29:0\"><strong>Yaln\u0131z giyin:<\/strong> Minimalist bir k\u0131yafetle zincirin sadeli\u011fini konu\u015fturun.<\/li>\n<\/ul>\n<p data-sourcepos=\"30:1-30:29\"><a href=\"https:\/\/chainsmanufacturer.com\/tr\/contact\/\"><strong>Fark\u0131 Deneyimleyin<\/strong><\/a><\/p>\n<p data-sourcepos=\"32:1-32:196\">Kare rulo zincirlerimiz bir m\u00fccevherden \u00e7ok daha fazlas\u0131d\u0131r; bir stil ve incelik ifadesidir. G\u00f6r\u00fcn\u00fcm\u00fcn\u00fcz\u00fc y\u00fckseltecek ve koleksiyonunuzun de\u011ferli bir par\u00e7as\u0131 haline gelecek bir par\u00e7aya yat\u0131r\u0131m yap\u0131n.<\/p>","protected":false},"excerpt":{"rendered":"<p>Elevate Your Style with the Timeless Elegance of Square Rolled Chains Discover the allure of square rolled chains Experience the perfect blend of modern minimalism and classic elegance with our exquisite square rolled chains. Crafted with precision from the finest materials, these chains offer a unique blend of sophistication and durability. Why Choose Square Rolled [&hellip;]<\/p>","protected":false},"featured_media":1795,"template":"","meta":{"site-sidebar-layout":"default","site-content-layout":"","ast-site-content-layout":"default","site-content-style":"default","site-sidebar-style":"default","ast-global-header-display":"","ast-banner-title-visibility":"","ast-main-header-display":"","ast-hfb-above-header-display":"","ast-hfb-below-header-display":"","ast-hfb-mobile-header-display":"","site-post-title":"","ast-breadcrumbs-content":"","ast-featured-img":"","footer-sml-layout":"","theme-transparent-header-meta":"default","adv-header-id-meta":"","stick-header-meta":"","header-above-stick-meta":"","header-main-stick-meta":"","header-below-stick-meta":"","astra-migrate-meta-layouts":"set","ast-page-background-enabled":"default","ast-page-background-meta":{"desktop":{"background-color":"","background-image":"","background-repeat":"repeat","background-position":"center center","background-size":"auto","background-attachment":"scroll","background-type":"","background-media":"","overlay-type":"","overlay-color":"","overlay-opacity":"","overlay-gradient":""},"tablet":{"background-color":"","background-image":"","background-repeat":"repeat","background-position":"center center","background-size":"auto","background-attachment":"scroll","background-type":"","background-media":"","overlay-type":"","overlay-color":"","overlay-opacity":"","overlay-gradient":""},"mobile":{"background-color":"","background-image":"","background-repeat":"repeat","background-position":"center center","background-size":"auto","background-attachment":"scroll","background-type":"","background-media":"","overlay-type":"","overlay-color":"","overlay-opacity":"","overlay-gradient":""}},"ast-content-background-meta":{"desktop":{"background-color":"var(--ast-global-color-5)","background-image":"","background-repeat":"repeat","background-position":"center center","background-size":"auto","background-attachment":"scroll","background-type":"","background-media":"","overlay-type":"","overlay-color":"","overlay-opacity":"","overlay-gradient":""},"tablet":{"background-color":"var(--ast-global-color-5)","background-image":"","background-repeat":"repeat","background-position":"center center","background-size":"auto","background-attachment":"scroll","background-type":"","background-media":"","overlay-type":"","overlay-color":"","overlay-opacity":"","overlay-gradient":""},"mobile":{"background-color":"var(--ast-global-color-5)","background-image":"","background-repeat":"repeat","background-position":"center center","background-size":"auto","background-attachment":"scroll","background-type":"","background-media":"","overlay-type":"","overlay-color":"","overlay-opacity":"","overlay-gradient":""}}},"product_brand":[],"product_cat":[24],"product_tag":[],"class_list":{"0":"post-738","1":"product","2":"type-product","3":"status-publish","4":"has-post-thumbnail","6":"product_cat-weldless-chain","7":"desktop-align-center","8":"tablet-align-left","9":"mobile-align-left","11":"first","12":"instock","13":"shipping-taxable","14":"product-type-simple"},"yoast_head":"<!-- This site is optimized with the Yoast SEO plugin v25.9 - https:\/\/yoast.com\/wordpress\/plugins\/seo\/ -->\n<title>Square Rolled Chain - chains manufacturer<\/title>\n<meta name=\"description\" content=\"Make a statement with our one-of-a-kind square rolled chain bracelet. The bold, geometric design adds a touch of edge to any look.\" \/>\n<meta name=\"robots\" content=\"index, follow, max-snippet:-1, max-image-preview:large, max-video-preview:-1\" \/>\n<link rel=\"canonical\" href=\"https:\/\/chainsmanufacturer.com\/tr\/urun\/square-rolled-chain\/\" \/>\n<meta property=\"og:locale\" content=\"tr_TR\" \/>\n<meta property=\"og:type\" content=\"article\" \/>\n<meta property=\"og:title\" content=\"Square Rolled Chain - chains manufacturer\" \/>\n<meta property=\"og:description\" content=\"Make a statement with our one-of-a-kind square rolled chain bracelet. The bold, geometric design adds a touch of edge to any look.\" \/>\n<meta property=\"og:url\" content=\"https:\/\/chainsmanufacturer.com\/tr\/urun\/square-rolled-chain\/\" \/>\n<meta property=\"og:site_name\" content=\"chains manufacturer\" \/>\n<meta property=\"article:modified_time\" content=\"2025-01-07T10:53:06+00:00\" \/>\n<meta property=\"og:image\" content=\"https:\/\/chainsmanufacturer.com\/wp-content\/uploads\/2023\/11\/Square-Rolled-Chain-3-1.jpg\" \/>\n\t<meta property=\"og:image:width\" content=\"800\" \/>\n\t<meta property=\"og:image:height\" content=\"599\" \/>\n\t<meta property=\"og:image:type\" content=\"image\/jpeg\" \/>\n<meta name=\"twitter:card\" content=\"summary_large_image\" \/>\n<meta name=\"twitter:label1\" content=\"Tahmini okuma s\u00fcresi\" \/>\n\t<meta name=\"twitter:data1\" content=\"2 dakika\" \/>\n<script type=\"application\/ld+json\" class=\"yoast-schema-graph\">{\"@context\":\"https:\/\/schema.org\",\"@graph\":[{\"@type\":\"WebPage\",\"@id\":\"https:\/\/chainsmanufacturer.com\/product\/square-rolled-chain\/\",\"url\":\"https:\/\/chainsmanufacturer.com\/product\/square-rolled-chain\/\",\"name\":\"Square Rolled Chain - chains manufacturer\",\"isPartOf\":{\"@id\":\"https:\/\/chainsmanufacturer.com\/#website\"},\"primaryImageOfPage\":{\"@id\":\"https:\/\/chainsmanufacturer.com\/product\/square-rolled-chain\/#primaryimage\"},\"image\":{\"@id\":\"https:\/\/chainsmanufacturer.com\/product\/square-rolled-chain\/#primaryimage\"},\"thumbnailUrl\":\"https:\/\/chainsmanufacturer.com\/wp-content\/uploads\/2023\/11\/Square-Rolled-Chain-3-1.jpg\",\"datePublished\":\"2023-11-24T06:30:25+00:00\",\"dateModified\":\"2025-01-07T10:53:06+00:00\",\"description\":\"Make a statement with our one-of-a-kind square rolled chain bracelet. The bold, geometric design adds a touch of edge to any look.\",\"breadcrumb\":{\"@id\":\"https:\/\/chainsmanufacturer.com\/product\/square-rolled-chain\/#breadcrumb\"},\"inLanguage\":\"tr\",\"potentialAction\":[{\"@type\":\"ReadAction\",\"target\":[\"https:\/\/chainsmanufacturer.com\/product\/square-rolled-chain\/\"]}]},{\"@type\":\"ImageObject\",\"inLanguage\":\"tr\",\"@id\":\"https:\/\/chainsmanufacturer.com\/product\/square-rolled-chain\/#primaryimage\",\"url\":\"https:\/\/chainsmanufacturer.com\/wp-content\/uploads\/2023\/11\/Square-Rolled-Chain-3-1.jpg\",\"contentUrl\":\"https:\/\/chainsmanufacturer.com\/wp-content\/uploads\/2023\/11\/Square-Rolled-Chain-3-1.jpg\",\"width\":800,\"height\":599,\"caption\":\"Square Rolled Chain (3)\"},{\"@type\":\"BreadcrumbList\",\"@id\":\"https:\/\/chainsmanufacturer.com\/product\/square-rolled-chain\/#breadcrumb\",\"itemListElement\":[{\"@type\":\"ListItem\",\"position\":1,\"name\":\"\u9996\u9875\",\"item\":\"https:\/\/chainsmanufacturer.com\/\"},{\"@type\":\"ListItem\",\"position\":2,\"name\":\"\u4ea7\u54c1\",\"item\":\"https:\/\/chainsmanufacturer.com\/shop\/\"},{\"@type\":\"ListItem\",\"position\":3,\"name\":\"Square Rolled Chain\"}]},{\"@type\":\"WebSite\",\"@id\":\"https:\/\/chainsmanufacturer.com\/#website\",\"url\":\"https:\/\/chainsmanufacturer.com\/\",\"name\":\"chains manufacturer\",\"description\":\"chains manufacturer\",\"publisher\":{\"@id\":\"https:\/\/chainsmanufacturer.com\/#organization\"},\"potentialAction\":[{\"@type\":\"SearchAction\",\"target\":{\"@type\":\"EntryPoint\",\"urlTemplate\":\"https:\/\/chainsmanufacturer.com\/?s={search_term_string}\"},\"query-input\":{\"@type\":\"PropertyValueSpecification\",\"valueRequired\":true,\"valueName\":\"search_term_string\"}}],\"inLanguage\":\"tr\"},{\"@type\":\"Organization\",\"@id\":\"https:\/\/chainsmanufacturer.com\/#organization\",\"name\":\"chains manufacturer\",\"url\":\"https:\/\/chainsmanufacturer.com\/\",\"logo\":{\"@type\":\"ImageObject\",\"inLanguage\":\"tr\",\"@id\":\"https:\/\/chainsmanufacturer.com\/#\/schema\/logo\/image\/\",\"url\":\"https:\/\/chainsmanufacturer.com\/wp-content\/uploads\/2023\/11\/logo.png\",\"contentUrl\":\"https:\/\/chainsmanufacturer.com\/wp-content\/uploads\/2023\/11\/logo.png\",\"width\":180,\"height\":60,\"caption\":\"chains manufacturer\"},\"image\":{\"@id\":\"https:\/\/chainsmanufacturer.com\/#\/schema\/logo\/image\/\"}}]}<\/script>\n<!-- \/ Yoast SEO plugin. -->","yoast_head_json":{"title":"Square Rolled Chain - chains manufacturer","description":"Make a statement with our one-of-a-kind square rolled chain bracelet. The bold, geometric design adds a touch of edge to any look.","robots":{"index":"index","follow":"follow","max-snippet":"max-snippet:-1","max-image-preview":"max-image-preview:large","max-video-preview":"max-video-preview:-1"},"canonical":"https:\/\/chainsmanufacturer.com\/tr\/urun\/square-rolled-chain\/","og_locale":"tr_TR","og_type":"article","og_title":"Square Rolled Chain - chains manufacturer","og_description":"Make a statement with our one-of-a-kind square rolled chain bracelet. The bold, geometric design adds a touch of edge to any look.","og_url":"https:\/\/chainsmanufacturer.com\/tr\/urun\/square-rolled-chain\/","og_site_name":"chains manufacturer","article_modified_time":"2025-01-07T10:53:06+00:00","og_image":[{"width":800,"height":599,"url":"https:\/\/chainsmanufacturer.com\/wp-content\/uploads\/2023\/11\/Square-Rolled-Chain-3-1.jpg","type":"image\/jpeg"}],"twitter_card":"summary_large_image","twitter_misc":{"Tahmini okuma s\u00fcresi":"2 dakika"},"schema":{"@context":"https:\/\/schema.org","@graph":[{"@type":"WebPage","@id":"https:\/\/chainsmanufacturer.com\/product\/square-rolled-chain\/","url":"https:\/\/chainsmanufacturer.com\/product\/square-rolled-chain\/","name":"Square Rolled Chain - chains manufacturer","isPartOf":{"@id":"https:\/\/chainsmanufacturer.com\/#website"},"primaryImageOfPage":{"@id":"https:\/\/chainsmanufacturer.com\/product\/square-rolled-chain\/#primaryimage"},"image":{"@id":"https:\/\/chainsmanufacturer.com\/product\/square-rolled-chain\/#primaryimage"},"thumbnailUrl":"https:\/\/chainsmanufacturer.com\/wp-content\/uploads\/2023\/11\/Square-Rolled-Chain-3-1.jpg","datePublished":"2023-11-24T06:30:25+00:00","dateModified":"2025-01-07T10:53:06+00:00","description":"Make a statement with our one-of-a-kind square rolled chain bracelet. The bold, geometric design adds a touch of edge to any look.","breadcrumb":{"@id":"https:\/\/chainsmanufacturer.com\/product\/square-rolled-chain\/#breadcrumb"},"inLanguage":"tr","potentialAction":[{"@type":"ReadAction","target":["https:\/\/chainsmanufacturer.com\/product\/square-rolled-chain\/"]}]},{"@type":"ImageObject","inLanguage":"tr","@id":"https:\/\/chainsmanufacturer.com\/product\/square-rolled-chain\/#primaryimage","url":"https:\/\/chainsmanufacturer.com\/wp-content\/uploads\/2023\/11\/Square-Rolled-Chain-3-1.jpg","contentUrl":"https:\/\/chainsmanufacturer.com\/wp-content\/uploads\/2023\/11\/Square-Rolled-Chain-3-1.jpg","width":800,"height":599,"caption":"Square Rolled Chain (3)"},{"@type":"BreadcrumbList","@id":"https:\/\/chainsmanufacturer.com\/product\/square-rolled-chain\/#breadcrumb","itemListElement":[{"@type":"ListItem","position":1,"name":"\u9996\u9875","item":"https:\/\/chainsmanufacturer.com\/"},{"@type":"ListItem","position":2,"name":"\u4ea7\u54c1","item":"https:\/\/chainsmanufacturer.com\/shop\/"},{"@type":"ListItem","position":3,"name":"Square Rolled Chain"}]},{"@type":"WebSite","@id":"https:\/\/chainsmanufacturer.com\/#website","url":"https:\/\/chainsmanufacturer.com\/","name":"Zincir \u00dcreticisi","description":"Zincir \u00dcreticisi","publisher":{"@id":"https:\/\/chainsmanufacturer.com\/#organization"},"potentialAction":[{"@type":"SearchAction","target":{"@type":"EntryPoint","urlTemplate":"https:\/\/chainsmanufacturer.com\/?s={search_term_string}"},"query-input":{"@type":"PropertyValueSpecification","valueRequired":true,"valueName":"search_term_string"}}],"inLanguage":"tr"},{"@type":"Organization","@id":"https:\/\/chainsmanufacturer.com\/#organization","name":"Zincir \u00dcreticisi","url":"https:\/\/chainsmanufacturer.com\/","logo":{"@type":"ImageObject","inLanguage":"tr","@id":"https:\/\/chainsmanufacturer.com\/#\/schema\/logo\/image\/","url":"https:\/\/chainsmanufacturer.com\/wp-content\/uploads\/2023\/11\/logo.png","contentUrl":"https:\/\/chainsmanufacturer.com\/wp-content\/uploads\/2023\/11\/logo.png","width":180,"height":60,"caption":"chains manufacturer"},"image":{"@id":"https:\/\/chainsmanufacturer.com\/#\/schema\/logo\/image\/"}}]}},"_links":{"self":[{"href":"https:\/\/chainsmanufacturer.com\/tr\/wp-json\/wp\/v2\/product\/738","targetHints":{"allow":["GET"]}}],"collection":[{"href":"https:\/\/chainsmanufacturer.com\/tr\/wp-json\/wp\/v2\/product"}],"about":[{"href":"https:\/\/chainsmanufacturer.com\/tr\/wp-json\/wp\/v2\/types\/product"}],"wp:featuredmedia":[{"embeddable":true,"href":"https:\/\/chainsmanufacturer.com\/tr\/wp-json\/wp\/v2\/media\/1795"}],"wp:attachment":[{"href":"https:\/\/chainsmanufacturer.com\/tr\/wp-json\/wp\/v2\/media?parent=738"}],"wp:term":[{"taxonomy":"product_brand","embeddable":true,"href":"https:\/\/chainsmanufacturer.com\/tr\/wp-json\/wp\/v2\/product_brand?post=738"},{"taxonomy":"product_cat","embeddable":true,"href":"https:\/\/chainsmanufacturer.com\/tr\/wp-json\/wp\/v2\/product_cat?post=738"},{"taxonomy":"product_tag","embeddable":true,"href":"https:\/\/chainsmanufacturer.com\/tr\/wp-json\/wp\/v2\/product_tag?post=738"}],"curies":[{"name":"wp","href":"https:\/\/api.w.org\/{rel}","templated":true}]}}