{"id":761,"date":"2023-11-24T07:06:10","date_gmt":"2023-11-24T07:06:10","guid":{"rendered":"https:\/\/chainsmanufacturer.com\/?post_type=product&#038;p=761"},"modified":"2025-01-07T08:39:19","modified_gmt":"2025-01-07T08:39:19","slug":"dimpled-chain","status":"publish","type":"product","link":"https:\/\/chainsmanufacturer.com\/pt\/produto\/dimpled-chain\/","title":{"rendered":"Corrente com covinhas"},"content":{"rendered":"<h3 class=\"wpdt-c\"\n        id=\"wdt-table-title-13\">Corrente com covinhas<\/h3>\n<div class=\"wpdt-c row wpDataTableContainerSimpleTable wpDataTables wpDataTablesWrapper\"\n    >\n        <table id=\"wpdtSimpleTable-13\"\n           style=\"border-collapse:collapse;                   border-spacing:0px;\"\n           class=\"wpdtSimpleTable wpDataTable\"\n           data-column=\"2\"\n           data-rows=\"6\"\n           data-wpid=\"13\"\n           data-responsive=\"0\"\n           data-has-header=\"0\">\n\n                    <tbody>        <tr class=\"wpdt-cell-row\" >\n                                <td class=\"wpdt-cell wpdt-bc-F44336 wpdt-tc-FFFFFF wpdt-merged-cell\"\n                     colspan=\"2\"  rowspan=\"1\"                     data-cell-id=\"A1\"\n                    data-col-index=\"0\"\n                    data-row-index=\"0\"\n                    style=\" width:100%;                    padding:10px;                    \"\n                    >\n                                        Corrente com covinhas                    <\/td>\n                                                    <\/tr>\n                            <tr class=\"wpdt-cell-row\" >\n                                <td class=\"wpdt-cell  wpdt-merged-cell\"\n                     colspan=\"1\"  rowspan=\"2\"                     data-cell-id=\"A2\"\n                    data-col-index=\"0\"\n                    data-row-index=\"1\"\n                    style=\"                    padding:10px;                    \"\n                    >\n                                        Tamanho                    <\/td>\n                                                <td class=\"wpdt-cell\"\n                                            data-cell-id=\"B2\"\n                    data-col-index=\"1\"\n                    data-row-index=\"1\"\n                    style=\"                    padding:10px;                    \"\n                    >\n                                        Dia.                    <\/td>\n                                        <\/tr>\n                            <tr class=\"wpdt-cell-row\" >\n                                            <td class=\"wpdt-cell\"\n                                            data-cell-id=\"B3\"\n                    data-col-index=\"1\"\n                    data-row-index=\"2\"\n                    style=\"                    padding:10px;                    \"\n                    >\n                                        mm                    <\/td>\n                                        <\/tr>\n                            <tr class=\"wpdt-cell-row\" >\n                                <td class=\"wpdt-cell wpdt-bc-F44336 wpdt-tc-EEEDED\"\n                                            data-cell-id=\"A4\"\n                    data-col-index=\"0\"\n                    data-row-index=\"3\"\n                    style=\"                    padding:10px;                    \"\n                    >\n                                        #40                    <\/td>\n                                                <td class=\"wpdt-cell wpdt-bc-F44336 wpdt-tc-EEEDED\"\n                                            data-cell-id=\"B4\"\n                    data-col-index=\"1\"\n                    data-row-index=\"3\"\n                    style=\"                    padding:10px;                    \"\n                    >\n                                        2.0*2.0                    <\/td>\n                                        <\/tr>\n                            <tr class=\"wpdt-cell-row\" >\n                                <td class=\"wpdt-cell\"\n                                            data-cell-id=\"A5\"\n                    data-col-index=\"0\"\n                    data-row-index=\"4\"\n                    style=\"                    padding:10px;                    \"\n                    >\n                                        #50                    <\/td>\n                                                <td class=\"wpdt-cell\"\n                                            data-cell-id=\"B5\"\n                    data-col-index=\"1\"\n                    data-row-index=\"4\"\n                    style=\"                    padding:10px;                    \"\n                    >\n                                        3.0*3.0                    <\/td>\n                                        <\/tr>\n                            <tr class=\"wpdt-cell-row\" >\n                                <td class=\"wpdt-cell wpdt-bc-F44336 wpdt-tc-FCFCFC\"\n                                            data-cell-id=\"A6\"\n                    data-col-index=\"0\"\n                    data-row-index=\"5\"\n                    style=\"                    padding:10px;                    \"\n                    >\n                                        #60                    <\/td>\n                                                <td class=\"wpdt-cell wpdt-bc-F44336 wpdt-tc-FCFCFC\"\n                                            data-cell-id=\"B6\"\n                    data-col-index=\"1\"\n                    data-row-index=\"5\"\n                    style=\"                    padding:10px;                    \"\n                    >\n                                        4.0*4.0                    <\/td>\n                                        <\/tr>\n                    <\/table>\n<\/div><style id='wpdt-custom-style-13'>\n.wpdt-bc-F44336 { background-color: #F44336 !important;}\n.wpdt-tc-FFFFFF { color: #FFFFFF !important;}\n.wpdt-tc-EEEDED { color: #EEEDED !important;}\n.wpdt-tc-FCFCFC { color: #FCFCFC !important;}\n<\/style>\n\n<p data-sourcepos=\"3:1-3:35\"><strong>Corrente com covinhas: Uma tend\u00eancia intemporal<\/strong><\/p>\n<p data-sourcepos=\"7:1-7:242\">A corrente com covinhas \u00e9 um tipo de corrente que tem pequenas reentr\u00e2ncias ou covinhas ao longo do seu comprimento. Este design \u00fanico cria um aspeto texturado e visualmente apelativo que a tornou uma escolha popular para designers de j\u00f3ias e entusiastas da moda. As correntes indentadas est\u00e3o dispon\u00edveis numa variedade de materiais, incluindo ouro, prata e a\u00e7o inoxid\u00e1vel. Podem ser utilizadas para criar colares, pulseiras, brincos e outros acess\u00f3rios. S\u00e3o frequentemente combinadas com outros elementos, como missangas, amuletos e pingentes, para criar um visual mais personalizado.<\/p>\n<p data-sourcepos=\"11:1-11:28\"><strong>Hist\u00f3ria da corrente com covinhas<\/strong><\/p>\n<p data-sourcepos=\"13:1-13:280\">A cadeia tem uma longa hist\u00f3ria, que remonta ao antigo Egito. Nos \u00faltimos anos, registou um ressurgimento da sua popularidade. Este facto deve-se, em parte, \u00e0 tend\u00eancia crescente da moda vintage. A corrente \u00e9 tamb\u00e9m uma escolha popular para aqueles que procuram uma forma \u00fanica e elegante de complementar os seus trajes.<\/p>\n<p data-sourcepos=\"17:1-17:29\"><strong>Vantagens da cadeia<\/strong><\/p>\n<p data-sourcepos=\"19:1-19:162\">A corrente com covinhas tem uma s\u00e9rie de benef\u00edcios que a tornam uma escolha popular para designers de j\u00f3ias e entusiastas da moda. Alguns dos benef\u00edcios da corrente incluem:<\/p>\n<ul data-sourcepos=\"21:1-25:0\">\n<li data-sourcepos=\"21:1-21:94\"><strong>\u00danico e com estilo:<\/strong> A corrente com covinhas \u00e9 uma forma \u00fanica e elegante de decorar qualquer roupa.<\/li>\n<li data-sourcepos=\"21:1-21:94\"><strong>Confort\u00e1vel de usar:<\/strong> A corrente \u00e9 confort\u00e1vel de usar, mesmo para as pessoas com pele sens\u00edvel.<\/li>\n<\/ul>\n<p data-sourcepos=\"35:1-35:30\"><strong>Onde comprar corrente com covinhas<\/strong><\/p>\n<p data-sourcepos=\"37:1-37:169\">A corrente est\u00e1 dispon\u00edvel numa variedade de retalhistas, tanto online como pessoalmente. Pode encontrar a corrente com covinhas em joalharias, grandes armaz\u00e9ns e retalhistas online.<\/p>\n<p data-sourcepos=\"39:1-39:14\"><a href=\"https:\/\/chainsmanufacturer.com\/pt\/contact\/\"><strong>Conclus\u00e3o<\/strong><\/a><\/p>\n<p data-sourcepos=\"39:1-39:14\">A corrente \u00e9 uma tend\u00eancia intemporal que ir\u00e1 certamente continuar a ser popular nos pr\u00f3ximos anos. O seu design \u00fanico e a sua versatilidade fazem dela uma \u00f3ptima escolha para quem procura dar um toque de estilo ao seu guarda-roupa.<\/p>","protected":false},"excerpt":{"rendered":"<p>Dimpled Chain: A Timeless Trend Dimpled chain is a type of chain that has small indentations or dimples along its length. This unique design creates a textured and visually appealing look that has made it a popular choice for jewelry designers and fashion enthusiasts alike.\u00a0Indented chains are available in a variety of materials, including gold, [&hellip;]<\/p>","protected":false},"featured_media":1814,"template":"","meta":{"site-sidebar-layout":"default","site-content-layout":"","ast-site-content-layout":"default","site-content-style":"default","site-sidebar-style":"default","ast-global-header-display":"","ast-banner-title-visibility":"","ast-main-header-display":"","ast-hfb-above-header-display":"","ast-hfb-below-header-display":"","ast-hfb-mobile-header-display":"","site-post-title":"","ast-breadcrumbs-content":"","ast-featured-img":"","footer-sml-layout":"","theme-transparent-header-meta":"default","adv-header-id-meta":"","stick-header-meta":"","header-above-stick-meta":"","header-main-stick-meta":"","header-below-stick-meta":"","astra-migrate-meta-layouts":"set","ast-page-background-enabled":"default","ast-page-background-meta":{"desktop":{"background-color":"","background-image":"","background-repeat":"repeat","background-position":"center center","background-size":"auto","background-attachment":"scroll","background-type":"","background-media":"","overlay-type":"","overlay-color":"","overlay-opacity":"","overlay-gradient":""},"tablet":{"background-color":"","background-image":"","background-repeat":"repeat","background-position":"center center","background-size":"auto","background-attachment":"scroll","background-type":"","background-media":"","overlay-type":"","overlay-color":"","overlay-opacity":"","overlay-gradient":""},"mobile":{"background-color":"","background-image":"","background-repeat":"repeat","background-position":"center center","background-size":"auto","background-attachment":"scroll","background-type":"","background-media":"","overlay-type":"","overlay-color":"","overlay-opacity":"","overlay-gradient":""}},"ast-content-background-meta":{"desktop":{"background-color":"var(--ast-global-color-5)","background-image":"","background-repeat":"repeat","background-position":"center center","background-size":"auto","background-attachment":"scroll","background-type":"","background-media":"","overlay-type":"","overlay-color":"","overlay-opacity":"","overlay-gradient":""},"tablet":{"background-color":"var(--ast-global-color-5)","background-image":"","background-repeat":"repeat","background-position":"center center","background-size":"auto","background-attachment":"scroll","background-type":"","background-media":"","overlay-type":"","overlay-color":"","overlay-opacity":"","overlay-gradient":""},"mobile":{"background-color":"var(--ast-global-color-5)","background-image":"","background-repeat":"repeat","background-position":"center center","background-size":"auto","background-attachment":"scroll","background-type":"","background-media":"","overlay-type":"","overlay-color":"","overlay-opacity":"","overlay-gradient":""}}},"product_brand":[],"product_cat":[24],"product_tag":[],"class_list":{"0":"post-761","1":"product","2":"type-product","3":"status-publish","4":"has-post-thumbnail","6":"product_cat-weldless-chain","7":"desktop-align-center","8":"tablet-align-left","9":"mobile-align-left","11":"first","12":"instock","13":"shipping-taxable","14":"product-type-simple"},"yoast_head":"<!-- This site is optimized with the Yoast SEO plugin v25.9 - https:\/\/yoast.com\/wordpress\/plugins\/seo\/ -->\n<title>Dimpled Chain - chains manufacturer<\/title>\n<meta name=\"description\" content=\"Heavy-duty dimpled chain designed for maximum strength and durability. Ideal for construction, lifting, and towing applications.\" \/>\n<meta name=\"robots\" content=\"index, follow, max-snippet:-1, max-image-preview:large, max-video-preview:-1\" \/>\n<link rel=\"canonical\" href=\"https:\/\/chainsmanufacturer.com\/pt\/produto\/dimpled-chain\/\" \/>\n<meta property=\"og:locale\" content=\"pt_PT\" \/>\n<meta property=\"og:type\" content=\"article\" \/>\n<meta property=\"og:title\" content=\"Dimpled Chain - chains manufacturer\" \/>\n<meta property=\"og:description\" content=\"Heavy-duty dimpled chain designed for maximum strength and durability. Ideal for construction, lifting, and towing applications.\" \/>\n<meta property=\"og:url\" content=\"https:\/\/chainsmanufacturer.com\/pt\/produto\/dimpled-chain\/\" \/>\n<meta property=\"og:site_name\" content=\"chains manufacturer\" \/>\n<meta property=\"article:modified_time\" content=\"2025-01-07T08:39:19+00:00\" \/>\n<meta property=\"og:image\" content=\"https:\/\/chainsmanufacturer.com\/wp-content\/uploads\/2023\/11\/Dimpled-Chain-1-1.jpg\" \/>\n\t<meta property=\"og:image:width\" content=\"800\" \/>\n\t<meta property=\"og:image:height\" content=\"600\" \/>\n\t<meta property=\"og:image:type\" content=\"image\/jpeg\" \/>\n<meta name=\"twitter:card\" content=\"summary_large_image\" \/>\n<meta name=\"twitter:label1\" content=\"Tempo estimado de leitura\" \/>\n\t<meta name=\"twitter:data1\" content=\"2 minutos\" \/>\n<script type=\"application\/ld+json\" class=\"yoast-schema-graph\">{\"@context\":\"https:\/\/schema.org\",\"@graph\":[{\"@type\":\"WebPage\",\"@id\":\"https:\/\/chainsmanufacturer.com\/product\/dimpled-chain\/\",\"url\":\"https:\/\/chainsmanufacturer.com\/product\/dimpled-chain\/\",\"name\":\"Dimpled Chain - chains manufacturer\",\"isPartOf\":{\"@id\":\"https:\/\/chainsmanufacturer.com\/#website\"},\"primaryImageOfPage\":{\"@id\":\"https:\/\/chainsmanufacturer.com\/product\/dimpled-chain\/#primaryimage\"},\"image\":{\"@id\":\"https:\/\/chainsmanufacturer.com\/product\/dimpled-chain\/#primaryimage\"},\"thumbnailUrl\":\"https:\/\/chainsmanufacturer.com\/wp-content\/uploads\/2023\/11\/Dimpled-Chain-1-1.jpg\",\"datePublished\":\"2023-11-24T07:06:10+00:00\",\"dateModified\":\"2025-01-07T08:39:19+00:00\",\"description\":\"Heavy-duty dimpled chain designed for maximum strength and durability. Ideal for construction, lifting, and towing applications.\",\"breadcrumb\":{\"@id\":\"https:\/\/chainsmanufacturer.com\/product\/dimpled-chain\/#breadcrumb\"},\"inLanguage\":\"pt-PT\",\"potentialAction\":[{\"@type\":\"ReadAction\",\"target\":[\"https:\/\/chainsmanufacturer.com\/product\/dimpled-chain\/\"]}]},{\"@type\":\"ImageObject\",\"inLanguage\":\"pt-PT\",\"@id\":\"https:\/\/chainsmanufacturer.com\/product\/dimpled-chain\/#primaryimage\",\"url\":\"https:\/\/chainsmanufacturer.com\/wp-content\/uploads\/2023\/11\/Dimpled-Chain-1-1.jpg\",\"contentUrl\":\"https:\/\/chainsmanufacturer.com\/wp-content\/uploads\/2023\/11\/Dimpled-Chain-1-1.jpg\",\"width\":800,\"height\":600,\"caption\":\"Dimpled Chain (1)\"},{\"@type\":\"BreadcrumbList\",\"@id\":\"https:\/\/chainsmanufacturer.com\/product\/dimpled-chain\/#breadcrumb\",\"itemListElement\":[{\"@type\":\"ListItem\",\"position\":1,\"name\":\"\u9996\u9875\",\"item\":\"https:\/\/chainsmanufacturer.com\/\"},{\"@type\":\"ListItem\",\"position\":2,\"name\":\"\u4ea7\u54c1\",\"item\":\"https:\/\/chainsmanufacturer.com\/shop\/\"},{\"@type\":\"ListItem\",\"position\":3,\"name\":\"Dimpled Chain\"}]},{\"@type\":\"WebSite\",\"@id\":\"https:\/\/chainsmanufacturer.com\/#website\",\"url\":\"https:\/\/chainsmanufacturer.com\/\",\"name\":\"chains manufacturer\",\"description\":\"chains manufacturer\",\"publisher\":{\"@id\":\"https:\/\/chainsmanufacturer.com\/#organization\"},\"potentialAction\":[{\"@type\":\"SearchAction\",\"target\":{\"@type\":\"EntryPoint\",\"urlTemplate\":\"https:\/\/chainsmanufacturer.com\/?s={search_term_string}\"},\"query-input\":{\"@type\":\"PropertyValueSpecification\",\"valueRequired\":true,\"valueName\":\"search_term_string\"}}],\"inLanguage\":\"pt-PT\"},{\"@type\":\"Organization\",\"@id\":\"https:\/\/chainsmanufacturer.com\/#organization\",\"name\":\"chains manufacturer\",\"url\":\"https:\/\/chainsmanufacturer.com\/\",\"logo\":{\"@type\":\"ImageObject\",\"inLanguage\":\"pt-PT\",\"@id\":\"https:\/\/chainsmanufacturer.com\/#\/schema\/logo\/image\/\",\"url\":\"https:\/\/chainsmanufacturer.com\/wp-content\/uploads\/2023\/11\/logo.png\",\"contentUrl\":\"https:\/\/chainsmanufacturer.com\/wp-content\/uploads\/2023\/11\/logo.png\",\"width\":180,\"height\":60,\"caption\":\"chains manufacturer\"},\"image\":{\"@id\":\"https:\/\/chainsmanufacturer.com\/#\/schema\/logo\/image\/\"}}]}<\/script>\n<!-- \/ Yoast SEO plugin. -->","yoast_head_json":{"title":"Dimpled Chain - chains manufacturer","description":"Heavy-duty dimpled chain designed for maximum strength and durability. Ideal for construction, lifting, and towing applications.","robots":{"index":"index","follow":"follow","max-snippet":"max-snippet:-1","max-image-preview":"max-image-preview:large","max-video-preview":"max-video-preview:-1"},"canonical":"https:\/\/chainsmanufacturer.com\/pt\/produto\/dimpled-chain\/","og_locale":"pt_PT","og_type":"article","og_title":"Dimpled Chain - chains manufacturer","og_description":"Heavy-duty dimpled chain designed for maximum strength and durability. Ideal for construction, lifting, and towing applications.","og_url":"https:\/\/chainsmanufacturer.com\/pt\/produto\/dimpled-chain\/","og_site_name":"chains manufacturer","article_modified_time":"2025-01-07T08:39:19+00:00","og_image":[{"width":800,"height":600,"url":"https:\/\/chainsmanufacturer.com\/wp-content\/uploads\/2023\/11\/Dimpled-Chain-1-1.jpg","type":"image\/jpeg"}],"twitter_card":"summary_large_image","twitter_misc":{"Tempo estimado de leitura":"2 minutos"},"schema":{"@context":"https:\/\/schema.org","@graph":[{"@type":"WebPage","@id":"https:\/\/chainsmanufacturer.com\/product\/dimpled-chain\/","url":"https:\/\/chainsmanufacturer.com\/product\/dimpled-chain\/","name":"Dimpled Chain - chains manufacturer","isPartOf":{"@id":"https:\/\/chainsmanufacturer.com\/#website"},"primaryImageOfPage":{"@id":"https:\/\/chainsmanufacturer.com\/product\/dimpled-chain\/#primaryimage"},"image":{"@id":"https:\/\/chainsmanufacturer.com\/product\/dimpled-chain\/#primaryimage"},"thumbnailUrl":"https:\/\/chainsmanufacturer.com\/wp-content\/uploads\/2023\/11\/Dimpled-Chain-1-1.jpg","datePublished":"2023-11-24T07:06:10+00:00","dateModified":"2025-01-07T08:39:19+00:00","description":"Heavy-duty dimpled chain designed for maximum strength and durability. Ideal for construction, lifting, and towing applications.","breadcrumb":{"@id":"https:\/\/chainsmanufacturer.com\/product\/dimpled-chain\/#breadcrumb"},"inLanguage":"pt-PT","potentialAction":[{"@type":"ReadAction","target":["https:\/\/chainsmanufacturer.com\/product\/dimpled-chain\/"]}]},{"@type":"ImageObject","inLanguage":"pt-PT","@id":"https:\/\/chainsmanufacturer.com\/product\/dimpled-chain\/#primaryimage","url":"https:\/\/chainsmanufacturer.com\/wp-content\/uploads\/2023\/11\/Dimpled-Chain-1-1.jpg","contentUrl":"https:\/\/chainsmanufacturer.com\/wp-content\/uploads\/2023\/11\/Dimpled-Chain-1-1.jpg","width":800,"height":600,"caption":"Dimpled Chain (1)"},{"@type":"BreadcrumbList","@id":"https:\/\/chainsmanufacturer.com\/product\/dimpled-chain\/#breadcrumb","itemListElement":[{"@type":"ListItem","position":1,"name":"\u9996\u9875","item":"https:\/\/chainsmanufacturer.com\/"},{"@type":"ListItem","position":2,"name":"\u4ea7\u54c1","item":"https:\/\/chainsmanufacturer.com\/shop\/"},{"@type":"ListItem","position":3,"name":"Dimpled Chain"}]},{"@type":"WebSite","@id":"https:\/\/chainsmanufacturer.com\/#website","url":"https:\/\/chainsmanufacturer.com\/","name":"fabricante de correntes","description":"fabricante de correntes","publisher":{"@id":"https:\/\/chainsmanufacturer.com\/#organization"},"potentialAction":[{"@type":"SearchAction","target":{"@type":"EntryPoint","urlTemplate":"https:\/\/chainsmanufacturer.com\/?s={search_term_string}"},"query-input":{"@type":"PropertyValueSpecification","valueRequired":true,"valueName":"search_term_string"}}],"inLanguage":"pt-PT"},{"@type":"Organization","@id":"https:\/\/chainsmanufacturer.com\/#organization","name":"fabricante de correntes","url":"https:\/\/chainsmanufacturer.com\/","logo":{"@type":"ImageObject","inLanguage":"pt-PT","@id":"https:\/\/chainsmanufacturer.com\/#\/schema\/logo\/image\/","url":"https:\/\/chainsmanufacturer.com\/wp-content\/uploads\/2023\/11\/logo.png","contentUrl":"https:\/\/chainsmanufacturer.com\/wp-content\/uploads\/2023\/11\/logo.png","width":180,"height":60,"caption":"chains manufacturer"},"image":{"@id":"https:\/\/chainsmanufacturer.com\/#\/schema\/logo\/image\/"}}]}},"_links":{"self":[{"href":"https:\/\/chainsmanufacturer.com\/pt\/wp-json\/wp\/v2\/product\/761","targetHints":{"allow":["GET"]}}],"collection":[{"href":"https:\/\/chainsmanufacturer.com\/pt\/wp-json\/wp\/v2\/product"}],"about":[{"href":"https:\/\/chainsmanufacturer.com\/pt\/wp-json\/wp\/v2\/types\/product"}],"wp:featuredmedia":[{"embeddable":true,"href":"https:\/\/chainsmanufacturer.com\/pt\/wp-json\/wp\/v2\/media\/1814"}],"wp:attachment":[{"href":"https:\/\/chainsmanufacturer.com\/pt\/wp-json\/wp\/v2\/media?parent=761"}],"wp:term":[{"taxonomy":"product_brand","embeddable":true,"href":"https:\/\/chainsmanufacturer.com\/pt\/wp-json\/wp\/v2\/product_brand?post=761"},{"taxonomy":"product_cat","embeddable":true,"href":"https:\/\/chainsmanufacturer.com\/pt\/wp-json\/wp\/v2\/product_cat?post=761"},{"taxonomy":"product_tag","embeddable":true,"href":"https:\/\/chainsmanufacturer.com\/pt\/wp-json\/wp\/v2\/product_tag?post=761"}],"curies":[{"name":"wp","href":"https:\/\/api.w.org\/{rel}","templated":true}]}}