{"id":748,"date":"2023-11-24T06:50:19","date_gmt":"2023-11-24T06:50:19","guid":{"rendered":"https:\/\/chainsmanufacturer.com\/?post_type=product&#038;p=748"},"modified":"2025-01-07T07:16:22","modified_gmt":"2025-01-07T07:16:22","slug":"flat-twist-link","status":"publish","type":"product","link":"https:\/\/chainsmanufacturer.com\/pt\/produto\/flat-twist-link\/","title":{"rendered":"Liga\u00e7\u00e3o de tor\u00e7\u00e3o plana"},"content":{"rendered":"<h3 class=\"wpdt-c\"\n        id=\"wdt-table-title-10\">Elo de tor\u00e7\u00e3o plano<\/h3>\n<div class=\"wpdt-c row wpDataTableContainerSimpleTable wpDataTables wpDataTablesWrapper\"\n    >\n        <table id=\"wpdtSimpleTable-10\"\n           style=\"border-collapse:collapse;                   border-spacing:0px;\"\n           class=\"wpdtSimpleTable wpDataTable\"\n           data-column=\"2\"\n           data-rows=\"9\"\n           data-wpid=\"10\"\n           data-responsive=\"0\"\n           data-has-header=\"0\">\n\n                    <tbody>        <tr class=\"wpdt-cell-row\" >\n                                <td class=\"wpdt-cell wpdt-bold wpdt-bc-F44336 wpdt-tc-FFFFFF wpdt-merged-cell\"\n                     colspan=\"2\"  rowspan=\"1\"                     data-cell-id=\"A1\"\n                    data-col-index=\"0\"\n                    data-row-index=\"0\"\n                    style=\" width:100%;                    padding:10px;                    \"\n                    >\n                                        Liga\u00e7\u00e3o de tor\u00e7\u00e3o plana                    <\/td>\n                                                    <\/tr>\n                            <tr class=\"wpdt-cell-row\" >\n                                <td class=\"wpdt-cell  wpdt-merged-cell\"\n                     colspan=\"1\"  rowspan=\"2\"                     data-cell-id=\"A2\"\n                    data-col-index=\"0\"\n                    data-row-index=\"1\"\n                    style=\"                    padding:10px;                    \"\n                    >\n                                        Tamanho                    <\/td>\n                                                <td class=\"wpdt-cell\"\n                                            data-cell-id=\"B2\"\n                    data-col-index=\"1\"\n                    data-row-index=\"1\"\n                    style=\"                    padding:10px;                    \"\n                    >\n                                        Dia.                    <\/td>\n                                        <\/tr>\n                            <tr class=\"wpdt-cell-row\" >\n                                            <td class=\"wpdt-cell\"\n                                            data-cell-id=\"B3\"\n                    data-col-index=\"1\"\n                    data-row-index=\"2\"\n                    style=\"                    padding:10px;                    \"\n                    >\n                                        mm                    <\/td>\n                                        <\/tr>\n                            <tr class=\"wpdt-cell-row\" >\n                                <td class=\"wpdt-cell wpdt-bc-F44336 wpdt-tc-FFFFFF\"\n                                            data-cell-id=\"A4\"\n                    data-col-index=\"0\"\n                    data-row-index=\"3\"\n                    style=\"                    padding:10px;                    \"\n                    >\n                                        #16                    <\/td>\n                                                <td class=\"wpdt-cell wpdt-bc-F44336 wpdt-tc-FFFFFF\"\n                                            data-cell-id=\"B4\"\n                    data-col-index=\"1\"\n                    data-row-index=\"3\"\n                    style=\"                    padding:10px;                    \"\n                    >\n                                        1.6                    <\/td>\n                                        <\/tr>\n                            <tr class=\"wpdt-cell-row\" >\n                                <td class=\"wpdt-cell\"\n                                            data-cell-id=\"A5\"\n                    data-col-index=\"0\"\n                    data-row-index=\"4\"\n                    style=\"                    padding:10px;                    \"\n                    >\n                                        #14                    <\/td>\n                                                <td class=\"wpdt-cell\"\n                                            data-cell-id=\"B5\"\n                    data-col-index=\"1\"\n                    data-row-index=\"4\"\n                    style=\"                    padding:10px;                    \"\n                    >\n                                        2.0                    <\/td>\n                                        <\/tr>\n                            <tr class=\"wpdt-cell-row\" >\n                                <td class=\"wpdt-cell wpdt-bc-F44336 wpdt-tc-FFFFFF\"\n                                            data-cell-id=\"A6\"\n                    data-col-index=\"0\"\n                    data-row-index=\"5\"\n                    style=\"                    padding:10px;                    \"\n                    >\n                                        #12                    <\/td>\n                                                <td class=\"wpdt-cell wpdt-bc-F44336 wpdt-tc-FFFFFF\"\n                                            data-cell-id=\"B6\"\n                    data-col-index=\"1\"\n                    data-row-index=\"5\"\n                    style=\"                    padding:10px;                    \"\n                    >\n                                        2.5                    <\/td>\n                                        <\/tr>\n                            <tr class=\"wpdt-cell-row\" >\n                                <td class=\"wpdt-cell\"\n                                            data-cell-id=\"A7\"\n                    data-col-index=\"0\"\n                    data-row-index=\"6\"\n                    style=\"                    padding:10px;                    \"\n                    >\n                                        #11                    <\/td>\n                                                <td class=\"wpdt-cell\"\n                                            data-cell-id=\"B7\"\n                    data-col-index=\"1\"\n                    data-row-index=\"6\"\n                    style=\"                    padding:10px;                    \"\n                    >\n                                        3.0                    <\/td>\n                                        <\/tr>\n                            <tr class=\"wpdt-cell-row\" >\n                                <td class=\"wpdt-cell wpdt-bc-F44336 wpdt-tc-FFFFFF\"\n                                            data-cell-id=\"A8\"\n                    data-col-index=\"0\"\n                    data-row-index=\"7\"\n                    style=\"                    padding:10px;                    \"\n                    >\n                                        #10                    <\/td>\n                                                <td class=\"wpdt-cell wpdt-bc-F44336 wpdt-tc-FFFFFF\"\n                                            data-cell-id=\"B8\"\n                    data-col-index=\"1\"\n                    data-row-index=\"7\"\n                    style=\"                    padding:10px;                    \"\n                    >\n                                        3.3                    <\/td>\n                                        <\/tr>\n                            <tr class=\"wpdt-cell-row\" >\n                                <td class=\"wpdt-cell\"\n                                            data-cell-id=\"A9\"\n                    data-col-index=\"0\"\n                    data-row-index=\"8\"\n                    style=\"                    padding:10px;                    \"\n                    >\n                                        #QHO                    <\/td>\n                                                <td class=\"wpdt-cell\"\n                                            data-cell-id=\"B9\"\n                    data-col-index=\"1\"\n                    data-row-index=\"8\"\n                    style=\"                    padding:10px;                    \"\n                    >\n                                        3.8                    <\/td>\n                                        <\/tr>\n                    <\/table>\n<\/div><style id='wpdt-custom-style-10'>\n.wpdt-bc-F44336 { background-color: #F44336 !important;}\n.wpdt-tc-FFFFFF { color: #FFFFFF !important;}\n<\/style>\n\n<p data-sourcepos=\"11:1-11:31\"><strong>O que \u00e9 uma corrente de tor\u00e7\u00e3o plana?<\/strong><\/p>\n<p data-sourcepos=\"13:1-13:284\">Uma corrente de tor\u00e7\u00e3o plana \u00e9 um tipo \u00fanico de corrente caracterizado pela sua <strong>plano<\/strong> perfil e car\u00e1cter distintivo <strong>tor\u00e7\u00e3o<\/strong> constru\u00e7\u00e3o. Esta corrente oferece uma combina\u00e7\u00e3o excecional de <strong>flexibilidade<\/strong> e <strong>for\u00e7a<\/strong>tornando-o uma escolha popular tanto para o fabrico de j\u00f3ias como para aplica\u00e7\u00f5es industriais.<\/p>\n<p data-sourcepos=\"15:1-15:33\"><strong>Carater\u00edsticas das correntes de tor\u00e7\u00e3o planas<\/strong><\/p>\n<ul data-sourcepos=\"17:1-20:0\">\n<li data-sourcepos=\"18:1-18:156\"><strong>For\u00e7a:<\/strong> Apesar da sua flexibilidade, as correntes de tor\u00e7\u00e3o plana s\u00e3o extraordinariamente fortes. O processo especial de tor\u00e7\u00e3o confere-lhes uma excelente capacidade de carga.<\/li>\n<li data-sourcepos=\"19:1-20:0\"><strong>Est\u00e9tica:<\/strong> O aspeto distinto das correntes planas torcidas d\u00e1 um toque moderno e elegante \u00e0s j\u00f3ias.<\/li>\n<\/ul>\n<p data-sourcepos=\"26:1-26:36\"><strong>Como escolher uma corrente de tor\u00e7\u00e3o plana<\/strong><\/p>\n<p data-sourcepos=\"28:1-28:65\">Ao escolher uma corrente de tor\u00e7\u00e3o plana, considere os seguintes factores:<\/p>\n<ul data-sourcepos=\"30:1-33:0\">\n<li data-sourcepos=\"30:1-30:194\"><strong>Material:<\/strong> As correntes planas de tor\u00e7\u00e3o est\u00e3o dispon\u00edveis numa variedade de materiais, incluindo a\u00e7o inoxid\u00e1vel, cobre e tit\u00e2nio. Os diferentes materiais variam em termos de dureza, cor e resist\u00eancia \u00e0 corros\u00e3o.<\/li>\n<li data-sourcepos=\"31:1-31:178\"><strong>Especifica\u00e7\u00f5es:<\/strong> As especifica\u00e7\u00f5es de uma corrente plana de tor\u00e7\u00e3o incluem principalmente a largura, a espessura e o comprimento. Escolha as especifica\u00e7\u00f5es adequadas com base nas diferentes aplica\u00e7\u00f5es.<\/li>\n<li data-sourcepos=\"32:1-33:0\"><strong>Tratamento de superf\u00edcie:<\/strong> O tratamento da superf\u00edcie de uma corrente plana de tor\u00e7\u00e3o tamb\u00e9m pode afetar o seu aspeto e desempenho. Os tratamentos de superf\u00edcie comuns incluem o polimento, a escovagem e a galvanoplastia.<\/li>\n<\/ul>\n<p data-sourcepos=\"34:1-34:36\"><strong>Cuidados a ter com a corrente Flat Twist<\/strong><\/p>\n<ul data-sourcepos=\"36:1-39:0\">\n<li data-sourcepos=\"36:1-36:120\"><strong>Evitar produtos qu\u00edmicos:<\/strong> Evite expor a sua corrente de tor\u00e7\u00e3o plana a \u00e1cidos, \u00e1lcalis e outros produtos qu\u00edmicos para evitar a corros\u00e3o.<\/li>\n<li data-sourcepos=\"37:1-37:91\"><strong>Limpeza regular:<\/strong> Limpe regularmente a sua corrente com um pano macio e um detergente neutro.<\/li>\n<li data-sourcepos=\"38:1-39:0\"><strong>Evitar colis\u00f5es:<\/strong> Evite submeter a sua corrente de tor\u00e7\u00e3o plana a colis\u00f5es violentas para evitar deforma\u00e7\u00f5es.<\/li>\n<\/ul>","protected":false},"excerpt":{"rendered":"<p>What is a Flat Twist Chain? A flat twist chain is a unique type of chain characterized by its flat profile and distinctive twist construction. This chain offers an exceptional combination of flexibility and strength, making it a popular choice for both jewelry making and industrial applications. Features of Flat Twist Chains Strength: Despite their [&hellip;]<\/p>","protected":false},"featured_media":1802,"template":"","meta":{"site-sidebar-layout":"default","site-content-layout":"","ast-site-content-layout":"default","site-content-style":"default","site-sidebar-style":"default","ast-global-header-display":"","ast-banner-title-visibility":"","ast-main-header-display":"","ast-hfb-above-header-display":"","ast-hfb-below-header-display":"","ast-hfb-mobile-header-display":"","site-post-title":"","ast-breadcrumbs-content":"","ast-featured-img":"","footer-sml-layout":"","theme-transparent-header-meta":"default","adv-header-id-meta":"","stick-header-meta":"","header-above-stick-meta":"","header-main-stick-meta":"","header-below-stick-meta":"","astra-migrate-meta-layouts":"set","ast-page-background-enabled":"default","ast-page-background-meta":{"desktop":{"background-color":"","background-image":"","background-repeat":"repeat","background-position":"center center","background-size":"auto","background-attachment":"scroll","background-type":"","background-media":"","overlay-type":"","overlay-color":"","overlay-opacity":"","overlay-gradient":""},"tablet":{"background-color":"","background-image":"","background-repeat":"repeat","background-position":"center center","background-size":"auto","background-attachment":"scroll","background-type":"","background-media":"","overlay-type":"","overlay-color":"","overlay-opacity":"","overlay-gradient":""},"mobile":{"background-color":"","background-image":"","background-repeat":"repeat","background-position":"center center","background-size":"auto","background-attachment":"scroll","background-type":"","background-media":"","overlay-type":"","overlay-color":"","overlay-opacity":"","overlay-gradient":""}},"ast-content-background-meta":{"desktop":{"background-color":"var(--ast-global-color-5)","background-image":"","background-repeat":"repeat","background-position":"center center","background-size":"auto","background-attachment":"scroll","background-type":"","background-media":"","overlay-type":"","overlay-color":"","overlay-opacity":"","overlay-gradient":""},"tablet":{"background-color":"var(--ast-global-color-5)","background-image":"","background-repeat":"repeat","background-position":"center center","background-size":"auto","background-attachment":"scroll","background-type":"","background-media":"","overlay-type":"","overlay-color":"","overlay-opacity":"","overlay-gradient":""},"mobile":{"background-color":"var(--ast-global-color-5)","background-image":"","background-repeat":"repeat","background-position":"center center","background-size":"auto","background-attachment":"scroll","background-type":"","background-media":"","overlay-type":"","overlay-color":"","overlay-opacity":"","overlay-gradient":""}}},"product_brand":[],"product_cat":[24],"product_tag":[],"class_list":{"0":"post-748","1":"product","2":"type-product","3":"status-publish","4":"has-post-thumbnail","6":"product_cat-weldless-chain","7":"desktop-align-center","8":"tablet-align-left","9":"mobile-align-left","11":"first","12":"instock","13":"shipping-taxable","14":"product-type-simple"},"yoast_head":"<!-- This site is optimized with the Yoast SEO plugin v25.9 - https:\/\/yoast.com\/wordpress\/plugins\/seo\/ -->\n<title>Flat Twist Link - chains manufacturer<\/title>\n<meta name=\"description\" content=\"Flat twist chain is a unique chain type, renowned for its flexibility, strength, and aesthetic appeal, widely used in jewelry making and industrial applications.\" \/>\n<meta name=\"robots\" content=\"index, follow, max-snippet:-1, max-image-preview:large, max-video-preview:-1\" \/>\n<link rel=\"canonical\" href=\"https:\/\/chainsmanufacturer.com\/pt\/produto\/flat-twist-link\/\" \/>\n<meta property=\"og:locale\" content=\"pt_PT\" \/>\n<meta property=\"og:type\" content=\"article\" \/>\n<meta property=\"og:title\" content=\"Flat Twist Link - chains manufacturer\" \/>\n<meta property=\"og:description\" content=\"Flat twist chain is a unique chain type, renowned for its flexibility, strength, and aesthetic appeal, widely used in jewelry making and industrial applications.\" \/>\n<meta property=\"og:url\" content=\"https:\/\/chainsmanufacturer.com\/pt\/produto\/flat-twist-link\/\" \/>\n<meta property=\"og:site_name\" content=\"chains manufacturer\" \/>\n<meta property=\"article:modified_time\" content=\"2025-01-07T07:16:22+00:00\" \/>\n<meta property=\"og:image\" content=\"https:\/\/chainsmanufacturer.com\/wp-content\/uploads\/2023\/11\/Flat-Twist-Link-1-1.jpg\" \/>\n\t<meta property=\"og:image:width\" content=\"800\" \/>\n\t<meta property=\"og:image:height\" content=\"600\" \/>\n\t<meta property=\"og:image:type\" content=\"image\/jpeg\" \/>\n<meta name=\"twitter:card\" content=\"summary_large_image\" \/>\n<meta name=\"twitter:label1\" content=\"Tempo estimado de leitura\" \/>\n\t<meta name=\"twitter:data1\" content=\"2 minutos\" \/>\n<script type=\"application\/ld+json\" class=\"yoast-schema-graph\">{\"@context\":\"https:\/\/schema.org\",\"@graph\":[{\"@type\":\"WebPage\",\"@id\":\"https:\/\/chainsmanufacturer.com\/product\/flat-twist-link\/\",\"url\":\"https:\/\/chainsmanufacturer.com\/product\/flat-twist-link\/\",\"name\":\"Flat Twist Link - chains manufacturer\",\"isPartOf\":{\"@id\":\"https:\/\/chainsmanufacturer.com\/#website\"},\"primaryImageOfPage\":{\"@id\":\"https:\/\/chainsmanufacturer.com\/product\/flat-twist-link\/#primaryimage\"},\"image\":{\"@id\":\"https:\/\/chainsmanufacturer.com\/product\/flat-twist-link\/#primaryimage\"},\"thumbnailUrl\":\"https:\/\/chainsmanufacturer.com\/wp-content\/uploads\/2023\/11\/Flat-Twist-Link-1-1.jpg\",\"datePublished\":\"2023-11-24T06:50:19+00:00\",\"dateModified\":\"2025-01-07T07:16:22+00:00\",\"description\":\"Flat twist chain is a unique chain type, renowned for its flexibility, strength, and aesthetic appeal, widely used in jewelry making and industrial applications.\",\"breadcrumb\":{\"@id\":\"https:\/\/chainsmanufacturer.com\/product\/flat-twist-link\/#breadcrumb\"},\"inLanguage\":\"pt-PT\",\"potentialAction\":[{\"@type\":\"ReadAction\",\"target\":[\"https:\/\/chainsmanufacturer.com\/product\/flat-twist-link\/\"]}]},{\"@type\":\"ImageObject\",\"inLanguage\":\"pt-PT\",\"@id\":\"https:\/\/chainsmanufacturer.com\/product\/flat-twist-link\/#primaryimage\",\"url\":\"https:\/\/chainsmanufacturer.com\/wp-content\/uploads\/2023\/11\/Flat-Twist-Link-1-1.jpg\",\"contentUrl\":\"https:\/\/chainsmanufacturer.com\/wp-content\/uploads\/2023\/11\/Flat-Twist-Link-1-1.jpg\",\"width\":800,\"height\":600,\"caption\":\"Flat Twist Link (1)\"},{\"@type\":\"BreadcrumbList\",\"@id\":\"https:\/\/chainsmanufacturer.com\/product\/flat-twist-link\/#breadcrumb\",\"itemListElement\":[{\"@type\":\"ListItem\",\"position\":1,\"name\":\"\u9996\u9875\",\"item\":\"https:\/\/chainsmanufacturer.com\/\"},{\"@type\":\"ListItem\",\"position\":2,\"name\":\"\u4ea7\u54c1\",\"item\":\"https:\/\/chainsmanufacturer.com\/shop\/\"},{\"@type\":\"ListItem\",\"position\":3,\"name\":\"Flat Twist Link\"}]},{\"@type\":\"WebSite\",\"@id\":\"https:\/\/chainsmanufacturer.com\/#website\",\"url\":\"https:\/\/chainsmanufacturer.com\/\",\"name\":\"chains manufacturer\",\"description\":\"chains manufacturer\",\"publisher\":{\"@id\":\"https:\/\/chainsmanufacturer.com\/#organization\"},\"potentialAction\":[{\"@type\":\"SearchAction\",\"target\":{\"@type\":\"EntryPoint\",\"urlTemplate\":\"https:\/\/chainsmanufacturer.com\/?s={search_term_string}\"},\"query-input\":{\"@type\":\"PropertyValueSpecification\",\"valueRequired\":true,\"valueName\":\"search_term_string\"}}],\"inLanguage\":\"pt-PT\"},{\"@type\":\"Organization\",\"@id\":\"https:\/\/chainsmanufacturer.com\/#organization\",\"name\":\"chains manufacturer\",\"url\":\"https:\/\/chainsmanufacturer.com\/\",\"logo\":{\"@type\":\"ImageObject\",\"inLanguage\":\"pt-PT\",\"@id\":\"https:\/\/chainsmanufacturer.com\/#\/schema\/logo\/image\/\",\"url\":\"https:\/\/chainsmanufacturer.com\/wp-content\/uploads\/2023\/11\/logo.png\",\"contentUrl\":\"https:\/\/chainsmanufacturer.com\/wp-content\/uploads\/2023\/11\/logo.png\",\"width\":180,\"height\":60,\"caption\":\"chains manufacturer\"},\"image\":{\"@id\":\"https:\/\/chainsmanufacturer.com\/#\/schema\/logo\/image\/\"}}]}<\/script>\n<!-- \/ Yoast SEO plugin. -->","yoast_head_json":{"title":"Flat Twist Link - chains manufacturer","description":"Flat twist chain is a unique chain type, renowned for its flexibility, strength, and aesthetic appeal, widely used in jewelry making and industrial applications.","robots":{"index":"index","follow":"follow","max-snippet":"max-snippet:-1","max-image-preview":"max-image-preview:large","max-video-preview":"max-video-preview:-1"},"canonical":"https:\/\/chainsmanufacturer.com\/pt\/produto\/flat-twist-link\/","og_locale":"pt_PT","og_type":"article","og_title":"Flat Twist Link - chains manufacturer","og_description":"Flat twist chain is a unique chain type, renowned for its flexibility, strength, and aesthetic appeal, widely used in jewelry making and industrial applications.","og_url":"https:\/\/chainsmanufacturer.com\/pt\/produto\/flat-twist-link\/","og_site_name":"chains manufacturer","article_modified_time":"2025-01-07T07:16:22+00:00","og_image":[{"width":800,"height":600,"url":"https:\/\/chainsmanufacturer.com\/wp-content\/uploads\/2023\/11\/Flat-Twist-Link-1-1.jpg","type":"image\/jpeg"}],"twitter_card":"summary_large_image","twitter_misc":{"Tempo estimado de leitura":"2 minutos"},"schema":{"@context":"https:\/\/schema.org","@graph":[{"@type":"WebPage","@id":"https:\/\/chainsmanufacturer.com\/product\/flat-twist-link\/","url":"https:\/\/chainsmanufacturer.com\/product\/flat-twist-link\/","name":"Flat Twist Link - chains manufacturer","isPartOf":{"@id":"https:\/\/chainsmanufacturer.com\/#website"},"primaryImageOfPage":{"@id":"https:\/\/chainsmanufacturer.com\/product\/flat-twist-link\/#primaryimage"},"image":{"@id":"https:\/\/chainsmanufacturer.com\/product\/flat-twist-link\/#primaryimage"},"thumbnailUrl":"https:\/\/chainsmanufacturer.com\/wp-content\/uploads\/2023\/11\/Flat-Twist-Link-1-1.jpg","datePublished":"2023-11-24T06:50:19+00:00","dateModified":"2025-01-07T07:16:22+00:00","description":"Flat twist chain is a unique chain type, renowned for its flexibility, strength, and aesthetic appeal, widely used in jewelry making and industrial applications.","breadcrumb":{"@id":"https:\/\/chainsmanufacturer.com\/product\/flat-twist-link\/#breadcrumb"},"inLanguage":"pt-PT","potentialAction":[{"@type":"ReadAction","target":["https:\/\/chainsmanufacturer.com\/product\/flat-twist-link\/"]}]},{"@type":"ImageObject","inLanguage":"pt-PT","@id":"https:\/\/chainsmanufacturer.com\/product\/flat-twist-link\/#primaryimage","url":"https:\/\/chainsmanufacturer.com\/wp-content\/uploads\/2023\/11\/Flat-Twist-Link-1-1.jpg","contentUrl":"https:\/\/chainsmanufacturer.com\/wp-content\/uploads\/2023\/11\/Flat-Twist-Link-1-1.jpg","width":800,"height":600,"caption":"Flat Twist Link (1)"},{"@type":"BreadcrumbList","@id":"https:\/\/chainsmanufacturer.com\/product\/flat-twist-link\/#breadcrumb","itemListElement":[{"@type":"ListItem","position":1,"name":"\u9996\u9875","item":"https:\/\/chainsmanufacturer.com\/"},{"@type":"ListItem","position":2,"name":"\u4ea7\u54c1","item":"https:\/\/chainsmanufacturer.com\/shop\/"},{"@type":"ListItem","position":3,"name":"Flat Twist Link"}]},{"@type":"WebSite","@id":"https:\/\/chainsmanufacturer.com\/#website","url":"https:\/\/chainsmanufacturer.com\/","name":"fabricante de correntes","description":"fabricante de correntes","publisher":{"@id":"https:\/\/chainsmanufacturer.com\/#organization"},"potentialAction":[{"@type":"SearchAction","target":{"@type":"EntryPoint","urlTemplate":"https:\/\/chainsmanufacturer.com\/?s={search_term_string}"},"query-input":{"@type":"PropertyValueSpecification","valueRequired":true,"valueName":"search_term_string"}}],"inLanguage":"pt-PT"},{"@type":"Organization","@id":"https:\/\/chainsmanufacturer.com\/#organization","name":"fabricante de correntes","url":"https:\/\/chainsmanufacturer.com\/","logo":{"@type":"ImageObject","inLanguage":"pt-PT","@id":"https:\/\/chainsmanufacturer.com\/#\/schema\/logo\/image\/","url":"https:\/\/chainsmanufacturer.com\/wp-content\/uploads\/2023\/11\/logo.png","contentUrl":"https:\/\/chainsmanufacturer.com\/wp-content\/uploads\/2023\/11\/logo.png","width":180,"height":60,"caption":"chains manufacturer"},"image":{"@id":"https:\/\/chainsmanufacturer.com\/#\/schema\/logo\/image\/"}}]}},"_links":{"self":[{"href":"https:\/\/chainsmanufacturer.com\/pt\/wp-json\/wp\/v2\/product\/748","targetHints":{"allow":["GET"]}}],"collection":[{"href":"https:\/\/chainsmanufacturer.com\/pt\/wp-json\/wp\/v2\/product"}],"about":[{"href":"https:\/\/chainsmanufacturer.com\/pt\/wp-json\/wp\/v2\/types\/product"}],"wp:featuredmedia":[{"embeddable":true,"href":"https:\/\/chainsmanufacturer.com\/pt\/wp-json\/wp\/v2\/media\/1802"}],"wp:attachment":[{"href":"https:\/\/chainsmanufacturer.com\/pt\/wp-json\/wp\/v2\/media?parent=748"}],"wp:term":[{"taxonomy":"product_brand","embeddable":true,"href":"https:\/\/chainsmanufacturer.com\/pt\/wp-json\/wp\/v2\/product_brand?post=748"},{"taxonomy":"product_cat","embeddable":true,"href":"https:\/\/chainsmanufacturer.com\/pt\/wp-json\/wp\/v2\/product_cat?post=748"},{"taxonomy":"product_tag","embeddable":true,"href":"https:\/\/chainsmanufacturer.com\/pt\/wp-json\/wp\/v2\/product_tag?post=748"}],"curies":[{"name":"wp","href":"https:\/\/api.w.org\/{rel}","templated":true}]}}