{"id":738,"date":"2023-11-24T06:30:25","date_gmt":"2023-11-24T06:30:25","guid":{"rendered":"https:\/\/chainsmanufacturer.com\/?post_type=product&#038;p=738"},"modified":"2025-01-07T10:53:06","modified_gmt":"2025-01-07T10:53:06","slug":"square-rolled-chain","status":"publish","type":"product","link":"https:\/\/chainsmanufacturer.com\/pt\/produto\/square-rolled-chain\/","title":{"rendered":"Corrente quadrada laminada"},"content":{"rendered":"<h3 class=\"wpdt-c\"\n        id=\"wdt-table-title-7\">Corrente quadrada laminada<\/h3>\n<div class=\"wpdt-c row wpDataTableContainerSimpleTable wpDataTables wpDataTablesWrapper\"\n    >\n        <table id=\"wpdtSimpleTable-7\"\n           style=\"border-collapse:collapse;                   border-spacing:0px;\"\n           class=\"wpdtSimpleTable wpDataTable\"\n           data-column=\"2\"\n           data-rows=\"8\"\n           data-wpid=\"7\"\n           data-responsive=\"0\"\n           data-has-header=\"0\">\n\n                    <tbody>        <tr class=\"wpdt-cell-row\" >\n                                <td class=\"wpdt-cell wpdt-bold wpdt-bc-F44336 wpdt-tc-FFFFFF wpdt-merged-cell\"\n                     colspan=\"2\"  rowspan=\"1\"                     data-cell-id=\"A1\"\n                    data-col-index=\"0\"\n                    data-row-index=\"0\"\n                    style=\" width:100%;                    padding:10px;                    \"\n                    >\n                                        Corrente quadrada laminada                    <\/td>\n                                                    <\/tr>\n                            <tr class=\"wpdt-cell-row\" >\n                                <td class=\"wpdt-cell  wpdt-merged-cell\"\n                     colspan=\"1\"  rowspan=\"2\"                     data-cell-id=\"A2\"\n                    data-col-index=\"0\"\n                    data-row-index=\"1\"\n                    style=\"                    padding:10px;                    \"\n                    >\n                                        Tamanho                    <\/td>\n                                                <td class=\"wpdt-cell\"\n                                            data-cell-id=\"B2\"\n                    data-col-index=\"1\"\n                    data-row-index=\"1\"\n                    style=\"                    padding:10px;                    \"\n                    >\n                                        DIA                    <\/td>\n                                        <\/tr>\n                            <tr class=\"wpdt-cell-row\" >\n                                            <td class=\"wpdt-cell\"\n                                            data-cell-id=\"B3\"\n                    data-col-index=\"1\"\n                    data-row-index=\"2\"\n                    style=\"                    padding:10px;                    \"\n                    >\n                                        mm                    <\/td>\n                                        <\/tr>\n                            <tr class=\"wpdt-cell-row\" >\n                                <td class=\"wpdt-cell wpdt-bc-F44336 wpdt-tc-FFFFFF\"\n                                            data-cell-id=\"A4\"\n                    data-col-index=\"0\"\n                    data-row-index=\"3\"\n                    style=\"                    padding:10px;                    \"\n                    >\n                                        ST-2.0                    <\/td>\n                                                <td class=\"wpdt-cell wpdt-bc-F44336 wpdt-tc-FFFFFF\"\n                                            data-cell-id=\"B4\"\n                    data-col-index=\"1\"\n                    data-row-index=\"3\"\n                    style=\"                    padding:10px;                    \"\n                    >\n                                        1.6                    <\/td>\n                                        <\/tr>\n                            <tr class=\"wpdt-cell-row\" >\n                                <td class=\"wpdt-cell\"\n                                            data-cell-id=\"A5\"\n                    data-col-index=\"0\"\n                    data-row-index=\"4\"\n                    style=\"                    padding:10px;                    \"\n                    >\n                                        ST-3.0                    <\/td>\n                                                <td class=\"wpdt-cell\"\n                                            data-cell-id=\"B5\"\n                    data-col-index=\"1\"\n                    data-row-index=\"4\"\n                    style=\"                    padding:10px;                    \"\n                    >\n                                        2.5                    <\/td>\n                                        <\/tr>\n                            <tr class=\"wpdt-cell-row\" >\n                                <td class=\"wpdt-cell wpdt-bc-F44336 wpdt-tc-FFFFFF\"\n                                            data-cell-id=\"A6\"\n                    data-col-index=\"0\"\n                    data-row-index=\"5\"\n                    style=\"                    padding:10px;                    \"\n                    >\n                                        ST-3.4                    <\/td>\n                                                <td class=\"wpdt-cell wpdt-bc-F44336 wpdt-tc-FFFFFF\"\n                                            data-cell-id=\"B6\"\n                    data-col-index=\"1\"\n                    data-row-index=\"5\"\n                    style=\"                    padding:10px;                    \"\n                    >\n                                        3.0                    <\/td>\n                                        <\/tr>\n                            <tr class=\"wpdt-cell-row\" >\n                                <td class=\"wpdt-cell\"\n                                            data-cell-id=\"A7\"\n                    data-col-index=\"0\"\n                    data-row-index=\"6\"\n                    style=\"                    padding:10px;                    \"\n                    >\n                                        ST-3.8                    <\/td>\n                                                <td class=\"wpdt-cell\"\n                                            data-cell-id=\"B7\"\n                    data-col-index=\"1\"\n                    data-row-index=\"6\"\n                    style=\"                    padding:10px;                    \"\n                    >\n                                        3.2                    <\/td>\n                                        <\/tr>\n                            <tr class=\"wpdt-cell-row\" >\n                                <td class=\"wpdt-cell wpdt-bc-F44336 wpdt-tc-FFFFFF\"\n                                            data-cell-id=\"A8\"\n                    data-col-index=\"0\"\n                    data-row-index=\"7\"\n                    style=\"                    padding:10px;                    \"\n                    >\n                                        ST-4.5                    <\/td>\n                                                <td class=\"wpdt-cell wpdt-bc-F44336 wpdt-tc-FFFFFF\"\n                                            data-cell-id=\"B8\"\n                    data-col-index=\"1\"\n                    data-row-index=\"7\"\n                    style=\"                    padding:10px;                    \"\n                    >\n                                        4.0                    <\/td>\n                                        <\/tr>\n                    <\/table>\n<\/div><style id='wpdt-custom-style-7'>\n.wpdt-bc-F44336 { background-color: #F44336 !important;}\n.wpdt-tc-FFFFFF { color: #FFFFFF !important;}\n<\/style>\n\n<h2>Eleve o seu estilo com a eleg\u00e2ncia intemporal das correntes quadradas enroladas<\/h2>\n<p data-sourcepos=\"7:1-7:47\"><strong>Descubra o fasc\u00ednio das correntes quadradas enroladas<\/strong><\/p>\n<p data-sourcepos=\"9:1-9:229\">Experimente a mistura perfeita de minimalismo moderno e eleg\u00e2ncia cl\u00e1ssica com as nossas requintadas correntes quadradas enroladas. Fabricadas com precis\u00e3o a partir dos melhores materiais, estas correntes oferecem uma mistura \u00fanica de sofistica\u00e7\u00e3o e durabilidade.<\/p>\n<p data-sourcepos=\"11:1-11:36\"><strong>Porqu\u00ea escolher correntes laminadas quadradas?<\/strong><\/p>\n<ul data-sourcepos=\"13:1-17:0\">\n<li data-sourcepos=\"13:1-13:158\"><strong>Versatilidade sem igual:<\/strong> As nossas correntes quadradas enroladas transitam sem problemas da roupa casual para a formal, tornando-as no acess\u00f3rio perfeito para qualquer ocasi\u00e3o.<\/li>\n<li data-sourcepos=\"14:1-14:126\"><strong>Qualidade superior:<\/strong> Fabricadas com materiais de primeira qualidade, como a\u00e7o inoxid\u00e1vel e prata esterlina, as nossas correntes s\u00e3o feitas para durar.<\/li>\n<li data-sourcepos=\"15:1-15:116\"><strong>Op\u00e7\u00f5es de personaliza\u00e7\u00e3o:<\/strong> Adapte a sua corrente ao seu estilo \u00fanico com uma variedade de comprimentos, acabamentos e fechos.<\/li>\n<li data-sourcepos=\"16:1-17:0\"><strong>Apelo intemporal:<\/strong> As linhas simples e o design geom\u00e9trico das correntes quadradas enroladas garantem que continuam a ser um elemento de moda intemporal.<\/li>\n<\/ul>\n<p data-sourcepos=\"18:1-18:40\"><strong>As vantagens das correntes laminadas quadradas<\/strong><\/p>\n<ul data-sourcepos=\"20:1-23:0\">\n<li data-sourcepos=\"20:1-20:102\"><strong>Conforto melhorado:<\/strong> As extremidades suaves e arredondadas das nossas correntes quadradas enroladas proporcionam conforto durante todo o dia.<\/li>\n<li data-sourcepos=\"21:1-21:123\"><strong>Durabilidade:<\/strong> As nossas correntes s\u00e3o resistentes \u00e0 oxida\u00e7\u00e3o e \u00e0 corros\u00e3o, garantindo que mant\u00eam o seu brilho durante muitos anos.<\/li>\n<li data-sourcepos=\"22:1-23:0\"><strong>Est\u00e9tica \u00fanica:<\/strong> A forma quadrada distinta d\u00e1 um toque de sofistica\u00e7\u00e3o a qualquer roupa.<\/li>\n<\/ul>\n<p data-sourcepos=\"24:1-24:33\"><strong>Infinitas possibilidades de estilo<\/strong><\/p>\n<ul data-sourcepos=\"26:1-29:0\">\n<li data-sourcepos=\"26:1-26:127\"><strong>Colocar camadas com confian\u00e7a:<\/strong> Crie um visual personalizado colocando a sua corrente quadrada enrolada em camadas com outros colares ou pulseiras.<\/li>\n<li data-sourcepos=\"27:1-27:97\"><strong>Adicionar um pendente:<\/strong> Melhore a sua corrente com um pendente com significado para criar uma pe\u00e7a verdadeiramente \u00fanica.<\/li>\n<li data-sourcepos=\"28:1-29:0\"><strong>Usar a solo:<\/strong> Deixe que a simplicidade da corrente fale por si com um conjunto minimalista.<\/li>\n<\/ul>\n<p data-sourcepos=\"30:1-30:29\"><a href=\"https:\/\/chainsmanufacturer.com\/pt\/contact\/\"><strong>Experimente a diferen\u00e7a<\/strong><\/a><\/p>\n<p data-sourcepos=\"32:1-32:196\">As nossas correntes quadradas enroladas s\u00e3o mais do que simples j\u00f3ias; s\u00e3o uma afirma\u00e7\u00e3o de estilo e sofistica\u00e7\u00e3o. Invista numa pe\u00e7a que elevar\u00e1 o seu visual e se tornar\u00e1 uma parte estimada da sua cole\u00e7\u00e3o.<\/p>","protected":false},"excerpt":{"rendered":"<p>Elevate Your Style with the Timeless Elegance of Square Rolled Chains Discover the allure of square rolled chains Experience the perfect blend of modern minimalism and classic elegance with our exquisite square rolled chains. Crafted with precision from the finest materials, these chains offer a unique blend of sophistication and durability. Why Choose Square Rolled [&hellip;]<\/p>","protected":false},"featured_media":1795,"template":"","meta":{"site-sidebar-layout":"default","site-content-layout":"","ast-site-content-layout":"default","site-content-style":"default","site-sidebar-style":"default","ast-global-header-display":"","ast-banner-title-visibility":"","ast-main-header-display":"","ast-hfb-above-header-display":"","ast-hfb-below-header-display":"","ast-hfb-mobile-header-display":"","site-post-title":"","ast-breadcrumbs-content":"","ast-featured-img":"","footer-sml-layout":"","theme-transparent-header-meta":"default","adv-header-id-meta":"","stick-header-meta":"","header-above-stick-meta":"","header-main-stick-meta":"","header-below-stick-meta":"","astra-migrate-meta-layouts":"set","ast-page-background-enabled":"default","ast-page-background-meta":{"desktop":{"background-color":"","background-image":"","background-repeat":"repeat","background-position":"center center","background-size":"auto","background-attachment":"scroll","background-type":"","background-media":"","overlay-type":"","overlay-color":"","overlay-opacity":"","overlay-gradient":""},"tablet":{"background-color":"","background-image":"","background-repeat":"repeat","background-position":"center center","background-size":"auto","background-attachment":"scroll","background-type":"","background-media":"","overlay-type":"","overlay-color":"","overlay-opacity":"","overlay-gradient":""},"mobile":{"background-color":"","background-image":"","background-repeat":"repeat","background-position":"center center","background-size":"auto","background-attachment":"scroll","background-type":"","background-media":"","overlay-type":"","overlay-color":"","overlay-opacity":"","overlay-gradient":""}},"ast-content-background-meta":{"desktop":{"background-color":"var(--ast-global-color-5)","background-image":"","background-repeat":"repeat","background-position":"center center","background-size":"auto","background-attachment":"scroll","background-type":"","background-media":"","overlay-type":"","overlay-color":"","overlay-opacity":"","overlay-gradient":""},"tablet":{"background-color":"var(--ast-global-color-5)","background-image":"","background-repeat":"repeat","background-position":"center center","background-size":"auto","background-attachment":"scroll","background-type":"","background-media":"","overlay-type":"","overlay-color":"","overlay-opacity":"","overlay-gradient":""},"mobile":{"background-color":"var(--ast-global-color-5)","background-image":"","background-repeat":"repeat","background-position":"center center","background-size":"auto","background-attachment":"scroll","background-type":"","background-media":"","overlay-type":"","overlay-color":"","overlay-opacity":"","overlay-gradient":""}}},"product_brand":[],"product_cat":[24],"product_tag":[],"class_list":{"0":"post-738","1":"product","2":"type-product","3":"status-publish","4":"has-post-thumbnail","6":"product_cat-weldless-chain","7":"desktop-align-center","8":"tablet-align-left","9":"mobile-align-left","11":"first","12":"instock","13":"shipping-taxable","14":"product-type-simple"},"yoast_head":"<!-- This site is optimized with the Yoast SEO plugin v25.9 - https:\/\/yoast.com\/wordpress\/plugins\/seo\/ -->\n<title>Square Rolled Chain - chains manufacturer<\/title>\n<meta name=\"description\" content=\"Make a statement with our one-of-a-kind square rolled chain bracelet. The bold, geometric design adds a touch of edge to any look.\" \/>\n<meta name=\"robots\" content=\"index, follow, max-snippet:-1, max-image-preview:large, max-video-preview:-1\" \/>\n<link rel=\"canonical\" href=\"https:\/\/chainsmanufacturer.com\/pt\/produto\/square-rolled-chain\/\" \/>\n<meta property=\"og:locale\" content=\"pt_PT\" \/>\n<meta property=\"og:type\" content=\"article\" \/>\n<meta property=\"og:title\" content=\"Square Rolled Chain - chains manufacturer\" \/>\n<meta property=\"og:description\" content=\"Make a statement with our one-of-a-kind square rolled chain bracelet. The bold, geometric design adds a touch of edge to any look.\" \/>\n<meta property=\"og:url\" content=\"https:\/\/chainsmanufacturer.com\/pt\/produto\/square-rolled-chain\/\" \/>\n<meta property=\"og:site_name\" content=\"chains manufacturer\" \/>\n<meta property=\"article:modified_time\" content=\"2025-01-07T10:53:06+00:00\" \/>\n<meta property=\"og:image\" content=\"https:\/\/chainsmanufacturer.com\/wp-content\/uploads\/2023\/11\/Square-Rolled-Chain-3-1.jpg\" \/>\n\t<meta property=\"og:image:width\" content=\"800\" \/>\n\t<meta property=\"og:image:height\" content=\"599\" \/>\n\t<meta property=\"og:image:type\" content=\"image\/jpeg\" \/>\n<meta name=\"twitter:card\" content=\"summary_large_image\" \/>\n<meta name=\"twitter:label1\" content=\"Tempo estimado de leitura\" \/>\n\t<meta name=\"twitter:data1\" content=\"2 minutos\" \/>\n<script type=\"application\/ld+json\" class=\"yoast-schema-graph\">{\"@context\":\"https:\/\/schema.org\",\"@graph\":[{\"@type\":\"WebPage\",\"@id\":\"https:\/\/chainsmanufacturer.com\/product\/square-rolled-chain\/\",\"url\":\"https:\/\/chainsmanufacturer.com\/product\/square-rolled-chain\/\",\"name\":\"Square Rolled Chain - chains manufacturer\",\"isPartOf\":{\"@id\":\"https:\/\/chainsmanufacturer.com\/#website\"},\"primaryImageOfPage\":{\"@id\":\"https:\/\/chainsmanufacturer.com\/product\/square-rolled-chain\/#primaryimage\"},\"image\":{\"@id\":\"https:\/\/chainsmanufacturer.com\/product\/square-rolled-chain\/#primaryimage\"},\"thumbnailUrl\":\"https:\/\/chainsmanufacturer.com\/wp-content\/uploads\/2023\/11\/Square-Rolled-Chain-3-1.jpg\",\"datePublished\":\"2023-11-24T06:30:25+00:00\",\"dateModified\":\"2025-01-07T10:53:06+00:00\",\"description\":\"Make a statement with our one-of-a-kind square rolled chain bracelet. The bold, geometric design adds a touch of edge to any look.\",\"breadcrumb\":{\"@id\":\"https:\/\/chainsmanufacturer.com\/product\/square-rolled-chain\/#breadcrumb\"},\"inLanguage\":\"pt-PT\",\"potentialAction\":[{\"@type\":\"ReadAction\",\"target\":[\"https:\/\/chainsmanufacturer.com\/product\/square-rolled-chain\/\"]}]},{\"@type\":\"ImageObject\",\"inLanguage\":\"pt-PT\",\"@id\":\"https:\/\/chainsmanufacturer.com\/product\/square-rolled-chain\/#primaryimage\",\"url\":\"https:\/\/chainsmanufacturer.com\/wp-content\/uploads\/2023\/11\/Square-Rolled-Chain-3-1.jpg\",\"contentUrl\":\"https:\/\/chainsmanufacturer.com\/wp-content\/uploads\/2023\/11\/Square-Rolled-Chain-3-1.jpg\",\"width\":800,\"height\":599,\"caption\":\"Square Rolled Chain (3)\"},{\"@type\":\"BreadcrumbList\",\"@id\":\"https:\/\/chainsmanufacturer.com\/product\/square-rolled-chain\/#breadcrumb\",\"itemListElement\":[{\"@type\":\"ListItem\",\"position\":1,\"name\":\"\u9996\u9875\",\"item\":\"https:\/\/chainsmanufacturer.com\/\"},{\"@type\":\"ListItem\",\"position\":2,\"name\":\"\u4ea7\u54c1\",\"item\":\"https:\/\/chainsmanufacturer.com\/shop\/\"},{\"@type\":\"ListItem\",\"position\":3,\"name\":\"Square Rolled Chain\"}]},{\"@type\":\"WebSite\",\"@id\":\"https:\/\/chainsmanufacturer.com\/#website\",\"url\":\"https:\/\/chainsmanufacturer.com\/\",\"name\":\"chains manufacturer\",\"description\":\"chains manufacturer\",\"publisher\":{\"@id\":\"https:\/\/chainsmanufacturer.com\/#organization\"},\"potentialAction\":[{\"@type\":\"SearchAction\",\"target\":{\"@type\":\"EntryPoint\",\"urlTemplate\":\"https:\/\/chainsmanufacturer.com\/?s={search_term_string}\"},\"query-input\":{\"@type\":\"PropertyValueSpecification\",\"valueRequired\":true,\"valueName\":\"search_term_string\"}}],\"inLanguage\":\"pt-PT\"},{\"@type\":\"Organization\",\"@id\":\"https:\/\/chainsmanufacturer.com\/#organization\",\"name\":\"chains manufacturer\",\"url\":\"https:\/\/chainsmanufacturer.com\/\",\"logo\":{\"@type\":\"ImageObject\",\"inLanguage\":\"pt-PT\",\"@id\":\"https:\/\/chainsmanufacturer.com\/#\/schema\/logo\/image\/\",\"url\":\"https:\/\/chainsmanufacturer.com\/wp-content\/uploads\/2023\/11\/logo.png\",\"contentUrl\":\"https:\/\/chainsmanufacturer.com\/wp-content\/uploads\/2023\/11\/logo.png\",\"width\":180,\"height\":60,\"caption\":\"chains manufacturer\"},\"image\":{\"@id\":\"https:\/\/chainsmanufacturer.com\/#\/schema\/logo\/image\/\"}}]}<\/script>\n<!-- \/ Yoast SEO plugin. -->","yoast_head_json":{"title":"Square Rolled Chain - chains manufacturer","description":"Make a statement with our one-of-a-kind square rolled chain bracelet. The bold, geometric design adds a touch of edge to any look.","robots":{"index":"index","follow":"follow","max-snippet":"max-snippet:-1","max-image-preview":"max-image-preview:large","max-video-preview":"max-video-preview:-1"},"canonical":"https:\/\/chainsmanufacturer.com\/pt\/produto\/square-rolled-chain\/","og_locale":"pt_PT","og_type":"article","og_title":"Square Rolled Chain - chains manufacturer","og_description":"Make a statement with our one-of-a-kind square rolled chain bracelet. The bold, geometric design adds a touch of edge to any look.","og_url":"https:\/\/chainsmanufacturer.com\/pt\/produto\/square-rolled-chain\/","og_site_name":"chains manufacturer","article_modified_time":"2025-01-07T10:53:06+00:00","og_image":[{"width":800,"height":599,"url":"https:\/\/chainsmanufacturer.com\/wp-content\/uploads\/2023\/11\/Square-Rolled-Chain-3-1.jpg","type":"image\/jpeg"}],"twitter_card":"summary_large_image","twitter_misc":{"Tempo estimado de leitura":"2 minutos"},"schema":{"@context":"https:\/\/schema.org","@graph":[{"@type":"WebPage","@id":"https:\/\/chainsmanufacturer.com\/product\/square-rolled-chain\/","url":"https:\/\/chainsmanufacturer.com\/product\/square-rolled-chain\/","name":"Square Rolled Chain - chains manufacturer","isPartOf":{"@id":"https:\/\/chainsmanufacturer.com\/#website"},"primaryImageOfPage":{"@id":"https:\/\/chainsmanufacturer.com\/product\/square-rolled-chain\/#primaryimage"},"image":{"@id":"https:\/\/chainsmanufacturer.com\/product\/square-rolled-chain\/#primaryimage"},"thumbnailUrl":"https:\/\/chainsmanufacturer.com\/wp-content\/uploads\/2023\/11\/Square-Rolled-Chain-3-1.jpg","datePublished":"2023-11-24T06:30:25+00:00","dateModified":"2025-01-07T10:53:06+00:00","description":"Make a statement with our one-of-a-kind square rolled chain bracelet. The bold, geometric design adds a touch of edge to any look.","breadcrumb":{"@id":"https:\/\/chainsmanufacturer.com\/product\/square-rolled-chain\/#breadcrumb"},"inLanguage":"pt-PT","potentialAction":[{"@type":"ReadAction","target":["https:\/\/chainsmanufacturer.com\/product\/square-rolled-chain\/"]}]},{"@type":"ImageObject","inLanguage":"pt-PT","@id":"https:\/\/chainsmanufacturer.com\/product\/square-rolled-chain\/#primaryimage","url":"https:\/\/chainsmanufacturer.com\/wp-content\/uploads\/2023\/11\/Square-Rolled-Chain-3-1.jpg","contentUrl":"https:\/\/chainsmanufacturer.com\/wp-content\/uploads\/2023\/11\/Square-Rolled-Chain-3-1.jpg","width":800,"height":599,"caption":"Square Rolled Chain (3)"},{"@type":"BreadcrumbList","@id":"https:\/\/chainsmanufacturer.com\/product\/square-rolled-chain\/#breadcrumb","itemListElement":[{"@type":"ListItem","position":1,"name":"\u9996\u9875","item":"https:\/\/chainsmanufacturer.com\/"},{"@type":"ListItem","position":2,"name":"\u4ea7\u54c1","item":"https:\/\/chainsmanufacturer.com\/shop\/"},{"@type":"ListItem","position":3,"name":"Square Rolled Chain"}]},{"@type":"WebSite","@id":"https:\/\/chainsmanufacturer.com\/#website","url":"https:\/\/chainsmanufacturer.com\/","name":"fabricante de correntes","description":"fabricante de correntes","publisher":{"@id":"https:\/\/chainsmanufacturer.com\/#organization"},"potentialAction":[{"@type":"SearchAction","target":{"@type":"EntryPoint","urlTemplate":"https:\/\/chainsmanufacturer.com\/?s={search_term_string}"},"query-input":{"@type":"PropertyValueSpecification","valueRequired":true,"valueName":"search_term_string"}}],"inLanguage":"pt-PT"},{"@type":"Organization","@id":"https:\/\/chainsmanufacturer.com\/#organization","name":"fabricante de correntes","url":"https:\/\/chainsmanufacturer.com\/","logo":{"@type":"ImageObject","inLanguage":"pt-PT","@id":"https:\/\/chainsmanufacturer.com\/#\/schema\/logo\/image\/","url":"https:\/\/chainsmanufacturer.com\/wp-content\/uploads\/2023\/11\/logo.png","contentUrl":"https:\/\/chainsmanufacturer.com\/wp-content\/uploads\/2023\/11\/logo.png","width":180,"height":60,"caption":"chains manufacturer"},"image":{"@id":"https:\/\/chainsmanufacturer.com\/#\/schema\/logo\/image\/"}}]}},"_links":{"self":[{"href":"https:\/\/chainsmanufacturer.com\/pt\/wp-json\/wp\/v2\/product\/738","targetHints":{"allow":["GET"]}}],"collection":[{"href":"https:\/\/chainsmanufacturer.com\/pt\/wp-json\/wp\/v2\/product"}],"about":[{"href":"https:\/\/chainsmanufacturer.com\/pt\/wp-json\/wp\/v2\/types\/product"}],"wp:featuredmedia":[{"embeddable":true,"href":"https:\/\/chainsmanufacturer.com\/pt\/wp-json\/wp\/v2\/media\/1795"}],"wp:attachment":[{"href":"https:\/\/chainsmanufacturer.com\/pt\/wp-json\/wp\/v2\/media?parent=738"}],"wp:term":[{"taxonomy":"product_brand","embeddable":true,"href":"https:\/\/chainsmanufacturer.com\/pt\/wp-json\/wp\/v2\/product_brand?post=738"},{"taxonomy":"product_cat","embeddable":true,"href":"https:\/\/chainsmanufacturer.com\/pt\/wp-json\/wp\/v2\/product_cat?post=738"},{"taxonomy":"product_tag","embeddable":true,"href":"https:\/\/chainsmanufacturer.com\/pt\/wp-json\/wp\/v2\/product_tag?post=738"}],"curies":[{"name":"wp","href":"https:\/\/api.w.org\/{rel}","templated":true}]}}