{"id":761,"date":"2023-11-24T07:06:10","date_gmt":"2023-11-24T07:06:10","guid":{"rendered":"https:\/\/chainsmanufacturer.com\/?post_type=product&#038;p=761"},"modified":"2025-01-07T08:39:19","modified_gmt":"2025-01-07T08:39:19","slug":"dimpled-chain","status":"publish","type":"product","link":"https:\/\/chainsmanufacturer.com\/it\/prodotto\/dimpled-chain\/","title":{"rendered":"Catena scanalata"},"content":{"rendered":"<h3 class=\"wpdt-c\"\n        id=\"wdt-table-title-13\">Catena scanalata<\/h3>\n<div class=\"wpdt-c row wpDataTableContainerSimpleTable wpDataTables wpDataTablesWrapper\"\n    >\n        <table id=\"wpdtSimpleTable-13\"\n           style=\"border-collapse:collapse;                   border-spacing:0px;\"\n           class=\"wpdtSimpleTable wpDataTable\"\n           data-column=\"2\"\n           data-rows=\"6\"\n           data-wpid=\"13\"\n           data-responsive=\"0\"\n           data-has-header=\"0\">\n\n                    <tbody>        <tr class=\"wpdt-cell-row\" >\n                                <td class=\"wpdt-cell wpdt-bc-F44336 wpdt-tc-FFFFFF wpdt-merged-cell\"\n                     colspan=\"2\"  rowspan=\"1\"                     data-cell-id=\"A1\"\n                    data-col-index=\"0\"\n                    data-row-index=\"0\"\n                    style=\" width:100%;                    padding:10px;                    \"\n                    >\n                                        Catena scanalata                    <\/td>\n                                                    <\/tr>\n                            <tr class=\"wpdt-cell-row\" >\n                                <td class=\"wpdt-cell  wpdt-merged-cell\"\n                     colspan=\"1\"  rowspan=\"2\"                     data-cell-id=\"A2\"\n                    data-col-index=\"0\"\n                    data-row-index=\"1\"\n                    style=\"                    padding:10px;                    \"\n                    >\n                                        Dimensione                    <\/td>\n                                                <td class=\"wpdt-cell\"\n                                            data-cell-id=\"B2\"\n                    data-col-index=\"1\"\n                    data-row-index=\"1\"\n                    style=\"                    padding:10px;                    \"\n                    >\n                                        Dia.                    <\/td>\n                                        <\/tr>\n                            <tr class=\"wpdt-cell-row\" >\n                                            <td class=\"wpdt-cell\"\n                                            data-cell-id=\"B3\"\n                    data-col-index=\"1\"\n                    data-row-index=\"2\"\n                    style=\"                    padding:10px;                    \"\n                    >\n                                        mm                    <\/td>\n                                        <\/tr>\n                            <tr class=\"wpdt-cell-row\" >\n                                <td class=\"wpdt-cell wpdt-bc-F44336 wpdt-tc-EEEDED\"\n                                            data-cell-id=\"A4\"\n                    data-col-index=\"0\"\n                    data-row-index=\"3\"\n                    style=\"                    padding:10px;                    \"\n                    >\n                                        #40                    <\/td>\n                                                <td class=\"wpdt-cell wpdt-bc-F44336 wpdt-tc-EEEDED\"\n                                            data-cell-id=\"B4\"\n                    data-col-index=\"1\"\n                    data-row-index=\"3\"\n                    style=\"                    padding:10px;                    \"\n                    >\n                                        2.0*2.0                    <\/td>\n                                        <\/tr>\n                            <tr class=\"wpdt-cell-row\" >\n                                <td class=\"wpdt-cell\"\n                                            data-cell-id=\"A5\"\n                    data-col-index=\"0\"\n                    data-row-index=\"4\"\n                    style=\"                    padding:10px;                    \"\n                    >\n                                        #50                    <\/td>\n                                                <td class=\"wpdt-cell\"\n                                            data-cell-id=\"B5\"\n                    data-col-index=\"1\"\n                    data-row-index=\"4\"\n                    style=\"                    padding:10px;                    \"\n                    >\n                                        3.0*3.0                    <\/td>\n                                        <\/tr>\n                            <tr class=\"wpdt-cell-row\" >\n                                <td class=\"wpdt-cell wpdt-bc-F44336 wpdt-tc-FCFCFC\"\n                                            data-cell-id=\"A6\"\n                    data-col-index=\"0\"\n                    data-row-index=\"5\"\n                    style=\"                    padding:10px;                    \"\n                    >\n                                        #60                    <\/td>\n                                                <td class=\"wpdt-cell wpdt-bc-F44336 wpdt-tc-FCFCFC\"\n                                            data-cell-id=\"B6\"\n                    data-col-index=\"1\"\n                    data-row-index=\"5\"\n                    style=\"                    padding:10px;                    \"\n                    >\n                                        4.0*4.0                    <\/td>\n                                        <\/tr>\n                    <\/table>\n<\/div><style id='wpdt-custom-style-13'>\n.wpdt-bc-F44336 { background-color: #F44336 !important;}\n.wpdt-tc-FFFFFF { color: #FFFFFF !important;}\n.wpdt-tc-EEEDED { color: #EEEDED !important;}\n.wpdt-tc-FCFCFC { color: #FCFCFC !important;}\n<\/style>\n\n<p data-sourcepos=\"3:1-3:35\"><strong>Catena con scanalature: Una tendenza senza tempo<\/strong><\/p>\n<p data-sourcepos=\"7:1-7:242\">La catena a fossette \u00e8 un tipo di catena che presenta piccole rientranze o fossette lungo la sua lunghezza. Questo design unico crea un aspetto strutturato e visivamente attraente che l'ha resa una scelta popolare per i designer di gioielli e gli appassionati di moda. Le catene dentellate sono disponibili in diversi materiali, tra cui oro, argento e acciaio inossidabile. Possono essere utilizzate per creare collane, bracciali, orecchini e altri accessori. Sono spesso abbinate ad altri elementi, come perline, ciondoli e pendenti, per creare un look pi\u00f9 personalizzato.<\/p>\n<p data-sourcepos=\"11:1-11:28\"><strong>Storia della catena alveolare<\/strong><\/p>\n<p data-sourcepos=\"13:1-13:280\">La catena ha una lunga storia, che risale all'antico Egitto. Negli ultimi anni ha conosciuto una nuova popolarit\u00e0. Ci\u00f2 \u00e8 dovuto in parte alla crescente tendenza della moda vintage. La catena \u00e8 anche una scelta popolare per chi \u00e8 alla ricerca di un modo unico ed elegante per accessoriare i propri abiti.<\/p>\n<p data-sourcepos=\"17:1-17:29\"><strong>Vantaggi della catena<\/strong><\/p>\n<p data-sourcepos=\"19:1-19:162\">La catena a pieghe presenta una serie di vantaggi che la rendono una scelta popolare per i designer di gioielli e gli appassionati di moda. Alcuni dei vantaggi della catena sono:<\/p>\n<ul data-sourcepos=\"21:1-25:0\">\n<li data-sourcepos=\"21:1-21:94\"><strong>Unico ed elegante:<\/strong> La catena a scaglie \u00e8 un modo unico ed elegante di accessoriare qualsiasi abito.<\/li>\n<li data-sourcepos=\"21:1-21:94\"><strong>Comodo da indossare:<\/strong> La catena \u00e8 comoda da indossare, anche per chi ha la pelle sensibile.<\/li>\n<\/ul>\n<p data-sourcepos=\"35:1-35:30\"><strong>Dove acquistare la catena a maglia scanalata<\/strong><\/p>\n<p data-sourcepos=\"37:1-37:169\">La catena \u00e8 disponibile presso diversi rivenditori, sia online che di persona. \u00c8 possibile trovare la catena con fossette in gioielleria, nei grandi magazzini e presso i rivenditori online.<\/p>\n<p data-sourcepos=\"39:1-39:14\"><a href=\"https:\/\/chainsmanufacturer.com\/it\/contact\/\"><strong>Conclusione<\/strong><\/a><\/p>\n<p data-sourcepos=\"39:1-39:14\">La catena \u00e8 una tendenza senza tempo che continuer\u00e0 ad essere popolare negli anni a venire. Il suo design unico e la sua versatilit\u00e0 la rendono un'ottima scelta per chiunque voglia aggiungere un tocco di stile al proprio guardaroba.<\/p>","protected":false},"excerpt":{"rendered":"<p>Dimpled Chain: A Timeless Trend Dimpled chain is a type of chain that has small indentations or dimples along its length. This unique design creates a textured and visually appealing look that has made it a popular choice for jewelry designers and fashion enthusiasts alike.\u00a0Indented chains are available in a variety of materials, including gold, [&hellip;]<\/p>","protected":false},"featured_media":1814,"template":"","meta":{"site-sidebar-layout":"default","site-content-layout":"","ast-site-content-layout":"default","site-content-style":"default","site-sidebar-style":"default","ast-global-header-display":"","ast-banner-title-visibility":"","ast-main-header-display":"","ast-hfb-above-header-display":"","ast-hfb-below-header-display":"","ast-hfb-mobile-header-display":"","site-post-title":"","ast-breadcrumbs-content":"","ast-featured-img":"","footer-sml-layout":"","theme-transparent-header-meta":"default","adv-header-id-meta":"","stick-header-meta":"","header-above-stick-meta":"","header-main-stick-meta":"","header-below-stick-meta":"","astra-migrate-meta-layouts":"set","ast-page-background-enabled":"default","ast-page-background-meta":{"desktop":{"background-color":"","background-image":"","background-repeat":"repeat","background-position":"center center","background-size":"auto","background-attachment":"scroll","background-type":"","background-media":"","overlay-type":"","overlay-color":"","overlay-opacity":"","overlay-gradient":""},"tablet":{"background-color":"","background-image":"","background-repeat":"repeat","background-position":"center center","background-size":"auto","background-attachment":"scroll","background-type":"","background-media":"","overlay-type":"","overlay-color":"","overlay-opacity":"","overlay-gradient":""},"mobile":{"background-color":"","background-image":"","background-repeat":"repeat","background-position":"center center","background-size":"auto","background-attachment":"scroll","background-type":"","background-media":"","overlay-type":"","overlay-color":"","overlay-opacity":"","overlay-gradient":""}},"ast-content-background-meta":{"desktop":{"background-color":"var(--ast-global-color-5)","background-image":"","background-repeat":"repeat","background-position":"center center","background-size":"auto","background-attachment":"scroll","background-type":"","background-media":"","overlay-type":"","overlay-color":"","overlay-opacity":"","overlay-gradient":""},"tablet":{"background-color":"var(--ast-global-color-5)","background-image":"","background-repeat":"repeat","background-position":"center center","background-size":"auto","background-attachment":"scroll","background-type":"","background-media":"","overlay-type":"","overlay-color":"","overlay-opacity":"","overlay-gradient":""},"mobile":{"background-color":"var(--ast-global-color-5)","background-image":"","background-repeat":"repeat","background-position":"center center","background-size":"auto","background-attachment":"scroll","background-type":"","background-media":"","overlay-type":"","overlay-color":"","overlay-opacity":"","overlay-gradient":""}}},"product_brand":[],"product_cat":[24],"product_tag":[],"class_list":{"0":"post-761","1":"product","2":"type-product","3":"status-publish","4":"has-post-thumbnail","6":"product_cat-weldless-chain","7":"desktop-align-center","8":"tablet-align-left","9":"mobile-align-left","11":"first","12":"instock","13":"shipping-taxable","14":"product-type-simple"},"yoast_head":"<!-- This site is optimized with the Yoast SEO plugin v25.9 - https:\/\/yoast.com\/wordpress\/plugins\/seo\/ -->\n<title>Dimpled Chain - chains manufacturer<\/title>\n<meta name=\"description\" content=\"Heavy-duty dimpled chain designed for maximum strength and durability. Ideal for construction, lifting, and towing applications.\" \/>\n<meta name=\"robots\" content=\"index, follow, max-snippet:-1, max-image-preview:large, max-video-preview:-1\" \/>\n<link rel=\"canonical\" href=\"https:\/\/chainsmanufacturer.com\/it\/prodotto\/dimpled-chain\/\" \/>\n<meta property=\"og:locale\" content=\"it_IT\" \/>\n<meta property=\"og:type\" content=\"article\" \/>\n<meta property=\"og:title\" content=\"Dimpled Chain - chains manufacturer\" \/>\n<meta property=\"og:description\" content=\"Heavy-duty dimpled chain designed for maximum strength and durability. Ideal for construction, lifting, and towing applications.\" \/>\n<meta property=\"og:url\" content=\"https:\/\/chainsmanufacturer.com\/it\/prodotto\/dimpled-chain\/\" \/>\n<meta property=\"og:site_name\" content=\"chains manufacturer\" \/>\n<meta property=\"article:modified_time\" content=\"2025-01-07T08:39:19+00:00\" \/>\n<meta property=\"og:image\" content=\"https:\/\/chainsmanufacturer.com\/wp-content\/uploads\/2023\/11\/Dimpled-Chain-1-1.jpg\" \/>\n\t<meta property=\"og:image:width\" content=\"800\" \/>\n\t<meta property=\"og:image:height\" content=\"600\" \/>\n\t<meta property=\"og:image:type\" content=\"image\/jpeg\" \/>\n<meta name=\"twitter:card\" content=\"summary_large_image\" \/>\n<meta name=\"twitter:label1\" content=\"Tempo di lettura stimato\" \/>\n\t<meta name=\"twitter:data1\" content=\"2 minuti\" \/>\n<script type=\"application\/ld+json\" class=\"yoast-schema-graph\">{\"@context\":\"https:\/\/schema.org\",\"@graph\":[{\"@type\":\"WebPage\",\"@id\":\"https:\/\/chainsmanufacturer.com\/product\/dimpled-chain\/\",\"url\":\"https:\/\/chainsmanufacturer.com\/product\/dimpled-chain\/\",\"name\":\"Dimpled Chain - chains manufacturer\",\"isPartOf\":{\"@id\":\"https:\/\/chainsmanufacturer.com\/#website\"},\"primaryImageOfPage\":{\"@id\":\"https:\/\/chainsmanufacturer.com\/product\/dimpled-chain\/#primaryimage\"},\"image\":{\"@id\":\"https:\/\/chainsmanufacturer.com\/product\/dimpled-chain\/#primaryimage\"},\"thumbnailUrl\":\"https:\/\/chainsmanufacturer.com\/wp-content\/uploads\/2023\/11\/Dimpled-Chain-1-1.jpg\",\"datePublished\":\"2023-11-24T07:06:10+00:00\",\"dateModified\":\"2025-01-07T08:39:19+00:00\",\"description\":\"Heavy-duty dimpled chain designed for maximum strength and durability. Ideal for construction, lifting, and towing applications.\",\"breadcrumb\":{\"@id\":\"https:\/\/chainsmanufacturer.com\/product\/dimpled-chain\/#breadcrumb\"},\"inLanguage\":\"it-IT\",\"potentialAction\":[{\"@type\":\"ReadAction\",\"target\":[\"https:\/\/chainsmanufacturer.com\/product\/dimpled-chain\/\"]}]},{\"@type\":\"ImageObject\",\"inLanguage\":\"it-IT\",\"@id\":\"https:\/\/chainsmanufacturer.com\/product\/dimpled-chain\/#primaryimage\",\"url\":\"https:\/\/chainsmanufacturer.com\/wp-content\/uploads\/2023\/11\/Dimpled-Chain-1-1.jpg\",\"contentUrl\":\"https:\/\/chainsmanufacturer.com\/wp-content\/uploads\/2023\/11\/Dimpled-Chain-1-1.jpg\",\"width\":800,\"height\":600,\"caption\":\"Dimpled Chain (1)\"},{\"@type\":\"BreadcrumbList\",\"@id\":\"https:\/\/chainsmanufacturer.com\/product\/dimpled-chain\/#breadcrumb\",\"itemListElement\":[{\"@type\":\"ListItem\",\"position\":1,\"name\":\"\u9996\u9875\",\"item\":\"https:\/\/chainsmanufacturer.com\/\"},{\"@type\":\"ListItem\",\"position\":2,\"name\":\"\u4ea7\u54c1\",\"item\":\"https:\/\/chainsmanufacturer.com\/shop\/\"},{\"@type\":\"ListItem\",\"position\":3,\"name\":\"Dimpled Chain\"}]},{\"@type\":\"WebSite\",\"@id\":\"https:\/\/chainsmanufacturer.com\/#website\",\"url\":\"https:\/\/chainsmanufacturer.com\/\",\"name\":\"chains manufacturer\",\"description\":\"chains manufacturer\",\"publisher\":{\"@id\":\"https:\/\/chainsmanufacturer.com\/#organization\"},\"potentialAction\":[{\"@type\":\"SearchAction\",\"target\":{\"@type\":\"EntryPoint\",\"urlTemplate\":\"https:\/\/chainsmanufacturer.com\/?s={search_term_string}\"},\"query-input\":{\"@type\":\"PropertyValueSpecification\",\"valueRequired\":true,\"valueName\":\"search_term_string\"}}],\"inLanguage\":\"it-IT\"},{\"@type\":\"Organization\",\"@id\":\"https:\/\/chainsmanufacturer.com\/#organization\",\"name\":\"chains manufacturer\",\"url\":\"https:\/\/chainsmanufacturer.com\/\",\"logo\":{\"@type\":\"ImageObject\",\"inLanguage\":\"it-IT\",\"@id\":\"https:\/\/chainsmanufacturer.com\/#\/schema\/logo\/image\/\",\"url\":\"https:\/\/chainsmanufacturer.com\/wp-content\/uploads\/2023\/11\/logo.png\",\"contentUrl\":\"https:\/\/chainsmanufacturer.com\/wp-content\/uploads\/2023\/11\/logo.png\",\"width\":180,\"height\":60,\"caption\":\"chains manufacturer\"},\"image\":{\"@id\":\"https:\/\/chainsmanufacturer.com\/#\/schema\/logo\/image\/\"}}]}<\/script>\n<!-- \/ Yoast SEO plugin. -->","yoast_head_json":{"title":"Dimpled Chain - chains manufacturer","description":"Heavy-duty dimpled chain designed for maximum strength and durability. Ideal for construction, lifting, and towing applications.","robots":{"index":"index","follow":"follow","max-snippet":"max-snippet:-1","max-image-preview":"max-image-preview:large","max-video-preview":"max-video-preview:-1"},"canonical":"https:\/\/chainsmanufacturer.com\/it\/prodotto\/dimpled-chain\/","og_locale":"it_IT","og_type":"article","og_title":"Dimpled Chain - chains manufacturer","og_description":"Heavy-duty dimpled chain designed for maximum strength and durability. Ideal for construction, lifting, and towing applications.","og_url":"https:\/\/chainsmanufacturer.com\/it\/prodotto\/dimpled-chain\/","og_site_name":"chains manufacturer","article_modified_time":"2025-01-07T08:39:19+00:00","og_image":[{"width":800,"height":600,"url":"https:\/\/chainsmanufacturer.com\/wp-content\/uploads\/2023\/11\/Dimpled-Chain-1-1.jpg","type":"image\/jpeg"}],"twitter_card":"summary_large_image","twitter_misc":{"Tempo di lettura stimato":"2 minuti"},"schema":{"@context":"https:\/\/schema.org","@graph":[{"@type":"WebPage","@id":"https:\/\/chainsmanufacturer.com\/product\/dimpled-chain\/","url":"https:\/\/chainsmanufacturer.com\/product\/dimpled-chain\/","name":"Dimpled Chain - chains manufacturer","isPartOf":{"@id":"https:\/\/chainsmanufacturer.com\/#website"},"primaryImageOfPage":{"@id":"https:\/\/chainsmanufacturer.com\/product\/dimpled-chain\/#primaryimage"},"image":{"@id":"https:\/\/chainsmanufacturer.com\/product\/dimpled-chain\/#primaryimage"},"thumbnailUrl":"https:\/\/chainsmanufacturer.com\/wp-content\/uploads\/2023\/11\/Dimpled-Chain-1-1.jpg","datePublished":"2023-11-24T07:06:10+00:00","dateModified":"2025-01-07T08:39:19+00:00","description":"Heavy-duty dimpled chain designed for maximum strength and durability. Ideal for construction, lifting, and towing applications.","breadcrumb":{"@id":"https:\/\/chainsmanufacturer.com\/product\/dimpled-chain\/#breadcrumb"},"inLanguage":"it-IT","potentialAction":[{"@type":"ReadAction","target":["https:\/\/chainsmanufacturer.com\/product\/dimpled-chain\/"]}]},{"@type":"ImageObject","inLanguage":"it-IT","@id":"https:\/\/chainsmanufacturer.com\/product\/dimpled-chain\/#primaryimage","url":"https:\/\/chainsmanufacturer.com\/wp-content\/uploads\/2023\/11\/Dimpled-Chain-1-1.jpg","contentUrl":"https:\/\/chainsmanufacturer.com\/wp-content\/uploads\/2023\/11\/Dimpled-Chain-1-1.jpg","width":800,"height":600,"caption":"Dimpled Chain (1)"},{"@type":"BreadcrumbList","@id":"https:\/\/chainsmanufacturer.com\/product\/dimpled-chain\/#breadcrumb","itemListElement":[{"@type":"ListItem","position":1,"name":"\u9996\u9875","item":"https:\/\/chainsmanufacturer.com\/"},{"@type":"ListItem","position":2,"name":"\u4ea7\u54c1","item":"https:\/\/chainsmanufacturer.com\/shop\/"},{"@type":"ListItem","position":3,"name":"Dimpled Chain"}]},{"@type":"WebSite","@id":"https:\/\/chainsmanufacturer.com\/#website","url":"https:\/\/chainsmanufacturer.com\/","name":"chains manufacturer","description":"chains manufacturer","publisher":{"@id":"https:\/\/chainsmanufacturer.com\/#organization"},"potentialAction":[{"@type":"SearchAction","target":{"@type":"EntryPoint","urlTemplate":"https:\/\/chainsmanufacturer.com\/?s={search_term_string}"},"query-input":{"@type":"PropertyValueSpecification","valueRequired":true,"valueName":"search_term_string"}}],"inLanguage":"it-IT"},{"@type":"Organization","@id":"https:\/\/chainsmanufacturer.com\/#organization","name":"chains manufacturer","url":"https:\/\/chainsmanufacturer.com\/","logo":{"@type":"ImageObject","inLanguage":"it-IT","@id":"https:\/\/chainsmanufacturer.com\/#\/schema\/logo\/image\/","url":"https:\/\/chainsmanufacturer.com\/wp-content\/uploads\/2023\/11\/logo.png","contentUrl":"https:\/\/chainsmanufacturer.com\/wp-content\/uploads\/2023\/11\/logo.png","width":180,"height":60,"caption":"chains manufacturer"},"image":{"@id":"https:\/\/chainsmanufacturer.com\/#\/schema\/logo\/image\/"}}]}},"_links":{"self":[{"href":"https:\/\/chainsmanufacturer.com\/it\/wp-json\/wp\/v2\/product\/761","targetHints":{"allow":["GET"]}}],"collection":[{"href":"https:\/\/chainsmanufacturer.com\/it\/wp-json\/wp\/v2\/product"}],"about":[{"href":"https:\/\/chainsmanufacturer.com\/it\/wp-json\/wp\/v2\/types\/product"}],"wp:featuredmedia":[{"embeddable":true,"href":"https:\/\/chainsmanufacturer.com\/it\/wp-json\/wp\/v2\/media\/1814"}],"wp:attachment":[{"href":"https:\/\/chainsmanufacturer.com\/it\/wp-json\/wp\/v2\/media?parent=761"}],"wp:term":[{"taxonomy":"product_brand","embeddable":true,"href":"https:\/\/chainsmanufacturer.com\/it\/wp-json\/wp\/v2\/product_brand?post=761"},{"taxonomy":"product_cat","embeddable":true,"href":"https:\/\/chainsmanufacturer.com\/it\/wp-json\/wp\/v2\/product_cat?post=761"},{"taxonomy":"product_tag","embeddable":true,"href":"https:\/\/chainsmanufacturer.com\/it\/wp-json\/wp\/v2\/product_tag?post=761"}],"curies":[{"name":"wp","href":"https:\/\/api.w.org\/{rel}","templated":true}]}}