{"id":800,"date":"2023-11-24T08:13:14","date_gmt":"2023-11-24T08:13:14","guid":{"rendered":"https:\/\/chainsmanufacturer.com\/?post_type=product&#038;p=800"},"modified":"2025-01-07T07:30:05","modified_gmt":"2025-01-07T07:30:05","slug":"spanish-chain","status":"publish","type":"product","link":"https:\/\/chainsmanufacturer.com\/fr\/produit\/spanish-chain\/","title":{"rendered":"Cha\u00eene espagnole"},"content":{"rendered":"<h3 class=\"wpdt-c\"\n        id=\"wdt-table-title-22\">Lien espagnol<\/h3>\n<div class=\"wpdt-c row wpDataTableContainerSimpleTable wpDataTables wpDataTablesWrapper\"\n    >\n        <table id=\"wpdtSimpleTable-22\"\n           style=\"border-collapse:collapse;                   border-spacing:0px;\"\n           class=\"wpdtSimpleTable wpDataTable\"\n           data-column=\"2\"\n           data-rows=\"5\"\n           data-wpid=\"22\"\n           data-responsive=\"0\"\n           data-has-header=\"0\">\n\n                    <tbody>        <tr class=\"wpdt-cell-row\" >\n                                <td class=\"wpdt-cell wpdt-bold wpdt-bc-F44336 wpdt-tc-FFFFFF wpdt-merged-cell\"\n                     colspan=\"2\"  rowspan=\"1\"                     data-cell-id=\"A1\"\n                    data-col-index=\"0\"\n                    data-row-index=\"0\"\n                    style=\" width:100%;                    padding:10px;                    \"\n                    >\n                                        Lien espagnol                    <\/td>\n                                                    <\/tr>\n                            <tr class=\"wpdt-cell-row\" >\n                                <td class=\"wpdt-cell  wpdt-merged-cell\"\n                     colspan=\"1\"  rowspan=\"2\"                     data-cell-id=\"A2\"\n                    data-col-index=\"0\"\n                    data-row-index=\"1\"\n                    style=\"                    padding:10px;                    \"\n                    >\n                                        Taille                    <\/td>\n                                                <td class=\"wpdt-cell\"\n                                            data-cell-id=\"B2\"\n                    data-col-index=\"1\"\n                    data-row-index=\"1\"\n                    style=\"                    padding:10px;                    \"\n                    >\n                                        DIA                    <\/td>\n                                        <\/tr>\n                            <tr class=\"wpdt-cell-row\" >\n                                            <td class=\"wpdt-cell\"\n                                            data-cell-id=\"B3\"\n                    data-col-index=\"1\"\n                    data-row-index=\"2\"\n                    style=\"                    padding:10px;                    \"\n                    >\n                                        mm                    <\/td>\n                                        <\/tr>\n                            <tr class=\"wpdt-cell-row\" >\n                                <td class=\"wpdt-cell wpdt-bc-F44336 wpdt-tc-FFFFFF\"\n                                            data-cell-id=\"A4\"\n                    data-col-index=\"0\"\n                    data-row-index=\"3\"\n                    style=\"                    padding:10px;                    \"\n                    >\n                                        SQ-20                    <\/td>\n                                                <td class=\"wpdt-cell wpdt-bc-F44336 wpdt-tc-FFFFFF\"\n                                            data-cell-id=\"B4\"\n                    data-col-index=\"1\"\n                    data-row-index=\"3\"\n                    style=\"                    padding:10px;                    \"\n                    >\n                                        2.0                    <\/td>\n                                        <\/tr>\n                            <tr class=\"wpdt-cell-row\" >\n                                <td class=\"wpdt-cell\"\n                                            data-cell-id=\"A5\"\n                    data-col-index=\"0\"\n                    data-row-index=\"4\"\n                    style=\"                    padding:10px;                    \"\n                    >\n                                        SQ-40                    <\/td>\n                                                <td class=\"wpdt-cell\"\n                                            data-cell-id=\"B5\"\n                    data-col-index=\"1\"\n                    data-row-index=\"4\"\n                    style=\"                    padding:10px;                    \"\n                    >\n                                        4.0                    <\/td>\n                                        <\/tr>\n                    <\/table>\n<\/div><style id='wpdt-custom-style-22'>\n.wpdt-bc-F44336 { background-color: #F44336 !important;}\n.wpdt-tc-FFFFFF { color: #FFFFFF !important;}\n<\/style>\n\n<h2 data-sourcepos=\"3:1-3:76\">Cha\u00eene espagnole : Un m\u00e9lange parfait de classique et de moderne<\/h2>\n<p data-sourcepos=\"7:1-7:373\">La cha\u00eene espagnole, qui tire son nom de son origine en Espagne, est un type de cha\u00eene au motif de tissage unique. Son design s'inspire de l'artisanat et de la culture espagnols traditionnels, m\u00ealant l'esth\u00e9tique classique aux \u00e9l\u00e9ments de la mode moderne.<\/p>\n<h3 data-sourcepos=\"5:1-5:28\">Qu'est-ce qu'une cha\u00eene espagnole ?<\/h3>\n<h3 data-sourcepos=\"9:1-9:37\">Caract\u00e9ristiques des cha\u00eenes espagnoles<\/h3>\n<ul data-sourcepos=\"11:1-15:0\">\n<li data-sourcepos=\"11:1-11:146\"><strong>Des motifs de tissage uniques :<\/strong> Les cha\u00eenes espagnoles pr\u00e9sentent des motifs de tissage complexes et vari\u00e9s, chacun ayant sa propre signification historique et culturelle.<\/li>\n<li data-sourcepos=\"12:1-12:111\"><strong>Mat\u00e9riaux pr\u00e9cieux :<\/strong> Ils sont souvent fabriqu\u00e9s \u00e0 partir de m\u00e9taux pr\u00e9cieux tels que l'argent et l'or, ce qui est un gage de haute qualit\u00e9.<\/li>\n<li data-sourcepos=\"13:1-13:100\"><strong>Design classique :<\/strong> Alliant l'esth\u00e9tique classique aux \u00e9l\u00e9ments de la mode moderne, ils sont intemporels.<\/li>\n<\/ul>\n<h3 data-sourcepos=\"16:1-16:27\">Types de cha\u00eenes espagnoles<\/h3>\n<p data-sourcepos=\"18:1-18:77\">Il existe une grande vari\u00e9t\u00e9 de cha\u00eenes espagnoles, class\u00e9es en fonction de leur mode de tissage :<\/p>\n<ul data-sourcepos=\"20:1-24:0\">\n<li data-sourcepos=\"20:1-20:96\"><strong>Cha\u00eene en queue de poisson :<\/strong> Avec un motif de tissage en forme d'\u00e9caille, il ressemble \u00e0 une queue de poisson par son agilit\u00e9.<\/li>\n<li data-sourcepos=\"21:1-21:88\"><strong>Cha\u00eene en serpent :<\/strong> Dot\u00e9 d'un motif de tissage en forme de serpent, il est flexible et r\u00e9sistant.<\/li>\n<li data-sourcepos=\"22:1-22:78\"><strong>Cha\u00eene de la bo\u00eete :<\/strong> Avec ses maillons carr\u00e9s \u00e9troitement reli\u00e9s, il forme une cha\u00eene solide.<\/li>\n<li data-sourcepos=\"23:1-24:0\"><strong>Cha\u00eene du bl\u00e9 :<\/strong> Compos\u00e9 de petits maillons en forme de grains, il est d\u00e9licat et complexe.<\/li>\n<\/ul>\n<h3 data-sourcepos=\"25:1-25:29\">Entretien des cha\u00eenes espagnoles<\/h3>\n<ul data-sourcepos=\"27:1-30:0\">\n<li data-sourcepos=\"27:1-27:119\"><strong>\u00c9viter les produits chimiques :<\/strong> Gardez votre cha\u00eene espagnole \u00e0 l'\u00e9cart des parfums, des cosm\u00e9tiques et d'autres produits chimiques pour \u00e9viter la corrosion.<\/li>\n<li data-sourcepos=\"28:1-28:111\"><strong>Nettoyage r\u00e9gulier :<\/strong> Nettoyez r\u00e9guli\u00e8rement votre cha\u00eene \u00e0 l'aide d'un chiffon doux et d'un d\u00e9tergent doux afin d'en pr\u00e9server l'\u00e9clat.<\/li>\n<\/ul>\n<h3 data-sourcepos=\"31:1-31:26\">Cha\u00eenes espagnoles<\/h3>\n<ul data-sourcepos=\"35:1-38:0\">\n<li data-sourcepos=\"35:1-35:80\"><strong>Tenue d\u00e9contract\u00e9e :<\/strong> Associez-le \u00e0 un simple pendentif pour un look d\u00e9contract\u00e9 et tendance.<\/li>\n<li data-sourcepos=\"36:1-36:84\"><strong>Occasions formelles :<\/strong> Associez-le \u00e0 un pendentif \u00e9l\u00e9gant pour une apparence sophistiqu\u00e9e.<\/li>\n<li data-sourcepos=\"37:1-38:0\"><strong>Superposition :<\/strong> Superposez d'autres colliers pour ajouter de la dimension.<\/li>\n<\/ul>\n<h3 data-sourcepos=\"39:1-39:43\">Importance culturelle des cha\u00eenes espagnoles<\/h3>\n<p data-sourcepos=\"41:1-41:197\">Les cha\u00eenes espagnoles sont plus que de simples accessoires ; elles sont porteuses de l'h\u00e9ritage culturel de l'Espagne. Leurs motifs de tissage et leurs styles de conception uniques refl\u00e8tent l'esth\u00e9tique et le mode de vie du peuple espagnol.<\/p>\n<h3 data-sourcepos=\"43:1-43:14\">Conclusion<\/h3>\n<p data-sourcepos=\"45:1-45:187\">Gr\u00e2ce \u00e0 leur charme unique et \u00e0 leur riche h\u00e9ritage culturel, les cha\u00eenes espagnoles sont de plus en plus populaires. Qu'il s'agisse d'une collection personnelle ou d'un cadeau, les cha\u00eenes espagnoles sont un excellent choix.<\/p>","protected":false},"excerpt":{"rendered":"<table class=\"aligncenter\" style=\"border-collapse: collapse; width: 700px; height: 194px;\" border=\"0\" width=\"810\" cellspacing=\"0\" cellpadding=\"0\">\n<tbody>\n<tr style=\"height: 36.25pt;\">\n<td class=\"et2\" style=\"height: 73.35pt; width: 303.75pt;\" rowspan=\"2\" width=\"405\" height=\"97\"><span class=\"font3\">Taille<\/span><\/td>\n<td class=\"et3\" style=\"width: 303.75pt;\" width=\"405\"><span class=\"font3\">DIA<\/span><\/td>\n<\/tr>\n<tr style=\"height: 37.10pt;\">\n<td class=\"et3\" style=\"width: 303.75pt;\" width=\"405\"><span class=\"font4\">mm<\/span><\/td>\n<\/tr>\n<tr style=\"height: 36.00pt;\">\n<td class=\"et4\" style=\"height: 36.00pt; width: 303.75pt;\" width=\"405\" height=\"48\"><span class=\"font3\">SQ-20<\/span><\/td>\n<td class=\"et5\" style=\"width: 303.75pt;\" width=\"405\">2.0<\/td>\n<\/tr>\n<tr style=\"height: 36.75pt;\">\n<td class=\"et2\" style=\"height: 36.75pt; width: 303.75pt;\" width=\"405\" height=\"49\"><span class=\"font3\">SQ-40<\/span><\/td>\n<td class=\"et6\" style=\"width: 303.75pt;\" width=\"405\">4.0<\/td>\n<\/tr>\n<\/tbody>\n<\/table>","protected":false},"featured_media":1845,"template":"","meta":{"site-sidebar-layout":"default","site-content-layout":"","ast-site-content-layout":"default","site-content-style":"default","site-sidebar-style":"default","ast-global-header-display":"","ast-banner-title-visibility":"","ast-main-header-display":"","ast-hfb-above-header-display":"","ast-hfb-below-header-display":"","ast-hfb-mobile-header-display":"","site-post-title":"","ast-breadcrumbs-content":"","ast-featured-img":"","footer-sml-layout":"","theme-transparent-header-meta":"default","adv-header-id-meta":"","stick-header-meta":"","header-above-stick-meta":"","header-main-stick-meta":"","header-below-stick-meta":"","astra-migrate-meta-layouts":"set","ast-page-background-enabled":"default","ast-page-background-meta":{"desktop":{"background-color":"","background-image":"","background-repeat":"repeat","background-position":"center center","background-size":"auto","background-attachment":"scroll","background-type":"","background-media":"","overlay-type":"","overlay-color":"","overlay-opacity":"","overlay-gradient":""},"tablet":{"background-color":"","background-image":"","background-repeat":"repeat","background-position":"center center","background-size":"auto","background-attachment":"scroll","background-type":"","background-media":"","overlay-type":"","overlay-color":"","overlay-opacity":"","overlay-gradient":""},"mobile":{"background-color":"","background-image":"","background-repeat":"repeat","background-position":"center center","background-size":"auto","background-attachment":"scroll","background-type":"","background-media":"","overlay-type":"","overlay-color":"","overlay-opacity":"","overlay-gradient":""}},"ast-content-background-meta":{"desktop":{"background-color":"var(--ast-global-color-5)","background-image":"","background-repeat":"repeat","background-position":"center center","background-size":"auto","background-attachment":"scroll","background-type":"","background-media":"","overlay-type":"","overlay-color":"","overlay-opacity":"","overlay-gradient":""},"tablet":{"background-color":"var(--ast-global-color-5)","background-image":"","background-repeat":"repeat","background-position":"center center","background-size":"auto","background-attachment":"scroll","background-type":"","background-media":"","overlay-type":"","overlay-color":"","overlay-opacity":"","overlay-gradient":""},"mobile":{"background-color":"var(--ast-global-color-5)","background-image":"","background-repeat":"repeat","background-position":"center center","background-size":"auto","background-attachment":"scroll","background-type":"","background-media":"","overlay-type":"","overlay-color":"","overlay-opacity":"","overlay-gradient":""}}},"product_brand":[],"product_cat":[44],"product_tag":[],"class_list":{"0":"post-800","1":"product","2":"type-product","3":"status-publish","4":"has-post-thumbnail","6":"product_cat-other-chain","7":"desktop-align-center","8":"tablet-align-left","9":"mobile-align-left","11":"first","12":"instock","13":"shipping-taxable","14":"product-type-simple"},"yoast_head":"<!-- This site is optimized with the Yoast SEO plugin v25.9 - https:\/\/yoast.com\/wordpress\/plugins\/seo\/ -->\n<title>Spanish Chain - chains manufacturer<\/title>\n<meta name=\"description\" content=\"Spanish Chain: Unique weaving craftsmanship creates personalized fashion accessories, highlighting your unique taste.\" \/>\n<meta name=\"robots\" content=\"index, follow, max-snippet:-1, max-image-preview:large, max-video-preview:-1\" \/>\n<link rel=\"canonical\" href=\"https:\/\/chainsmanufacturer.com\/fr\/produit\/spanish-chain\/\" \/>\n<meta property=\"og:locale\" content=\"fr_FR\" \/>\n<meta property=\"og:type\" content=\"article\" \/>\n<meta property=\"og:title\" content=\"Spanish Chain - chains manufacturer\" \/>\n<meta property=\"og:description\" content=\"Spanish Chain: Unique weaving craftsmanship creates personalized fashion accessories, highlighting your unique taste.\" \/>\n<meta property=\"og:url\" content=\"https:\/\/chainsmanufacturer.com\/fr\/produit\/spanish-chain\/\" \/>\n<meta property=\"og:site_name\" content=\"chains manufacturer\" \/>\n<meta property=\"article:modified_time\" content=\"2025-01-07T07:30:05+00:00\" \/>\n<meta property=\"og:image\" content=\"https:\/\/chainsmanufacturer.com\/wp-content\/uploads\/2023\/11\/Spanish-Chain-1-2.jpg\" \/>\n\t<meta property=\"og:image:width\" content=\"800\" \/>\n\t<meta property=\"og:image:height\" content=\"599\" \/>\n\t<meta property=\"og:image:type\" content=\"image\/jpeg\" \/>\n<meta name=\"twitter:card\" content=\"summary_large_image\" \/>\n<meta name=\"twitter:label1\" content=\"Dur\u00e9e de lecture estim\u00e9e\" \/>\n\t<meta name=\"twitter:data1\" content=\"2 minutes\" \/>\n<script type=\"application\/ld+json\" class=\"yoast-schema-graph\">{\"@context\":\"https:\/\/schema.org\",\"@graph\":[{\"@type\":\"WebPage\",\"@id\":\"https:\/\/chainsmanufacturer.com\/product\/spanish-chain\/\",\"url\":\"https:\/\/chainsmanufacturer.com\/product\/spanish-chain\/\",\"name\":\"Spanish Chain - chains manufacturer\",\"isPartOf\":{\"@id\":\"https:\/\/chainsmanufacturer.com\/#website\"},\"primaryImageOfPage\":{\"@id\":\"https:\/\/chainsmanufacturer.com\/product\/spanish-chain\/#primaryimage\"},\"image\":{\"@id\":\"https:\/\/chainsmanufacturer.com\/product\/spanish-chain\/#primaryimage\"},\"thumbnailUrl\":\"https:\/\/chainsmanufacturer.com\/wp-content\/uploads\/2023\/11\/Spanish-Chain-1-2.jpg\",\"datePublished\":\"2023-11-24T08:13:14+00:00\",\"dateModified\":\"2025-01-07T07:30:05+00:00\",\"description\":\"Spanish Chain: Unique weaving craftsmanship creates personalized fashion accessories, highlighting your unique taste.\",\"breadcrumb\":{\"@id\":\"https:\/\/chainsmanufacturer.com\/product\/spanish-chain\/#breadcrumb\"},\"inLanguage\":\"fr-FR\",\"potentialAction\":[{\"@type\":\"ReadAction\",\"target\":[\"https:\/\/chainsmanufacturer.com\/product\/spanish-chain\/\"]}]},{\"@type\":\"ImageObject\",\"inLanguage\":\"fr-FR\",\"@id\":\"https:\/\/chainsmanufacturer.com\/product\/spanish-chain\/#primaryimage\",\"url\":\"https:\/\/chainsmanufacturer.com\/wp-content\/uploads\/2023\/11\/Spanish-Chain-1-2.jpg\",\"contentUrl\":\"https:\/\/chainsmanufacturer.com\/wp-content\/uploads\/2023\/11\/Spanish-Chain-1-2.jpg\",\"width\":800,\"height\":599,\"caption\":\"Spanish Link (1)\"},{\"@type\":\"BreadcrumbList\",\"@id\":\"https:\/\/chainsmanufacturer.com\/product\/spanish-chain\/#breadcrumb\",\"itemListElement\":[{\"@type\":\"ListItem\",\"position\":1,\"name\":\"\u9996\u9875\",\"item\":\"https:\/\/chainsmanufacturer.com\/\"},{\"@type\":\"ListItem\",\"position\":2,\"name\":\"\u4ea7\u54c1\",\"item\":\"https:\/\/chainsmanufacturer.com\/shop\/\"},{\"@type\":\"ListItem\",\"position\":3,\"name\":\"Spanish Chain\"}]},{\"@type\":\"WebSite\",\"@id\":\"https:\/\/chainsmanufacturer.com\/#website\",\"url\":\"https:\/\/chainsmanufacturer.com\/\",\"name\":\"chains manufacturer\",\"description\":\"chains manufacturer\",\"publisher\":{\"@id\":\"https:\/\/chainsmanufacturer.com\/#organization\"},\"potentialAction\":[{\"@type\":\"SearchAction\",\"target\":{\"@type\":\"EntryPoint\",\"urlTemplate\":\"https:\/\/chainsmanufacturer.com\/?s={search_term_string}\"},\"query-input\":{\"@type\":\"PropertyValueSpecification\",\"valueRequired\":true,\"valueName\":\"search_term_string\"}}],\"inLanguage\":\"fr-FR\"},{\"@type\":\"Organization\",\"@id\":\"https:\/\/chainsmanufacturer.com\/#organization\",\"name\":\"chains manufacturer\",\"url\":\"https:\/\/chainsmanufacturer.com\/\",\"logo\":{\"@type\":\"ImageObject\",\"inLanguage\":\"fr-FR\",\"@id\":\"https:\/\/chainsmanufacturer.com\/#\/schema\/logo\/image\/\",\"url\":\"https:\/\/chainsmanufacturer.com\/wp-content\/uploads\/2023\/11\/logo.png\",\"contentUrl\":\"https:\/\/chainsmanufacturer.com\/wp-content\/uploads\/2023\/11\/logo.png\",\"width\":180,\"height\":60,\"caption\":\"chains manufacturer\"},\"image\":{\"@id\":\"https:\/\/chainsmanufacturer.com\/#\/schema\/logo\/image\/\"}}]}<\/script>\n<!-- \/ Yoast SEO plugin. -->","yoast_head_json":{"title":"Spanish Chain - chains manufacturer","description":"Spanish Chain: Unique weaving craftsmanship creates personalized fashion accessories, highlighting your unique taste.","robots":{"index":"index","follow":"follow","max-snippet":"max-snippet:-1","max-image-preview":"max-image-preview:large","max-video-preview":"max-video-preview:-1"},"canonical":"https:\/\/chainsmanufacturer.com\/fr\/produit\/spanish-chain\/","og_locale":"fr_FR","og_type":"article","og_title":"Spanish Chain - chains manufacturer","og_description":"Spanish Chain: Unique weaving craftsmanship creates personalized fashion accessories, highlighting your unique taste.","og_url":"https:\/\/chainsmanufacturer.com\/fr\/produit\/spanish-chain\/","og_site_name":"chains manufacturer","article_modified_time":"2025-01-07T07:30:05+00:00","og_image":[{"width":800,"height":599,"url":"https:\/\/chainsmanufacturer.com\/wp-content\/uploads\/2023\/11\/Spanish-Chain-1-2.jpg","type":"image\/jpeg"}],"twitter_card":"summary_large_image","twitter_misc":{"Dur\u00e9e de lecture estim\u00e9e":"2 minutes"},"schema":{"@context":"https:\/\/schema.org","@graph":[{"@type":"WebPage","@id":"https:\/\/chainsmanufacturer.com\/product\/spanish-chain\/","url":"https:\/\/chainsmanufacturer.com\/product\/spanish-chain\/","name":"Spanish Chain - chains manufacturer","isPartOf":{"@id":"https:\/\/chainsmanufacturer.com\/#website"},"primaryImageOfPage":{"@id":"https:\/\/chainsmanufacturer.com\/product\/spanish-chain\/#primaryimage"},"image":{"@id":"https:\/\/chainsmanufacturer.com\/product\/spanish-chain\/#primaryimage"},"thumbnailUrl":"https:\/\/chainsmanufacturer.com\/wp-content\/uploads\/2023\/11\/Spanish-Chain-1-2.jpg","datePublished":"2023-11-24T08:13:14+00:00","dateModified":"2025-01-07T07:30:05+00:00","description":"Spanish Chain: Unique weaving craftsmanship creates personalized fashion accessories, highlighting your unique taste.","breadcrumb":{"@id":"https:\/\/chainsmanufacturer.com\/product\/spanish-chain\/#breadcrumb"},"inLanguage":"fr-FR","potentialAction":[{"@type":"ReadAction","target":["https:\/\/chainsmanufacturer.com\/product\/spanish-chain\/"]}]},{"@type":"ImageObject","inLanguage":"fr-FR","@id":"https:\/\/chainsmanufacturer.com\/product\/spanish-chain\/#primaryimage","url":"https:\/\/chainsmanufacturer.com\/wp-content\/uploads\/2023\/11\/Spanish-Chain-1-2.jpg","contentUrl":"https:\/\/chainsmanufacturer.com\/wp-content\/uploads\/2023\/11\/Spanish-Chain-1-2.jpg","width":800,"height":599,"caption":"Spanish Link (1)"},{"@type":"BreadcrumbList","@id":"https:\/\/chainsmanufacturer.com\/product\/spanish-chain\/#breadcrumb","itemListElement":[{"@type":"ListItem","position":1,"name":"\u9996\u9875","item":"https:\/\/chainsmanufacturer.com\/"},{"@type":"ListItem","position":2,"name":"\u4ea7\u54c1","item":"https:\/\/chainsmanufacturer.com\/shop\/"},{"@type":"ListItem","position":3,"name":"Spanish Chain"}]},{"@type":"WebSite","@id":"https:\/\/chainsmanufacturer.com\/#website","url":"https:\/\/chainsmanufacturer.com\/","name":"fabricant de cha\u00eenes","description":"fabricant de cha\u00eenes","publisher":{"@id":"https:\/\/chainsmanufacturer.com\/#organization"},"potentialAction":[{"@type":"SearchAction","target":{"@type":"EntryPoint","urlTemplate":"https:\/\/chainsmanufacturer.com\/?s={search_term_string}"},"query-input":{"@type":"PropertyValueSpecification","valueRequired":true,"valueName":"search_term_string"}}],"inLanguage":"fr-FR"},{"@type":"Organization","@id":"https:\/\/chainsmanufacturer.com\/#organization","name":"fabricant de cha\u00eenes","url":"https:\/\/chainsmanufacturer.com\/","logo":{"@type":"ImageObject","inLanguage":"fr-FR","@id":"https:\/\/chainsmanufacturer.com\/#\/schema\/logo\/image\/","url":"https:\/\/chainsmanufacturer.com\/wp-content\/uploads\/2023\/11\/logo.png","contentUrl":"https:\/\/chainsmanufacturer.com\/wp-content\/uploads\/2023\/11\/logo.png","width":180,"height":60,"caption":"chains manufacturer"},"image":{"@id":"https:\/\/chainsmanufacturer.com\/#\/schema\/logo\/image\/"}}]}},"_links":{"self":[{"href":"https:\/\/chainsmanufacturer.com\/fr\/wp-json\/wp\/v2\/product\/800","targetHints":{"allow":["GET"]}}],"collection":[{"href":"https:\/\/chainsmanufacturer.com\/fr\/wp-json\/wp\/v2\/product"}],"about":[{"href":"https:\/\/chainsmanufacturer.com\/fr\/wp-json\/wp\/v2\/types\/product"}],"wp:featuredmedia":[{"embeddable":true,"href":"https:\/\/chainsmanufacturer.com\/fr\/wp-json\/wp\/v2\/media\/1845"}],"wp:attachment":[{"href":"https:\/\/chainsmanufacturer.com\/fr\/wp-json\/wp\/v2\/media?parent=800"}],"wp:term":[{"taxonomy":"product_brand","embeddable":true,"href":"https:\/\/chainsmanufacturer.com\/fr\/wp-json\/wp\/v2\/product_brand?post=800"},{"taxonomy":"product_cat","embeddable":true,"href":"https:\/\/chainsmanufacturer.com\/fr\/wp-json\/wp\/v2\/product_cat?post=800"},{"taxonomy":"product_tag","embeddable":true,"href":"https:\/\/chainsmanufacturer.com\/fr\/wp-json\/wp\/v2\/product_tag?post=800"}],"curies":[{"name":"wp","href":"https:\/\/api.w.org\/{rel}","templated":true}]}}