{"id":761,"date":"2023-11-24T07:06:10","date_gmt":"2023-11-24T07:06:10","guid":{"rendered":"https:\/\/chainsmanufacturer.com\/?post_type=product&#038;p=761"},"modified":"2025-01-07T08:39:19","modified_gmt":"2025-01-07T08:39:19","slug":"dimpled-chain","status":"publish","type":"product","link":"https:\/\/chainsmanufacturer.com\/fr\/produit\/dimpled-chain\/","title":{"rendered":"Cha\u00eene \u00e0 fossettes"},"content":{"rendered":"<h3 class=\"wpdt-c\"\n        id=\"wdt-table-title-13\">Cha\u00eene \u00e0 fossettes<\/h3>\n<div class=\"wpdt-c row wpDataTableContainerSimpleTable wpDataTables wpDataTablesWrapper\"\n    >\n        <table id=\"wpdtSimpleTable-13\"\n           style=\"border-collapse:collapse;                   border-spacing:0px;\"\n           class=\"wpdtSimpleTable wpDataTable\"\n           data-column=\"2\"\n           data-rows=\"6\"\n           data-wpid=\"13\"\n           data-responsive=\"0\"\n           data-has-header=\"0\">\n\n                    <tbody>        <tr class=\"wpdt-cell-row\" >\n                                <td class=\"wpdt-cell wpdt-bc-F44336 wpdt-tc-FFFFFF wpdt-merged-cell\"\n                     colspan=\"2\"  rowspan=\"1\"                     data-cell-id=\"A1\"\n                    data-col-index=\"0\"\n                    data-row-index=\"0\"\n                    style=\" width:100%;                    padding:10px;                    \"\n                    >\n                                        Cha\u00eene \u00e0 fossettes                    <\/td>\n                                                    <\/tr>\n                            <tr class=\"wpdt-cell-row\" >\n                                <td class=\"wpdt-cell  wpdt-merged-cell\"\n                     colspan=\"1\"  rowspan=\"2\"                     data-cell-id=\"A2\"\n                    data-col-index=\"0\"\n                    data-row-index=\"1\"\n                    style=\"                    padding:10px;                    \"\n                    >\n                                        Taille                    <\/td>\n                                                <td class=\"wpdt-cell\"\n                                            data-cell-id=\"B2\"\n                    data-col-index=\"1\"\n                    data-row-index=\"1\"\n                    style=\"                    padding:10px;                    \"\n                    >\n                                        Dia.                    <\/td>\n                                        <\/tr>\n                            <tr class=\"wpdt-cell-row\" >\n                                            <td class=\"wpdt-cell\"\n                                            data-cell-id=\"B3\"\n                    data-col-index=\"1\"\n                    data-row-index=\"2\"\n                    style=\"                    padding:10px;                    \"\n                    >\n                                        mm                    <\/td>\n                                        <\/tr>\n                            <tr class=\"wpdt-cell-row\" >\n                                <td class=\"wpdt-cell wpdt-bc-F44336 wpdt-tc-EEEDED\"\n                                            data-cell-id=\"A4\"\n                    data-col-index=\"0\"\n                    data-row-index=\"3\"\n                    style=\"                    padding:10px;                    \"\n                    >\n                                        #40                    <\/td>\n                                                <td class=\"wpdt-cell wpdt-bc-F44336 wpdt-tc-EEEDED\"\n                                            data-cell-id=\"B4\"\n                    data-col-index=\"1\"\n                    data-row-index=\"3\"\n                    style=\"                    padding:10px;                    \"\n                    >\n                                        2.0*2.0                    <\/td>\n                                        <\/tr>\n                            <tr class=\"wpdt-cell-row\" >\n                                <td class=\"wpdt-cell\"\n                                            data-cell-id=\"A5\"\n                    data-col-index=\"0\"\n                    data-row-index=\"4\"\n                    style=\"                    padding:10px;                    \"\n                    >\n                                        #50                    <\/td>\n                                                <td class=\"wpdt-cell\"\n                                            data-cell-id=\"B5\"\n                    data-col-index=\"1\"\n                    data-row-index=\"4\"\n                    style=\"                    padding:10px;                    \"\n                    >\n                                        3.0*3.0                    <\/td>\n                                        <\/tr>\n                            <tr class=\"wpdt-cell-row\" >\n                                <td class=\"wpdt-cell wpdt-bc-F44336 wpdt-tc-FCFCFC\"\n                                            data-cell-id=\"A6\"\n                    data-col-index=\"0\"\n                    data-row-index=\"5\"\n                    style=\"                    padding:10px;                    \"\n                    >\n                                        #60                    <\/td>\n                                                <td class=\"wpdt-cell wpdt-bc-F44336 wpdt-tc-FCFCFC\"\n                                            data-cell-id=\"B6\"\n                    data-col-index=\"1\"\n                    data-row-index=\"5\"\n                    style=\"                    padding:10px;                    \"\n                    >\n                                        4.0*4.0                    <\/td>\n                                        <\/tr>\n                    <\/table>\n<\/div><style id='wpdt-custom-style-13'>\n.wpdt-bc-F44336 { background-color: #F44336 !important;}\n.wpdt-tc-FFFFFF { color: #FFFFFF !important;}\n.wpdt-tc-EEEDED { color: #EEEDED !important;}\n.wpdt-tc-FCFCFC { color: #FCFCFC !important;}\n<\/style>\n\n<p data-sourcepos=\"3:1-3:35\"><strong>Cha\u00eene \u00e0 fossettes : Une tendance intemporelle<\/strong><\/p>\n<p data-sourcepos=\"7:1-7:242\">La cha\u00eene \u00e0 fossettes est un type de cha\u00eene qui pr\u00e9sente de petites indentations ou fossettes sur toute sa longueur. Cette conception unique cr\u00e9e un aspect textur\u00e9 et visuellement attrayant qui en a fait un choix populaire pour les cr\u00e9ateurs de bijoux et les amateurs de mode. Les cha\u00eenes dentel\u00e9es sont disponibles dans une vari\u00e9t\u00e9 de mat\u00e9riaux, notamment l'or, l'argent et l'acier inoxydable. Elles peuvent \u00eatre utilis\u00e9es pour cr\u00e9er des colliers, des bracelets, des boucles d'oreilles et d'autres accessoires. Elles sont souvent associ\u00e9es \u00e0 d'autres \u00e9l\u00e9ments, tels que des perles, des breloques et des pendentifs, pour cr\u00e9er un look plus personnalis\u00e9.<\/p>\n<p data-sourcepos=\"11:1-11:28\"><strong>Histoire de la cha\u00eene \u00e0 fossettes<\/strong><\/p>\n<p data-sourcepos=\"13:1-13:280\">La cha\u00eene a une longue histoire, qui remonte \u00e0 l'\u00c9gypte ancienne. Ces derni\u00e8res ann\u00e9es, elle a connu un regain de popularit\u00e9. Cela est d\u00fb en partie \u00e0 la tendance croissante de la mode vintage. La cha\u00eene est \u00e9galement un choix populaire pour ceux qui recherchent un moyen unique et \u00e9l\u00e9gant d'accessoiriser leurs tenues.<\/p>\n<p data-sourcepos=\"17:1-17:29\"><strong>Avantages de la cha\u00eene<\/strong><\/p>\n<p data-sourcepos=\"19:1-19:162\">La cha\u00eene \u00e0 fossettes pr\u00e9sente un certain nombre d'avantages qui en font un choix populaire pour les cr\u00e9ateurs de bijoux et les amateurs de mode. Voici quelques-uns des avantages de cette cha\u00eene :<\/p>\n<ul data-sourcepos=\"21:1-25:0\">\n<li data-sourcepos=\"21:1-21:94\"><strong>Unique et \u00e9l\u00e9gant :<\/strong> La cha\u00eene \u00e0 fossettes est une fa\u00e7on unique et \u00e9l\u00e9gante d'accessoiriser n'importe quelle tenue.<\/li>\n<li data-sourcepos=\"21:1-21:94\"><strong>Confortable \u00e0 porter :<\/strong> La cha\u00eene est agr\u00e9able \u00e0 porter, m\u00eame pour les personnes \u00e0 la peau sensible.<\/li>\n<\/ul>\n<p data-sourcepos=\"35:1-35:30\"><strong>O\u00f9 acheter la cha\u00eene \u00e0 fossettes<\/strong><\/p>\n<p data-sourcepos=\"37:1-37:169\">La cha\u00eene est disponible aupr\u00e8s de divers d\u00e9taillants, tant en ligne qu'en personne. Vous trouverez des cha\u00eenes \u00e0 fossettes dans les bijouteries, les grands magasins et chez les d\u00e9taillants en ligne.<\/p>\n<p data-sourcepos=\"39:1-39:14\"><a href=\"https:\/\/chainsmanufacturer.com\/fr\/contact\/\"><strong>Conclusion<\/strong><\/a><\/p>\n<p data-sourcepos=\"39:1-39:14\">La cha\u00eene est une tendance intemporelle qui restera certainement populaire dans les ann\u00e9es \u00e0 venir. Son design unique et sa polyvalence en font un choix id\u00e9al pour tous ceux qui souhaitent ajouter une touche de style \u00e0 leur garde-robe.<\/p>","protected":false},"excerpt":{"rendered":"<p>Dimpled Chain: A Timeless Trend Dimpled chain is a type of chain that has small indentations or dimples along its length. This unique design creates a textured and visually appealing look that has made it a popular choice for jewelry designers and fashion enthusiasts alike.\u00a0Indented chains are available in a variety of materials, including gold, [&hellip;]<\/p>","protected":false},"featured_media":1814,"template":"","meta":{"site-sidebar-layout":"default","site-content-layout":"","ast-site-content-layout":"default","site-content-style":"default","site-sidebar-style":"default","ast-global-header-display":"","ast-banner-title-visibility":"","ast-main-header-display":"","ast-hfb-above-header-display":"","ast-hfb-below-header-display":"","ast-hfb-mobile-header-display":"","site-post-title":"","ast-breadcrumbs-content":"","ast-featured-img":"","footer-sml-layout":"","theme-transparent-header-meta":"default","adv-header-id-meta":"","stick-header-meta":"","header-above-stick-meta":"","header-main-stick-meta":"","header-below-stick-meta":"","astra-migrate-meta-layouts":"set","ast-page-background-enabled":"default","ast-page-background-meta":{"desktop":{"background-color":"","background-image":"","background-repeat":"repeat","background-position":"center center","background-size":"auto","background-attachment":"scroll","background-type":"","background-media":"","overlay-type":"","overlay-color":"","overlay-opacity":"","overlay-gradient":""},"tablet":{"background-color":"","background-image":"","background-repeat":"repeat","background-position":"center center","background-size":"auto","background-attachment":"scroll","background-type":"","background-media":"","overlay-type":"","overlay-color":"","overlay-opacity":"","overlay-gradient":""},"mobile":{"background-color":"","background-image":"","background-repeat":"repeat","background-position":"center center","background-size":"auto","background-attachment":"scroll","background-type":"","background-media":"","overlay-type":"","overlay-color":"","overlay-opacity":"","overlay-gradient":""}},"ast-content-background-meta":{"desktop":{"background-color":"var(--ast-global-color-5)","background-image":"","background-repeat":"repeat","background-position":"center center","background-size":"auto","background-attachment":"scroll","background-type":"","background-media":"","overlay-type":"","overlay-color":"","overlay-opacity":"","overlay-gradient":""},"tablet":{"background-color":"var(--ast-global-color-5)","background-image":"","background-repeat":"repeat","background-position":"center center","background-size":"auto","background-attachment":"scroll","background-type":"","background-media":"","overlay-type":"","overlay-color":"","overlay-opacity":"","overlay-gradient":""},"mobile":{"background-color":"var(--ast-global-color-5)","background-image":"","background-repeat":"repeat","background-position":"center center","background-size":"auto","background-attachment":"scroll","background-type":"","background-media":"","overlay-type":"","overlay-color":"","overlay-opacity":"","overlay-gradient":""}}},"product_brand":[],"product_cat":[24],"product_tag":[],"class_list":{"0":"post-761","1":"product","2":"type-product","3":"status-publish","4":"has-post-thumbnail","6":"product_cat-weldless-chain","7":"desktop-align-center","8":"tablet-align-left","9":"mobile-align-left","11":"first","12":"instock","13":"shipping-taxable","14":"product-type-simple"},"yoast_head":"<!-- This site is optimized with the Yoast SEO plugin v25.9 - https:\/\/yoast.com\/wordpress\/plugins\/seo\/ -->\n<title>Dimpled Chain - chains manufacturer<\/title>\n<meta name=\"description\" content=\"Heavy-duty dimpled chain designed for maximum strength and durability. Ideal for construction, lifting, and towing applications.\" \/>\n<meta name=\"robots\" content=\"index, follow, max-snippet:-1, max-image-preview:large, max-video-preview:-1\" \/>\n<link rel=\"canonical\" href=\"https:\/\/chainsmanufacturer.com\/fr\/produit\/dimpled-chain\/\" \/>\n<meta property=\"og:locale\" content=\"fr_FR\" \/>\n<meta property=\"og:type\" content=\"article\" \/>\n<meta property=\"og:title\" content=\"Dimpled Chain - chains manufacturer\" \/>\n<meta property=\"og:description\" content=\"Heavy-duty dimpled chain designed for maximum strength and durability. Ideal for construction, lifting, and towing applications.\" \/>\n<meta property=\"og:url\" content=\"https:\/\/chainsmanufacturer.com\/fr\/produit\/dimpled-chain\/\" \/>\n<meta property=\"og:site_name\" content=\"chains manufacturer\" \/>\n<meta property=\"article:modified_time\" content=\"2025-01-07T08:39:19+00:00\" \/>\n<meta property=\"og:image\" content=\"https:\/\/chainsmanufacturer.com\/wp-content\/uploads\/2023\/11\/Dimpled-Chain-1-1.jpg\" \/>\n\t<meta property=\"og:image:width\" content=\"800\" \/>\n\t<meta property=\"og:image:height\" content=\"600\" \/>\n\t<meta property=\"og:image:type\" content=\"image\/jpeg\" \/>\n<meta name=\"twitter:card\" content=\"summary_large_image\" \/>\n<meta name=\"twitter:label1\" content=\"Dur\u00e9e de lecture estim\u00e9e\" \/>\n\t<meta name=\"twitter:data1\" content=\"2 minutes\" \/>\n<script type=\"application\/ld+json\" class=\"yoast-schema-graph\">{\"@context\":\"https:\/\/schema.org\",\"@graph\":[{\"@type\":\"WebPage\",\"@id\":\"https:\/\/chainsmanufacturer.com\/product\/dimpled-chain\/\",\"url\":\"https:\/\/chainsmanufacturer.com\/product\/dimpled-chain\/\",\"name\":\"Dimpled Chain - chains manufacturer\",\"isPartOf\":{\"@id\":\"https:\/\/chainsmanufacturer.com\/#website\"},\"primaryImageOfPage\":{\"@id\":\"https:\/\/chainsmanufacturer.com\/product\/dimpled-chain\/#primaryimage\"},\"image\":{\"@id\":\"https:\/\/chainsmanufacturer.com\/product\/dimpled-chain\/#primaryimage\"},\"thumbnailUrl\":\"https:\/\/chainsmanufacturer.com\/wp-content\/uploads\/2023\/11\/Dimpled-Chain-1-1.jpg\",\"datePublished\":\"2023-11-24T07:06:10+00:00\",\"dateModified\":\"2025-01-07T08:39:19+00:00\",\"description\":\"Heavy-duty dimpled chain designed for maximum strength and durability. Ideal for construction, lifting, and towing applications.\",\"breadcrumb\":{\"@id\":\"https:\/\/chainsmanufacturer.com\/product\/dimpled-chain\/#breadcrumb\"},\"inLanguage\":\"fr-FR\",\"potentialAction\":[{\"@type\":\"ReadAction\",\"target\":[\"https:\/\/chainsmanufacturer.com\/product\/dimpled-chain\/\"]}]},{\"@type\":\"ImageObject\",\"inLanguage\":\"fr-FR\",\"@id\":\"https:\/\/chainsmanufacturer.com\/product\/dimpled-chain\/#primaryimage\",\"url\":\"https:\/\/chainsmanufacturer.com\/wp-content\/uploads\/2023\/11\/Dimpled-Chain-1-1.jpg\",\"contentUrl\":\"https:\/\/chainsmanufacturer.com\/wp-content\/uploads\/2023\/11\/Dimpled-Chain-1-1.jpg\",\"width\":800,\"height\":600,\"caption\":\"Dimpled Chain (1)\"},{\"@type\":\"BreadcrumbList\",\"@id\":\"https:\/\/chainsmanufacturer.com\/product\/dimpled-chain\/#breadcrumb\",\"itemListElement\":[{\"@type\":\"ListItem\",\"position\":1,\"name\":\"\u9996\u9875\",\"item\":\"https:\/\/chainsmanufacturer.com\/\"},{\"@type\":\"ListItem\",\"position\":2,\"name\":\"\u4ea7\u54c1\",\"item\":\"https:\/\/chainsmanufacturer.com\/shop\/\"},{\"@type\":\"ListItem\",\"position\":3,\"name\":\"Dimpled Chain\"}]},{\"@type\":\"WebSite\",\"@id\":\"https:\/\/chainsmanufacturer.com\/#website\",\"url\":\"https:\/\/chainsmanufacturer.com\/\",\"name\":\"chains manufacturer\",\"description\":\"chains manufacturer\",\"publisher\":{\"@id\":\"https:\/\/chainsmanufacturer.com\/#organization\"},\"potentialAction\":[{\"@type\":\"SearchAction\",\"target\":{\"@type\":\"EntryPoint\",\"urlTemplate\":\"https:\/\/chainsmanufacturer.com\/?s={search_term_string}\"},\"query-input\":{\"@type\":\"PropertyValueSpecification\",\"valueRequired\":true,\"valueName\":\"search_term_string\"}}],\"inLanguage\":\"fr-FR\"},{\"@type\":\"Organization\",\"@id\":\"https:\/\/chainsmanufacturer.com\/#organization\",\"name\":\"chains manufacturer\",\"url\":\"https:\/\/chainsmanufacturer.com\/\",\"logo\":{\"@type\":\"ImageObject\",\"inLanguage\":\"fr-FR\",\"@id\":\"https:\/\/chainsmanufacturer.com\/#\/schema\/logo\/image\/\",\"url\":\"https:\/\/chainsmanufacturer.com\/wp-content\/uploads\/2023\/11\/logo.png\",\"contentUrl\":\"https:\/\/chainsmanufacturer.com\/wp-content\/uploads\/2023\/11\/logo.png\",\"width\":180,\"height\":60,\"caption\":\"chains manufacturer\"},\"image\":{\"@id\":\"https:\/\/chainsmanufacturer.com\/#\/schema\/logo\/image\/\"}}]}<\/script>\n<!-- \/ Yoast SEO plugin. -->","yoast_head_json":{"title":"Dimpled Chain - chains manufacturer","description":"Heavy-duty dimpled chain designed for maximum strength and durability. Ideal for construction, lifting, and towing applications.","robots":{"index":"index","follow":"follow","max-snippet":"max-snippet:-1","max-image-preview":"max-image-preview:large","max-video-preview":"max-video-preview:-1"},"canonical":"https:\/\/chainsmanufacturer.com\/fr\/produit\/dimpled-chain\/","og_locale":"fr_FR","og_type":"article","og_title":"Dimpled Chain - chains manufacturer","og_description":"Heavy-duty dimpled chain designed for maximum strength and durability. Ideal for construction, lifting, and towing applications.","og_url":"https:\/\/chainsmanufacturer.com\/fr\/produit\/dimpled-chain\/","og_site_name":"chains manufacturer","article_modified_time":"2025-01-07T08:39:19+00:00","og_image":[{"width":800,"height":600,"url":"https:\/\/chainsmanufacturer.com\/wp-content\/uploads\/2023\/11\/Dimpled-Chain-1-1.jpg","type":"image\/jpeg"}],"twitter_card":"summary_large_image","twitter_misc":{"Dur\u00e9e de lecture estim\u00e9e":"2 minutes"},"schema":{"@context":"https:\/\/schema.org","@graph":[{"@type":"WebPage","@id":"https:\/\/chainsmanufacturer.com\/product\/dimpled-chain\/","url":"https:\/\/chainsmanufacturer.com\/product\/dimpled-chain\/","name":"Dimpled Chain - chains manufacturer","isPartOf":{"@id":"https:\/\/chainsmanufacturer.com\/#website"},"primaryImageOfPage":{"@id":"https:\/\/chainsmanufacturer.com\/product\/dimpled-chain\/#primaryimage"},"image":{"@id":"https:\/\/chainsmanufacturer.com\/product\/dimpled-chain\/#primaryimage"},"thumbnailUrl":"https:\/\/chainsmanufacturer.com\/wp-content\/uploads\/2023\/11\/Dimpled-Chain-1-1.jpg","datePublished":"2023-11-24T07:06:10+00:00","dateModified":"2025-01-07T08:39:19+00:00","description":"Heavy-duty dimpled chain designed for maximum strength and durability. Ideal for construction, lifting, and towing applications.","breadcrumb":{"@id":"https:\/\/chainsmanufacturer.com\/product\/dimpled-chain\/#breadcrumb"},"inLanguage":"fr-FR","potentialAction":[{"@type":"ReadAction","target":["https:\/\/chainsmanufacturer.com\/product\/dimpled-chain\/"]}]},{"@type":"ImageObject","inLanguage":"fr-FR","@id":"https:\/\/chainsmanufacturer.com\/product\/dimpled-chain\/#primaryimage","url":"https:\/\/chainsmanufacturer.com\/wp-content\/uploads\/2023\/11\/Dimpled-Chain-1-1.jpg","contentUrl":"https:\/\/chainsmanufacturer.com\/wp-content\/uploads\/2023\/11\/Dimpled-Chain-1-1.jpg","width":800,"height":600,"caption":"Dimpled Chain (1)"},{"@type":"BreadcrumbList","@id":"https:\/\/chainsmanufacturer.com\/product\/dimpled-chain\/#breadcrumb","itemListElement":[{"@type":"ListItem","position":1,"name":"\u9996\u9875","item":"https:\/\/chainsmanufacturer.com\/"},{"@type":"ListItem","position":2,"name":"\u4ea7\u54c1","item":"https:\/\/chainsmanufacturer.com\/shop\/"},{"@type":"ListItem","position":3,"name":"Dimpled Chain"}]},{"@type":"WebSite","@id":"https:\/\/chainsmanufacturer.com\/#website","url":"https:\/\/chainsmanufacturer.com\/","name":"fabricant de cha\u00eenes","description":"fabricant de cha\u00eenes","publisher":{"@id":"https:\/\/chainsmanufacturer.com\/#organization"},"potentialAction":[{"@type":"SearchAction","target":{"@type":"EntryPoint","urlTemplate":"https:\/\/chainsmanufacturer.com\/?s={search_term_string}"},"query-input":{"@type":"PropertyValueSpecification","valueRequired":true,"valueName":"search_term_string"}}],"inLanguage":"fr-FR"},{"@type":"Organization","@id":"https:\/\/chainsmanufacturer.com\/#organization","name":"fabricant de cha\u00eenes","url":"https:\/\/chainsmanufacturer.com\/","logo":{"@type":"ImageObject","inLanguage":"fr-FR","@id":"https:\/\/chainsmanufacturer.com\/#\/schema\/logo\/image\/","url":"https:\/\/chainsmanufacturer.com\/wp-content\/uploads\/2023\/11\/logo.png","contentUrl":"https:\/\/chainsmanufacturer.com\/wp-content\/uploads\/2023\/11\/logo.png","width":180,"height":60,"caption":"chains manufacturer"},"image":{"@id":"https:\/\/chainsmanufacturer.com\/#\/schema\/logo\/image\/"}}]}},"_links":{"self":[{"href":"https:\/\/chainsmanufacturer.com\/fr\/wp-json\/wp\/v2\/product\/761","targetHints":{"allow":["GET"]}}],"collection":[{"href":"https:\/\/chainsmanufacturer.com\/fr\/wp-json\/wp\/v2\/product"}],"about":[{"href":"https:\/\/chainsmanufacturer.com\/fr\/wp-json\/wp\/v2\/types\/product"}],"wp:featuredmedia":[{"embeddable":true,"href":"https:\/\/chainsmanufacturer.com\/fr\/wp-json\/wp\/v2\/media\/1814"}],"wp:attachment":[{"href":"https:\/\/chainsmanufacturer.com\/fr\/wp-json\/wp\/v2\/media?parent=761"}],"wp:term":[{"taxonomy":"product_brand","embeddable":true,"href":"https:\/\/chainsmanufacturer.com\/fr\/wp-json\/wp\/v2\/product_brand?post=761"},{"taxonomy":"product_cat","embeddable":true,"href":"https:\/\/chainsmanufacturer.com\/fr\/wp-json\/wp\/v2\/product_cat?post=761"},{"taxonomy":"product_tag","embeddable":true,"href":"https:\/\/chainsmanufacturer.com\/fr\/wp-json\/wp\/v2\/product_tag?post=761"}],"curies":[{"name":"wp","href":"https:\/\/api.w.org\/{rel}","templated":true}]}}